{"id":750194,"date":"2025-08-28T04:14:19","date_gmt":"2025-08-28T01:14:19","guid":{"rendered":"https:\/\/roveyayinevi.com.tr\/index.php\/urun\/mukemmeller-kulubu\/"},"modified":"2026-04-16T03:03:35","modified_gmt":"2026-04-16T00:03:35","slug":"mukemmeller-kulubu","status":"publish","type":"product","link":"https:\/\/roveyayinevi.com.tr\/index.php\/urun\/mukemmeller-kulubu\/","title":{"rendered":"M\u00fckemmeller Kul\u00fcb\u00fc"},"content":{"rendered":"<p>\u201cSen zay\u0131f de\u011filsin! Herkesten daha g\u00fc\u00e7l\u00fcs\u00fcn. \u00c7\u00fcnk\u00fc sen\u2026 Sen \u015eampiyon\u2019sun!&#8221;&#8221;Ba\u015far\u0131s\u0131zlar Kul\u00fcb\u00fc&#8221; ile ses getiren An\u0131l Bas\u0131l\u0131 bu kitab\u0131yla, ba\u015far\u0131 yar\u0131\u015f\u0131nda en \u00f6nde olmak zorunda hissedenlere odaklan\u0131yor. \u015eampiyon, Nil, S\u00fcpercan, G\u00fc\u00e7l\u00fc&#8230;Ba\u015far\u0131lara doymu\u015f d\u00f6rt \u00e7ocu\u011fun yolu &#8220;M\u00fckemmeller Kul\u00fcb\u00fc&#8221;nde kesi\u015fiyor. Peki, bu kul\u00fcbe kimler kat\u0131labilir? M\u00fckemmel olma \u00e7abas\u0131na sahip herkes! \u0130\u015fte, bu hik\u00e2ye kendilerini derslerde, sporda, sanatta veya akl\u0131m\u0131za gelebilecek her alanda en iyisi oldu\u011funa inand\u0131ranlara uzan\u0131yor.Sen de m\u00fckemmellik yar\u0131\u015f\u0131nda kendini geride kalm\u0131\u015f hissediyorsan bu kitap sana \u201cm\u00fckemmel olmak zorunda de\u011filsin!\u201d diye f\u0131s\u0131ld\u0131yor.<\/p>\n","protected":false},"excerpt":{"rendered":"<p>\u201cSen zay\u0131f de\u011filsin! Herkesten daha g\u00fc\u00e7l\u00fcs\u00fcn. \u00c7\u00fcnk\u00fc sen\u2026 Sen \u015eampiyon\u2019sun!&#8221;&#8221;Ba\u015far\u0131s\u0131zlar Kul\u00fcb\u00fc&#8221; ile ses getiren An\u0131l Bas\u0131l\u0131 bu kitab\u0131yla, ba\u015far\u0131 yar\u0131\u015f\u0131nda en \u00f6nde olmak zorunda hissedenlere odaklan\u0131yor.<span class=\"excerpt-hellip\"> [\u2026]<\/span><\/p>\n","protected":false},"featured_media":0,"template":"","meta":{"_monsterinsights_skip_tracking":false,"_monsterinsights_sitenote_active":false,"_monsterinsights_sitenote_note":"","_monsterinsights_sitenote_category":0},"product_brand":[],"product_cat":[12291,12711],"product_tag":[],"class_list":{"0":"post-750194","1":"product","2":"type-product","3":"status-publish","5":"product_cat-edebiyat","6":"product_cat-roman-oyku","7":"pa_cilt-ciltsiz","8":"pa_tur-kitap","9":"pa_yayinevi-genc-timas","10":"pa_yazar-anil-basili","12":"first","13":"instock","14":"sale","15":"shipping-taxable","16":"purchasable","17":"product-type-simple"},"_links":{"self":[{"href":"https:\/\/roveyayinevi.com.tr\/index.php\/wp-json\/wp\/v2\/product\/750194","targetHints":{"allow":["GET"]}}],"collection":[{"href":"https:\/\/roveyayinevi.com.tr\/index.php\/wp-json\/wp\/v2\/product"}],"about":[{"href":"https:\/\/roveyayinevi.com.tr\/index.php\/wp-json\/wp\/v2\/types\/product"}],"wp:attachment":[{"href":"https:\/\/roveyayinevi.com.tr\/index.php\/wp-json\/wp\/v2\/media?parent=750194"}],"wp:term":[{"taxonomy":"product_brand","embeddable":true,"href":"https:\/\/roveyayinevi.com.tr\/index.php\/wp-json\/wp\/v2\/product_brand?post=750194"},{"taxonomy":"product_cat","embeddable":true,"href":"https:\/\/roveyayinevi.com.tr\/index.php\/wp-json\/wp\/v2\/product_cat?post=750194"},{"taxonomy":"product_tag","embeddable":true,"href":"https:\/\/roveyayinevi.com.tr\/index.php\/wp-json\/wp\/v2\/product_tag?post=750194"}],"curies":[{"name":"wp","href":"https:\/\/api.w.org\/{rel}","templated":true}]}}