{"id":750192,"date":"2025-08-28T04:14:15","date_gmt":"2025-08-28T01:14:15","guid":{"rendered":"https:\/\/roveyayinevi.com.tr\/index.php\/urun\/erling-haaland-o-bir-gol-makinesi\/"},"modified":"2026-04-16T03:03:35","modified_gmt":"2026-04-16T00:03:35","slug":"erling-haaland-o-bir-gol-makinesi","status":"publish","type":"product","link":"https:\/\/roveyayinevi.com.tr\/index.php\/urun\/erling-haaland-o-bir-gol-makinesi\/","title":{"rendered":"Erling Haaland &#8211; O Bir Gol Makinesi"},"content":{"rendered":"<p>Hi\u00e7 gol atan bir makineyle ya da robotla tan\u0131\u015fm\u0131\u015f m\u0131yd\u0131n? Evet, o bir robot; o bir makine; o biiiirr gol makinesi: Erling Braut Haaland! D\u00fcnyan\u0131n en b\u00fcy\u00fck y\u0131ld\u0131zlar\u0131ndan biri E\u011flenceli Bilgi\u2019de parl\u0131yor! E\u011flenceli Spor serisinde \u2018\u00c7ocuk Adam\u2019 ve &#8216;Robot&#8217; lakaplar\u0131yla bilinen Erling Haaland f\u0131rt\u0131nas\u0131 ediyor. Hen\u00fcz yirmili ya\u015flar\u0131n ba\u015f\u0131nda b\u00fct\u00fcn d\u00fcnyay\u0131 att\u0131\u011f\u0131 gollerle kendisine hayran b\u0131rakan Norve\u00e7&#8217;in gururu Erling Haaland&#8217;la tan\u0131\u015fman\u0131z\u0131n vakti geldi. \u0130\u015fte Haaland&#8217;la ilgili cevab\u0131n\u0131 bu kitapta bulaca\u011f\u0131n baz\u0131 sorular:Uzun boyuna ve geni\u015f fiziki \u00f6zelliklerine ra\u011fmen m\u00fcthi\u015f h\u0131z\u0131n\u0131n s\u0131rr\u0131 neydi?G\u00fcl\u00fc\u015f\u00fcyle Alice Harikalar Diyar\u0131 aras\u0131ndaki ili\u015fki nedir?Hangi d\u00fcnya y\u0131ld\u0131zlar\u0131n\u0131 \u00f6rnek al\u0131yor?Kendini geli\u015ftirmek i\u00e7in hangi antrenman y\u00f6ntemlerini kullan\u0131yor?Sofras\u0131ndan eksik etmedi\u011fi yiyecekler hangileri?Ona neden herkes &#8220;robot&#8221; diyor?Gol vuru\u015flar\u0131n\u0131 nas\u0131l geli\u015ftiriyor?Rakip defans oyuncular\u0131n\u0131n zay\u0131f y\u00f6nlerini nerede g\u00f6zlemliyor?Tatillerde neden patates yeti\u015ftiricili\u011fi yap\u0131yor?Hangi rekorlar\u0131 alt\u0131\u00fcst etti?Neden futboldan men edilmesi istendi?Neden Ibrahimovic&#8217;e benzetiliyor?Haydi, daha onlarca sorunun cevab\u0131n\u0131 bulaca\u011f\u0131n kitab\u0131n kapa\u011f\u0131n\u0131 arala ve Haaland f\u0131rt\u0131nas\u0131na kendini kapt\u0131r!<\/p>\n","protected":false},"excerpt":{"rendered":"<p>Hi\u00e7 gol atan bir makineyle ya da robotla tan\u0131\u015fm\u0131\u015f m\u0131yd\u0131n? Evet, o bir robot; o bir makine; o biiiirr gol makinesi: Erling Braut Haaland! D\u00fcnyan\u0131n en<span class=\"excerpt-hellip\"> [\u2026]<\/span><\/p>\n","protected":false},"featured_media":0,"template":"","meta":{"_monsterinsights_skip_tracking":false,"_monsterinsights_sitenote_active":false,"_monsterinsights_sitenote_note":"","_monsterinsights_sitenote_category":0},"product_brand":[],"product_cat":[13829,12274],"product_tag":[],"class_list":{"0":"post-750192","1":"product","2":"type-product","3":"status-publish","5":"product_cat-bilimsel-kitaplar","6":"product_cat-cocuk-ve-genclik-kitaplari","7":"pa_cilt-ciltsiz","8":"pa_tur-kitap","9":"pa_yayinevi-eglenceli-bilgi-yayinlari","10":"pa_yazar-huseyin-keles","12":"first","13":"instock","14":"sale","15":"shipping-taxable","16":"purchasable","17":"product-type-simple"},"_links":{"self":[{"href":"https:\/\/roveyayinevi.com.tr\/index.php\/wp-json\/wp\/v2\/product\/750192","targetHints":{"allow":["GET"]}}],"collection":[{"href":"https:\/\/roveyayinevi.com.tr\/index.php\/wp-json\/wp\/v2\/product"}],"about":[{"href":"https:\/\/roveyayinevi.com.tr\/index.php\/wp-json\/wp\/v2\/types\/product"}],"wp:attachment":[{"href":"https:\/\/roveyayinevi.com.tr\/index.php\/wp-json\/wp\/v2\/media?parent=750192"}],"wp:term":[{"taxonomy":"product_brand","embeddable":true,"href":"https:\/\/roveyayinevi.com.tr\/index.php\/wp-json\/wp\/v2\/product_brand?post=750192"},{"taxonomy":"product_cat","embeddable":true,"href":"https:\/\/roveyayinevi.com.tr\/index.php\/wp-json\/wp\/v2\/product_cat?post=750192"},{"taxonomy":"product_tag","embeddable":true,"href":"https:\/\/roveyayinevi.com.tr\/index.php\/wp-json\/wp\/v2\/product_tag?post=750192"}],"curies":[{"name":"wp","href":"https:\/\/api.w.org\/{rel}","templated":true}]}}