{"id":750191,"date":"2025-08-28T04:14:13","date_gmt":"2025-08-28T01:14:13","guid":{"rendered":"https:\/\/roveyayinevi.com.tr\/index.php\/urun\/hadi-tekla-gulumse\/"},"modified":"2026-04-16T03:03:35","modified_gmt":"2026-04-16T00:03:35","slug":"hadi-tekla-gulumse","status":"publish","type":"product","link":"https:\/\/roveyayinevi.com.tr\/index.php\/urun\/hadi-tekla-gulumse\/","title":{"rendered":"Hadi Tekla G\u00fcl\u00fcmse!"},"content":{"rendered":"<p>Bu kitap, hayattaki \u00fcz\u00fcnt\u00fc ve zorluklar\u0131n \u00fcstesinden gelmenin, mutlulu\u011fu araman\u0131n hik\u00e2yesi. Ya\u015fad\u0131\u011f\u0131m\u0131z her g\u00fcn\u00fcn ger\u00e7ek bir g\u00fcl\u00fcmseme i\u00e7in bir f\u0131rsat sundu\u011funu hat\u0131rlat\u0131yor.Tekla, huysuz ve \u00fczg\u00fcn. Annesi \u00f6ld\u00fckten sonra y\u00fcz\u00fcndeki g\u00fcl\u00fcmseme tamamen kayboldu. Babas\u0131 ise onun i\u00e7in endi\u015feleniyor. Ama biricik k\u0131z\u0131na nas\u0131l yard\u0131m edebilir?Tekla, tam da d\u00fcnyaya k\u00fcst\u00fc\u011f\u00fc s\u0131rada di\u015f macunu reklam\u0131ndaki gizemli bir kad\u0131nla tan\u0131\u015f\u0131r. Ve o kad\u0131n, hayat\u0131na girdi\u011finde Tekla&#8217;n\u0131n virajlarla dolu, \u00e7\u0131lg\u0131n ve s\u0131ra d\u0131\u015f\u0131 maceras\u0131 ba\u015flar.Film senaryolar\u0131n\u0131 aratmayan heyecanl\u0131 kurgusu ve muzip\u00e7e esprileriyle okuyan herkesin y\u00fcz\u00fcn\u00fc g\u00fcld\u00fcrecek bir kitap\u2026<\/p>\n","protected":false},"excerpt":{"rendered":"<p>Bu kitap, hayattaki \u00fcz\u00fcnt\u00fc ve zorluklar\u0131n \u00fcstesinden gelmenin, mutlulu\u011fu araman\u0131n hik\u00e2yesi. Ya\u015fad\u0131\u011f\u0131m\u0131z her g\u00fcn\u00fcn ger\u00e7ek bir g\u00fcl\u00fcmseme i\u00e7in bir f\u0131rsat sundu\u011funu hat\u0131rlat\u0131yor.Tekla, huysuz ve \u00fczg\u00fcn. Annesi<span class=\"excerpt-hellip\"> [\u2026]<\/span><\/p>\n","protected":false},"featured_media":0,"template":"","meta":{"_monsterinsights_skip_tracking":false,"_monsterinsights_sitenote_active":false,"_monsterinsights_sitenote_note":"","_monsterinsights_sitenote_category":0},"product_brand":[],"product_cat":[12291,14825],"product_tag":[],"class_list":{"0":"post-750191","1":"product","2":"type-product","3":"status-publish","5":"product_cat-edebiyat","6":"product_cat-mizah","7":"pa_cilt-ciltsiz","8":"pa_tur-kitap","9":"pa_yayinevi-carpe-diem-kitaplari","10":"pa_yazar-cezary-harasimowicz","12":"first","13":"instock","14":"sale","15":"shipping-taxable","16":"purchasable","17":"product-type-simple"},"_links":{"self":[{"href":"https:\/\/roveyayinevi.com.tr\/index.php\/wp-json\/wp\/v2\/product\/750191","targetHints":{"allow":["GET"]}}],"collection":[{"href":"https:\/\/roveyayinevi.com.tr\/index.php\/wp-json\/wp\/v2\/product"}],"about":[{"href":"https:\/\/roveyayinevi.com.tr\/index.php\/wp-json\/wp\/v2\/types\/product"}],"wp:attachment":[{"href":"https:\/\/roveyayinevi.com.tr\/index.php\/wp-json\/wp\/v2\/media?parent=750191"}],"wp:term":[{"taxonomy":"product_brand","embeddable":true,"href":"https:\/\/roveyayinevi.com.tr\/index.php\/wp-json\/wp\/v2\/product_brand?post=750191"},{"taxonomy":"product_cat","embeddable":true,"href":"https:\/\/roveyayinevi.com.tr\/index.php\/wp-json\/wp\/v2\/product_cat?post=750191"},{"taxonomy":"product_tag","embeddable":true,"href":"https:\/\/roveyayinevi.com.tr\/index.php\/wp-json\/wp\/v2\/product_tag?post=750191"}],"curies":[{"name":"wp","href":"https:\/\/api.w.org\/{rel}","templated":true}]}}