{"id":750190,"date":"2025-08-28T04:14:12","date_gmt":"2025-08-28T01:14:12","guid":{"rendered":"https:\/\/roveyayinevi.com.tr\/index.php\/urun\/subhan\/"},"modified":"2026-04-16T03:03:35","modified_gmt":"2026-04-16T00:03:35","slug":"subhan","status":"publish","type":"product","link":"https:\/\/roveyayinevi.com.tr\/index.php\/urun\/subhan\/","title":{"rendered":"S\u00fcbhan"},"content":{"rendered":"<p>Mesnev\u00ee-i \u015eer\u00eef bize hayat yolunun perde arkas\u0131ndaki s\u0131rlar\u0131n\u0131 g\u00f6steren b\u00fcy\u00fck bir cevherdir. Bu cevherin kayna\u011f\u0131 ise do\u011frudan do\u011fruya Hz. Kur\u2019\u00e2n ve Hz. Peygamber\u2019in sahih s\u00fcnnetidir. Bu y\u00f6n\u00fcyledir ki i\u00e7indeki her bir hakikat n\u00fcvesi semere ve meyve veren bereketli bir a\u011fa\u00e7 gibidir. Dallar\u0131yla ve budaklar\u0131yla semaya ur\u00fbc etmi\u015f bu m\u00fcbarek a\u011fa\u00e7, her mevsimin ve her devrin insanlar\u0131na ayr\u0131 ayr\u0131 seslenmekte ve onlar\u0131 beslemektedir. \u0130\u015fte bu kutlu a\u011fac\u0131n g\u00f6lgesinde yeti\u015fmi\u015f muhterem zevat\u0131n yan\u0131nda bulunmu\u015f ve onlar\u0131n irfan sofralar\u0131ndan nasiplenmi\u015f k\u0131ymetli Hayat Nur Art\u0131ran Han\u0131mefendi, \u015fimdi bu g\u00fczel a\u011fac\u0131n bitmez t\u00fckenmez yemi\u015flerinden toplad\u0131\u011f\u0131 m\u00fcbarek bir heybeyi bug\u00fcn\u00fcn insan\u0131na takdim etmekte. Kur\u2019\u00e2n-\u0131 Kerim\u2019de k\u0131ssalar\u0131 anlat\u0131lan Hz. M\u00fbs\u00e2, Hz. \u0130brahim, Hz. N\u00fbh, Hz. S\u00e2lih, Hz. Y\u00fbnus ve Hz. Y\u00fbsuf\u2019un  (aleyhim\u00fcsselam) k\u0131ssalar\u0131n\u0131 ba\u015fta Hz. Mevl\u00e2n\u00e2 olmak \u00fczere, \u015eems-i Tebr\u00eez\u00ee, Ahmed-i Rif\u00e2\u00ee, \u0130bn Arab\u00ee ve Niyazi-i M\u0131sr\u00ee hazerat\u0131n\u0131n m\u00fcbarek s\u00f6zleriyle ve nutuklar\u0131yla izah etmekte. Sufi Kitap, H. Nur Art\u0131ran Han\u0131mefendi\u2019nin, h\u0131zla akan ve maddeyi \u00e7\u00fcr\u00fcten zaman\u0131n, m\u00e2n\u00e2y\u0131 y\u00fcceltip parlatan hakikatini, akl\u0131n ve kalbin tatmin olaca\u011f\u0131 bir \u00fcslupla aktard\u0131\u011f\u0131 bu eser-i berg\u00fcz\u00eedesini okurla bulu\u015fturman\u0131n  huzurunu ya\u015famaktad\u0131r.<\/p>\n","protected":false},"excerpt":{"rendered":"<p>Mesnev\u00ee-i \u015eer\u00eef bize hayat yolunun perde arkas\u0131ndaki s\u0131rlar\u0131n\u0131 g\u00f6steren b\u00fcy\u00fck bir cevherdir. Bu cevherin kayna\u011f\u0131 ise do\u011frudan do\u011fruya Hz. Kur\u2019\u00e2n ve Hz. Peygamber\u2019in sahih s\u00fcnnetidir. Bu<span class=\"excerpt-hellip\"> [\u2026]<\/span><\/p>\n","protected":false},"featured_media":0,"template":"","meta":{"_monsterinsights_skip_tracking":false,"_monsterinsights_sitenote_active":false,"_monsterinsights_sitenote_note":"","_monsterinsights_sitenote_category":0},"product_brand":[],"product_cat":[12718,12719,15238],"product_tag":[],"class_list":{"0":"post-750190","1":"product","2":"type-product","3":"status-publish","5":"product_cat-din","6":"product_cat-islam","7":"product_cat-tasavvuf","8":"pa_cilt-ciltsiz","9":"pa_tur-kitap","10":"pa_yayinevi-sufi-kitap","11":"pa_yazar-hayat-nur-artiran","13":"first","14":"instock","15":"sale","16":"shipping-taxable","17":"purchasable","18":"product-type-simple"},"_links":{"self":[{"href":"https:\/\/roveyayinevi.com.tr\/index.php\/wp-json\/wp\/v2\/product\/750190","targetHints":{"allow":["GET"]}}],"collection":[{"href":"https:\/\/roveyayinevi.com.tr\/index.php\/wp-json\/wp\/v2\/product"}],"about":[{"href":"https:\/\/roveyayinevi.com.tr\/index.php\/wp-json\/wp\/v2\/types\/product"}],"wp:attachment":[{"href":"https:\/\/roveyayinevi.com.tr\/index.php\/wp-json\/wp\/v2\/media?parent=750190"}],"wp:term":[{"taxonomy":"product_brand","embeddable":true,"href":"https:\/\/roveyayinevi.com.tr\/index.php\/wp-json\/wp\/v2\/product_brand?post=750190"},{"taxonomy":"product_cat","embeddable":true,"href":"https:\/\/roveyayinevi.com.tr\/index.php\/wp-json\/wp\/v2\/product_cat?post=750190"},{"taxonomy":"product_tag","embeddable":true,"href":"https:\/\/roveyayinevi.com.tr\/index.php\/wp-json\/wp\/v2\/product_tag?post=750190"}],"curies":[{"name":"wp","href":"https:\/\/api.w.org\/{rel}","templated":true}]}}