{"id":750189,"date":"2025-08-28T04:14:11","date_gmt":"2025-08-28T01:14:11","guid":{"rendered":"https:\/\/roveyayinevi.com.tr\/index.php\/urun\/ilahi-vuslat\/"},"modified":"2026-04-16T03:03:35","modified_gmt":"2026-04-16T00:03:35","slug":"ilahi-vuslat","status":"publish","type":"product","link":"https:\/\/roveyayinevi.com.tr\/index.php\/urun\/ilahi-vuslat\/","title":{"rendered":"\u0130lahi Vuslat"},"content":{"rendered":"<p>Modern psikolojinin, insan\u0131n temel sorunlar\u0131n\u0131 biyolojik ve psikolojik s\u00fcre\u00e7lerinde bulmaya \u00e7al\u0131\u015ft\u0131\u011f\u0131 g\u00f6r\u00fcl\u00fcr. Nitekim do\u011fum travmas\u0131 b\u00f6yle bir aray\u0131\u015f\u0131n sonucudur. Her ne kadar do\u011fum travmas\u0131 d\u00fcnyadaki mevcudiyetimize ve bu durumla gelen temel s\u0131k\u0131nt\u0131lar\u0131m\u0131za bir izah getirmi\u015f olsa da insan\u0131n mutlak anlamda bu d\u00fcnyada olma sebebine bir a\u00e7\u0131kl\u0131k getirememektedir.Asl\u0131nda insan\u0131n ne oldu\u011fu sorusu modern psikologlar\u0131n da bulmaya \u00e7al\u0131\u015fm\u0131\u015f oldu\u011fu bir muammad\u0131r. Ancak getirdikleri a\u00e7\u0131klamalar insan\u0131n kompleks yap\u0131s\u0131n\u0131 ve manevi boyutunu devre d\u0131\u015f\u0131 b\u0131rakt\u0131\u011f\u0131 i\u00e7in pek tatmin edici olmam\u0131\u015ft\u0131r. Binlerce y\u0131ll\u0131k birikime sahip olan tasavvuftan yararlanan sufi psikolojisi insan\u0131n manevi boyutunu yads\u0131mam\u0131\u015f ve insan\u0131n temel problemlerine daha ikna edici, net cevaplar vermi\u015ftir. \u0130nsan\u0131n b\u00fct\u00fcn arzu ve \u00f6zlemlerine ra\u011fmen onun kendi \u00f6l\u00fcml\u00fc\u011f\u00fcn\u00fc ve hi\u00e7li\u011fini kabul etmesinden ba\u015fka bir \u00e7\u00f6z\u00fcm sunmayan psikoloji ekollerinden farkl\u0131 olarak, sufi psikolojisi; insan\u0131n m\u00fcspet yanlar\u0131na, onun i\u00e7indeki ilahi nefhaya ve \u00f6l\u00fcms\u00fczl\u00fc\u011f\u00fcne vurguda bulunmu\u015ftur. Bu kitap, Hz. Mevl\u00e2n\u00e2&#8217;n\u0131n sazl\u0131ktan kopar\u0131lan ney metaforunda anlatt\u0131\u011f\u0131 \u0130lahi Vuslat\u0131, sadece anne karn\u0131ndan d\u00fcnyaya gelen bebe\u011fin ta\u015f\u0131m\u0131\u015f oldu\u011fu Do\u011fum Travmas\u0131 ile izah eden modern psikolojiye k\u0131yasla tasavvufun insan\u0131n temel sorunlar\u0131na ne derece kapsay\u0131c\u0131 ve k\u00f6kl\u00fc \u00e7\u00f6z\u00fcmler \u00fcretebilece\u011fini g\u00f6stermekte. <\/p>\n","protected":false},"excerpt":{"rendered":"<p>Modern psikolojinin, insan\u0131n temel sorunlar\u0131n\u0131 biyolojik ve psikolojik s\u00fcre\u00e7lerinde bulmaya \u00e7al\u0131\u015ft\u0131\u011f\u0131 g\u00f6r\u00fcl\u00fcr. Nitekim do\u011fum travmas\u0131 b\u00f6yle bir aray\u0131\u015f\u0131n sonucudur. Her ne kadar do\u011fum travmas\u0131 d\u00fcnyadaki mevcudiyetimize<span class=\"excerpt-hellip\"> [\u2026]<\/span><\/p>\n","protected":false},"featured_media":0,"template":"","meta":{"_monsterinsights_skip_tracking":false,"_monsterinsights_sitenote_active":false,"_monsterinsights_sitenote_note":"","_monsterinsights_sitenote_category":0},"product_brand":[],"product_cat":[12718,12719,15238],"product_tag":[],"class_list":{"0":"post-750189","1":"product","2":"type-product","3":"status-publish","5":"product_cat-din","6":"product_cat-islam","7":"product_cat-tasavvuf","8":"pa_cilt-ciltsiz","9":"pa_tur-kitap","10":"pa_yayinevi-sufi-kitap","11":"pa_yazar-feride-deniz","13":"first","14":"instock","15":"sale","16":"shipping-taxable","17":"purchasable","18":"product-type-simple"},"_links":{"self":[{"href":"https:\/\/roveyayinevi.com.tr\/index.php\/wp-json\/wp\/v2\/product\/750189","targetHints":{"allow":["GET"]}}],"collection":[{"href":"https:\/\/roveyayinevi.com.tr\/index.php\/wp-json\/wp\/v2\/product"}],"about":[{"href":"https:\/\/roveyayinevi.com.tr\/index.php\/wp-json\/wp\/v2\/types\/product"}],"wp:attachment":[{"href":"https:\/\/roveyayinevi.com.tr\/index.php\/wp-json\/wp\/v2\/media?parent=750189"}],"wp:term":[{"taxonomy":"product_brand","embeddable":true,"href":"https:\/\/roveyayinevi.com.tr\/index.php\/wp-json\/wp\/v2\/product_brand?post=750189"},{"taxonomy":"product_cat","embeddable":true,"href":"https:\/\/roveyayinevi.com.tr\/index.php\/wp-json\/wp\/v2\/product_cat?post=750189"},{"taxonomy":"product_tag","embeddable":true,"href":"https:\/\/roveyayinevi.com.tr\/index.php\/wp-json\/wp\/v2\/product_tag?post=750189"}],"curies":[{"name":"wp","href":"https:\/\/api.w.org\/{rel}","templated":true}]}}