{"id":750188,"date":"2025-08-28T04:14:10","date_gmt":"2025-08-28T01:14:10","guid":{"rendered":"https:\/\/roveyayinevi.com.tr\/index.php\/urun\/ibadetlerin-ruhu\/"},"modified":"2026-04-16T03:03:35","modified_gmt":"2026-04-16T00:03:35","slug":"ibadetlerin-ruhu","status":"publish","type":"product","link":"https:\/\/roveyayinevi.com.tr\/index.php\/urun\/ibadetlerin-ruhu\/","title":{"rendered":"\u0130badetlerin Ruhu"},"content":{"rendered":"<p>\u0130mam Gaz\u00e2l\u00ee\u2019nin \u0130hy\u00e2-u Ul\u00fbmi\u2019d-D\u00een adl\u0131 eseri, yaz\u0131ld\u0131\u011f\u0131 d\u00f6nemden g\u00fcn\u00fcm\u00fcze kadar hemen her nesil taraf\u0131ndan yeniden \u00e7evrildi, tekrar tekrar okundu\u2026 \u0130badetlerin bat\u0131n\u00ee boyutlar\u0131n\u0131 ele alan \u0130hy\u00e2\u2019n\u0131n \u201cibadetler\u201d b\u00f6l\u00fcm\u00fc, hassas bir \u00e7al\u0131\u015fmayla derlenerek yeniden terc\u00fcme edildi.\u00c7al\u0131\u015fma s\u0131ras\u0131nda tasavv\u00fbf\u00ee gelene\u011fin olduk\u00e7a zengin kavram ve d\u00fc\u015f\u00fcncelerini i\u00e7eren \u0130hy\u00e2 metninin daha iyi ve do\u011fru anla\u015f\u0131labilmesi i\u00e7in, son derece k\u0131ymetli bir \u0130hy\u00e2 \u015ferhi olan \u0130th\u00e2fu\u2019s-S\u00e2de\u2019ye s\u0131kl\u0131kla m\u00fcracaat edildi. B\u00f6ylece okuyucunun daha \u00e7ok istifade edebilece\u011fi bir eser ortaya \u00e7\u0131kt\u0131. \u0130badetlerin Ruhu, bu y\u00f6n\u00fcyle di\u011fer \u0130hy\u00e2 terc\u00fcmelerinden farkl\u0131d\u0131r.\u0130badetlerin Ruhu, \u0130hy\u00e2\u2019n\u0131n tamam\u0131n\u0131 okuma f\u0131rsat\u0131 bulamayanlar i\u00e7in, ak\u0131c\u0131 \u00fcslubu ve insan\u0131n kalbine hitap eden y\u00f6n\u00fcyle mutlaka okunmas\u0131 gereken bir eser.<\/p>\n","protected":false},"excerpt":{"rendered":"<p>\u0130mam Gaz\u00e2l\u00ee\u2019nin \u0130hy\u00e2-u Ul\u00fbmi\u2019d-D\u00een adl\u0131 eseri, yaz\u0131ld\u0131\u011f\u0131 d\u00f6nemden g\u00fcn\u00fcm\u00fcze kadar hemen her nesil taraf\u0131ndan yeniden \u00e7evrildi, tekrar tekrar okundu\u2026 \u0130badetlerin bat\u0131n\u00ee boyutlar\u0131n\u0131 ele alan \u0130hy\u00e2\u2019n\u0131n \u201cibadetler\u201d<span class=\"excerpt-hellip\"> [\u2026]<\/span><\/p>\n","protected":false},"featured_media":0,"template":"","meta":{"_monsterinsights_skip_tracking":false,"_monsterinsights_sitenote_active":false,"_monsterinsights_sitenote_note":"","_monsterinsights_sitenote_category":0},"product_brand":[],"product_cat":[12718,12719,15238],"product_tag":[],"class_list":{"0":"post-750188","1":"product","2":"type-product","3":"status-publish","5":"product_cat-din","6":"product_cat-islam","7":"product_cat-tasavvuf","8":"pa_cilt-ciltsiz","9":"pa_tur-kitap","10":"pa_yayinevi-sufi-kitap","11":"pa_yazar-imam-gazali","13":"first","14":"instock","15":"sale","16":"shipping-taxable","17":"purchasable","18":"product-type-simple"},"_links":{"self":[{"href":"https:\/\/roveyayinevi.com.tr\/index.php\/wp-json\/wp\/v2\/product\/750188","targetHints":{"allow":["GET"]}}],"collection":[{"href":"https:\/\/roveyayinevi.com.tr\/index.php\/wp-json\/wp\/v2\/product"}],"about":[{"href":"https:\/\/roveyayinevi.com.tr\/index.php\/wp-json\/wp\/v2\/types\/product"}],"wp:attachment":[{"href":"https:\/\/roveyayinevi.com.tr\/index.php\/wp-json\/wp\/v2\/media?parent=750188"}],"wp:term":[{"taxonomy":"product_brand","embeddable":true,"href":"https:\/\/roveyayinevi.com.tr\/index.php\/wp-json\/wp\/v2\/product_brand?post=750188"},{"taxonomy":"product_cat","embeddable":true,"href":"https:\/\/roveyayinevi.com.tr\/index.php\/wp-json\/wp\/v2\/product_cat?post=750188"},{"taxonomy":"product_tag","embeddable":true,"href":"https:\/\/roveyayinevi.com.tr\/index.php\/wp-json\/wp\/v2\/product_tag?post=750188"}],"curies":[{"name":"wp","href":"https:\/\/api.w.org\/{rel}","templated":true}]}}