{"id":750185,"date":"2025-08-28T04:14:07","date_gmt":"2025-08-28T01:14:07","guid":{"rendered":"https:\/\/roveyayinevi.com.tr\/index.php\/urun\/hemsinli-mehmed-ali-pasa\/"},"modified":"2026-04-16T03:03:35","modified_gmt":"2026-04-16T00:03:35","slug":"hemsinli-mehmed-ali-pasa","status":"publish","type":"product","link":"https:\/\/roveyayinevi.com.tr\/index.php\/urun\/hemsinli-mehmed-ali-pasa\/","title":{"rendered":"Hem\u015finli Mehmed Ali Pa\u015fa"},"content":{"rendered":"<p>Sultan II. Mahmud\u2019un k\u0131z\u0131, hanedan\u0131n tek \u015fairesi Adile Sultan\u2019la evlenerek hanedan damad\u0131 s\u0131fat\u0131n\u0131 kazanan, Sultan II. Mahmud, Sultan Abd\u00fclmecid ve Sultan Abd\u00fclaziz olmak \u00fczere \u00fc\u00e7 padi\u015fah d\u00f6nemini idrak eden Hem\u015finli Mehmed Ali Pa\u015fa, kariyeri boyunca alt\u0131 kez kaptan-\u0131 derya, iki kez serasker, bir kez de sadrazam vazifelerini if\u00e2 etmi\u015ftir.Dr. Serap Sunay, Hem\u015finli Mehmed Ali Pa\u015fa: Tanzimat Muh\u00e2lifi ve Hanedan Damad\u0131 ba\u015fl\u0131kl\u0131 eserinde, Tanzimat D\u00f6nemi\u2019nin en \u00f6nemli devlet adamlar\u0131ndan biri olan fakat literat\u00fcrde ba\u015f hasm\u0131 Mustafa Re\u015fid Pa\u015fa kadar \u00f6ne \u00e7\u0131kamam\u0131\u015f ve \u00fczerine m\u00fcstakil herhangi bir \u00e7al\u0131\u015fma yap\u0131lmam\u0131\u015f Damat Mehmed Ali Pa\u015fa\u2019n\u0131n hayat\u0131 ve siyas\u00ee m\u00fccadelesini anlat\u0131yor. Bilhassa Sultan Abd\u00fclmecid d\u00f6nemine damga vuran Hem\u015finli Mehmed Ali Pa\u015fa\u2019n\u0131n asker\u00ee ve siyas\u00ee sahadaki pek \u00e7ok faaliyeti, d\u00fcnya g\u00f6r\u00fc\u015f\u00fc, olaylara dahli, muhiti, n\u00fcfuzu, ailesi ve mal varl\u0131\u011f\u0131 gibi hem devlet adaml\u0131\u011f\u0131 ve hem de \u00f6zel ya\u015fam\u0131na dair detaylar\u0131 ortaya koyarak alandaki b\u00fcy\u00fck bo\u015flu\u011fu dolduruyor.Hem\u015finli Mehmed Ali Pa\u015fa\u2019n\u0131n g\u00fcc\u00fcn\u00fcn, \u00fcstlendi\u011fi idari ve asker\u00ee g\u00f6revlere ek olarak damatl\u0131k pozisyonundan geldi\u011fini ileri s\u00fcren yazar, Osmanl\u0131 devlet mekanizmas\u0131nda padi\u015fah damad\u0131 olman\u0131n ne anlama geldi\u011fini ve en b\u00fcy\u00fck rakibi Mustafa Re\u015fid Pa\u015fa\u2019ya kar\u015f\u0131 verdi\u011fi k\u0131yas\u0131ya m\u00fccadelede damatl\u0131\u011f\u0131n\u0131 etkin bir silah olarak nas\u0131l kulland\u0131\u011f\u0131n\u0131 ya\u015fam\u0131ndan verdi\u011fi muhtelif \u00f6rneklerle inceliyor. Dr. Serap Sunay\u2019\u0131n Osmanl\u0131 ve Frans\u0131z ar\u015fiv belgeleri ba\u015fta olmak \u00fczere, \u0130ngiliz, Frans\u0131z, Amerikan bas\u0131n\u0131 ile hiziplerin birbirlerine reddiye \u015feklinde kaleme ald\u0131rd\u0131klar\u0131 Frans\u0131zca eserlerin yan\u0131 s\u0131ra geni\u015f bir literat\u00fcre dayal\u0131, uzun s\u00fcren bir \u00e7al\u0131\u015fman\u0131n mahsul\u00fc olan bu eseri, pa\u015fan\u0131n \u015fahs\u0131nda d\u00f6nemin siyas\u00ee arka plan\u0131n\u0131n resmini \u00e7iziyor.<\/p>\n","protected":false},"excerpt":{"rendered":"<p>Sultan II. Mahmud\u2019un k\u0131z\u0131, hanedan\u0131n tek \u015fairesi Adile Sultan\u2019la evlenerek hanedan damad\u0131 s\u0131fat\u0131n\u0131 kazanan, Sultan II. Mahmud, Sultan Abd\u00fclmecid ve Sultan Abd\u00fclaziz olmak \u00fczere \u00fc\u00e7 padi\u015fah<span class=\"excerpt-hellip\"> [\u2026]<\/span><\/p>\n","protected":false},"featured_media":0,"template":"","meta":{"_monsterinsights_skip_tracking":false,"_monsterinsights_sitenote_active":false,"_monsterinsights_sitenote_note":"","_monsterinsights_sitenote_category":0},"product_brand":[],"product_cat":[12370,12304],"product_tag":[],"class_list":{"0":"post-750185","1":"product","2":"type-product","3":"status-publish","5":"product_cat-arastirma-inceleme","6":"product_cat-tarih","7":"pa_cilt-ciltsiz","8":"pa_tur-kitap","9":"pa_yayinevi-timas-akademi-yayinlari","10":"pa_yazar-serap-sunay","12":"first","13":"instock","14":"sale","15":"shipping-taxable","16":"purchasable","17":"product-type-simple"},"_links":{"self":[{"href":"https:\/\/roveyayinevi.com.tr\/index.php\/wp-json\/wp\/v2\/product\/750185","targetHints":{"allow":["GET"]}}],"collection":[{"href":"https:\/\/roveyayinevi.com.tr\/index.php\/wp-json\/wp\/v2\/product"}],"about":[{"href":"https:\/\/roveyayinevi.com.tr\/index.php\/wp-json\/wp\/v2\/types\/product"}],"wp:attachment":[{"href":"https:\/\/roveyayinevi.com.tr\/index.php\/wp-json\/wp\/v2\/media?parent=750185"}],"wp:term":[{"taxonomy":"product_brand","embeddable":true,"href":"https:\/\/roveyayinevi.com.tr\/index.php\/wp-json\/wp\/v2\/product_brand?post=750185"},{"taxonomy":"product_cat","embeddable":true,"href":"https:\/\/roveyayinevi.com.tr\/index.php\/wp-json\/wp\/v2\/product_cat?post=750185"},{"taxonomy":"product_tag","embeddable":true,"href":"https:\/\/roveyayinevi.com.tr\/index.php\/wp-json\/wp\/v2\/product_tag?post=750185"}],"curies":[{"name":"wp","href":"https:\/\/api.w.org\/{rel}","templated":true}]}}