{"id":750181,"date":"2025-08-28T04:14:03","date_gmt":"2025-08-28T01:14:03","guid":{"rendered":"https:\/\/roveyayinevi.com.tr\/index.php\/urun\/yavaslamak\/"},"modified":"2026-04-16T03:03:35","modified_gmt":"2026-04-16T00:03:35","slug":"yavaslamak","status":"publish","type":"product","link":"https:\/\/roveyayinevi.com.tr\/index.php\/urun\/yavaslamak\/","title":{"rendered":"Yava\u015flamak"},"content":{"rendered":"<p>H\u0131zla b\u00fcy\u00fcyen d\u00fcnyam\u0131z, asl\u0131nda ekonomik krizler ve salg\u0131nlardan \u00e7ok daha \u00f6nce sonun e\u015fi\u011fine geldi. Uygarl\u0131\u011f\u0131m\u0131z\u0131 son s\u00fcrat ileriye ta\u015f\u0131d\u0131\u011f\u0131na inan\u0131lan teknolojik geli\u015fmeler, yayg\u0131n kan\u0131n\u0131n aksine gitgide yava\u015fl\u0131yor. N\u00fcfusumuzun b\u00fcy\u00fcme h\u0131z\u0131 d\u00fc\u015f\u00fcyor. Gidi\u015fata bak\u0131ld\u0131\u011f\u0131nda mevcut yava\u015flama, h\u0131zlanma beklentisine kar\u015f\u0131 b\u00fcy\u00fck bir meydan okumay\u0131 ve bilinmeyene do\u011fru bir ad\u0131m\u0131 temsil ediyor. Fakat bu durum, kula\u011fa korkutucu gelse de, insanl\u0131k ve gezegenimiz i\u00e7in bir umut \u0131\u015f\u0131\u011f\u0131 olabilir. Danny Dorling, farkl\u0131 disiplinleri bir araya getirdi\u011fi Yava\u015flamak\u2019ta k\u00fcresel \u00e7apta tecr\u00fcbe etti\u011fimiz yava\u015flaman\u0131n faydalar\u0131na dair g\u00fcncel ve al\u0131\u015f\u0131lm\u0131\u015f\u0131n d\u0131\u015f\u0131nda bir arg\u00fcman ortaya koyuyor. \u0130lk kez 1890\u2019larda kullan\u0131lan ve temelde \u201cdaha yava\u015f ilerleme\u201d anlam\u0131na gelen bu olguyu iklim, demografi, ekonomi, jeopolitik gibi disiplinler ba\u011flam\u0131nda inceliyor; analizini do\u011furganl\u0131k oranlar\u0131ndan banka kredileri ve toplumsal hareketlerin s\u0131kl\u0131\u011f\u0131na uzanan bir veri \u00e7e\u015fitlili\u011fiyle zenginle\u015ftiriyor. Dorling, bu \u00e7al\u0131\u015fmas\u0131yla \u201cNas\u0131l bir gelecek tasavvur etmeliyiz?\u201d sorusuna s\u00fcrd\u00fcr\u00fclebilir bir cevap ar\u0131yor. \u201c\u00c7o\u011fumuz, bir ilerleme k\u00fclt\u00fc g\u00f6z\u00fcm\u00fcz\u00fc k\u00f6r etti\u011finden, Dorling\u2019in a\u00e7\u0131k\u00e7a ortaya koydu\u011fu yava\u015flaman\u0131n fark\u0131na varam\u0131yoruz. Ger\u00e7ek bir entelekt\u00fcel olan Dorling, hayatta kalmay\u0131 ba\u015far\u0131rsak D\u00fcnya\u2019n\u0131n daha yava\u015f \u2013ve muhtemelen daha iyi\u2013 olaca\u011f\u0131n\u0131 g\u00f6steriyor.\u201d \u2014Paul Chatterton\u201cD\u00fcnya, istikrarl\u0131 ve ard\u0131ndan azalan n\u00fcfustan olu\u015fan yeni bir \u2018normal\u2019e ge\u00e7erken yava\u015flayan b\u00fcy\u00fcme h\u0131z\u0131n\u0131n devasa zorluklar\u0131n\u0131 zekice ortaya koyan Dorling\u2019in iyimserli\u011fi bula\u015f\u0131c\u0131.\u201d \u2014Vicky Pryce\u201cG\u00fc\u00e7l\u00fc, k\u0131\u015fk\u0131rt\u0131c\u0131 ve zaman\u0131n ruhuna uygun bir metin. Profes\u00f6r Dorling, devasa k\u00e2r ve sermayeye y\u00f6nelik \u00f6zg\u00fcrl\u00fcklerin yan\u0131 s\u0131ra, gitgide artan i\u015f yo\u011funlu\u011funun insanlar\u0131 ve gezegeni ayakta tutmaya yetmeyece\u011fini zekice ortaya koyuyor. Daha g\u00fc\u00e7l\u00fc sendikalardan daha ye\u015fil bir ekonomiye, bizi, daha \u00fcmitvar ve insanc\u0131l bir gelece\u011fi se\u00e7menin yollar\u0131 oldu\u011funa ikna ediyor.\u201d \u2014Frances O\u2019Grady<\/p>\n","protected":false},"excerpt":{"rendered":"<p>H\u0131zla b\u00fcy\u00fcyen d\u00fcnyam\u0131z, asl\u0131nda ekonomik krizler ve salg\u0131nlardan \u00e7ok daha \u00f6nce sonun e\u015fi\u011fine geldi. Uygarl\u0131\u011f\u0131m\u0131z\u0131 son s\u00fcrat ileriye ta\u015f\u0131d\u0131\u011f\u0131na inan\u0131lan teknolojik geli\u015fmeler, yayg\u0131n kan\u0131n\u0131n aksine gitgide<span class=\"excerpt-hellip\"> [\u2026]<\/span><\/p>\n","protected":false},"featured_media":0,"template":"","meta":{"_monsterinsights_skip_tracking":false,"_monsterinsights_sitenote_active":false,"_monsterinsights_sitenote_note":"","_monsterinsights_sitenote_category":0},"product_brand":[],"product_cat":[12324],"product_tag":[],"class_list":{"0":"post-750181","1":"product","2":"type-product","3":"status-publish","5":"product_cat-sosyoloji","6":"pa_cilt-ciltsiz","7":"pa_tur-kitap","8":"pa_yayinevi-timas-yayinlari","9":"pa_yazar-danny-dorling","11":"first","12":"instock","13":"sale","14":"shipping-taxable","15":"purchasable","16":"product-type-simple"},"_links":{"self":[{"href":"https:\/\/roveyayinevi.com.tr\/index.php\/wp-json\/wp\/v2\/product\/750181","targetHints":{"allow":["GET"]}}],"collection":[{"href":"https:\/\/roveyayinevi.com.tr\/index.php\/wp-json\/wp\/v2\/product"}],"about":[{"href":"https:\/\/roveyayinevi.com.tr\/index.php\/wp-json\/wp\/v2\/types\/product"}],"wp:attachment":[{"href":"https:\/\/roveyayinevi.com.tr\/index.php\/wp-json\/wp\/v2\/media?parent=750181"}],"wp:term":[{"taxonomy":"product_brand","embeddable":true,"href":"https:\/\/roveyayinevi.com.tr\/index.php\/wp-json\/wp\/v2\/product_brand?post=750181"},{"taxonomy":"product_cat","embeddable":true,"href":"https:\/\/roveyayinevi.com.tr\/index.php\/wp-json\/wp\/v2\/product_cat?post=750181"},{"taxonomy":"product_tag","embeddable":true,"href":"https:\/\/roveyayinevi.com.tr\/index.php\/wp-json\/wp\/v2\/product_tag?post=750181"}],"curies":[{"name":"wp","href":"https:\/\/api.w.org\/{rel}","templated":true}]}}