{"id":750180,"date":"2025-08-28T04:14:02","date_gmt":"2025-08-28T01:14:02","guid":{"rendered":"https:\/\/roveyayinevi.com.tr\/index.php\/urun\/ya-baki-entel-baki\/"},"modified":"2026-04-16T03:03:35","modified_gmt":"2026-04-16T00:03:35","slug":"ya-baki-entel-baki","status":"publish","type":"product","link":"https:\/\/roveyayinevi.com.tr\/index.php\/urun\/ya-baki-entel-baki\/","title":{"rendered":"Ya Baki Entel Baki"},"content":{"rendered":"<p>\u00c7\u0131kmazday\u0131m ya Rab\u2026Hangi duygu ile y\u00fcr\u00fcsem kalbimin yollar\u0131nda sonu karanl\u0131k.Sana \u00e7\u0131kmayan her yolda kayboldum, her sevdada bo\u011fuldum.Ve \u015fimdi kalbimi ac\u0131tan, hayat\u0131m\u0131 zindana \u00e7eviren ne varsa hepsini ald\u0131m geldim huzuruna.Sen ki yenilenlerin, yorulanlar\u0131n, k\u0131r\u0131lanlar\u0131n, d\u00fc\u015fenlerin de Rabbisin!Merhametinle sar yaralar\u0131m\u0131\u2026Her \u015feyin gelip ge\u00e7ici oldu\u011fu \u015fu d\u00fcnyada kalbimi b\u00e2k\u00ee olana r\u00e2z\u0131 et\u2026 Kitaplar\u0131 ve videolar\u0131yla milyonlara ula\u015fan Mehmet Y\u0131ld\u0131z, Y\u00e2 B\u00e2k\u00ee Entel B\u00e2k\u00ee\u2019de de ak\u0131c\u0131 \u00fcslubuyla Allah&#8217;\u0131, dini ve peygamberi anlatmaya devam ediyor\u2026<\/p>\n","protected":false},"excerpt":{"rendered":"<p>\u00c7\u0131kmazday\u0131m ya Rab\u2026Hangi duygu ile y\u00fcr\u00fcsem kalbimin yollar\u0131nda sonu karanl\u0131k.Sana \u00e7\u0131kmayan her yolda kayboldum, her sevdada bo\u011fuldum.Ve \u015fimdi kalbimi ac\u0131tan, hayat\u0131m\u0131 zindana \u00e7eviren ne varsa hepsini<span class=\"excerpt-hellip\"> [\u2026]<\/span><\/p>\n","protected":false},"featured_media":0,"template":"","meta":{"_monsterinsights_skip_tracking":false,"_monsterinsights_sitenote_active":false,"_monsterinsights_sitenote_note":"","_monsterinsights_sitenote_category":0},"product_brand":[],"product_cat":[12718,12719],"product_tag":[],"class_list":{"0":"post-750180","1":"product","2":"type-product","3":"status-publish","5":"product_cat-din","6":"product_cat-islam","7":"pa_cilt-ciltsiz","8":"pa_tur-kitap","9":"pa_yayinevi-timas-yayinlari","10":"pa_yazar-mehmet-yildiz","12":"first","13":"instock","14":"sale","15":"shipping-taxable","16":"purchasable","17":"product-type-simple"},"_links":{"self":[{"href":"https:\/\/roveyayinevi.com.tr\/index.php\/wp-json\/wp\/v2\/product\/750180","targetHints":{"allow":["GET"]}}],"collection":[{"href":"https:\/\/roveyayinevi.com.tr\/index.php\/wp-json\/wp\/v2\/product"}],"about":[{"href":"https:\/\/roveyayinevi.com.tr\/index.php\/wp-json\/wp\/v2\/types\/product"}],"wp:attachment":[{"href":"https:\/\/roveyayinevi.com.tr\/index.php\/wp-json\/wp\/v2\/media?parent=750180"}],"wp:term":[{"taxonomy":"product_brand","embeddable":true,"href":"https:\/\/roveyayinevi.com.tr\/index.php\/wp-json\/wp\/v2\/product_brand?post=750180"},{"taxonomy":"product_cat","embeddable":true,"href":"https:\/\/roveyayinevi.com.tr\/index.php\/wp-json\/wp\/v2\/product_cat?post=750180"},{"taxonomy":"product_tag","embeddable":true,"href":"https:\/\/roveyayinevi.com.tr\/index.php\/wp-json\/wp\/v2\/product_tag?post=750180"}],"curies":[{"name":"wp","href":"https:\/\/api.w.org\/{rel}","templated":true}]}}