{"id":750178,"date":"2025-08-28T04:13:58","date_gmt":"2025-08-28T01:13:58","guid":{"rendered":"https:\/\/roveyayinevi.com.tr\/index.php\/urun\/sevmek-cesurlarin-isidir\/"},"modified":"2026-04-16T03:03:34","modified_gmt":"2026-04-16T00:03:34","slug":"sevmek-cesurlarin-isidir","status":"publish","type":"product","link":"https:\/\/roveyayinevi.com.tr\/index.php\/urun\/sevmek-cesurlarin-isidir\/","title":{"rendered":"Sevmek Cesurlar\u0131n \u0130\u015fidir"},"content":{"rendered":"<p>Nas\u0131l oluyor da baz\u0131 insanlar daha kolay ve g\u00fcvenli ili\u015fki kuruyorlar?Neden baz\u0131lar\u0131 ili\u015fkilerde kat\u0131 ve tutukken baz\u0131lar\u0131 daha esnek?Neden kimileri kolayca affederken kimileri yanl\u0131\u015flara \u00f6m\u00fcr boyu tak\u0131l\u0131p kal\u0131yor?Neden baz\u0131 insanlar yeniliklere kolayca adapte olurken di\u011ferleri ac\u0131 \u00e7ekiyor?Neden baz\u0131lar\u0131m\u0131z i\u00e7in ge\u00e7mi\u015fin atlat\u0131lmas\u0131 bu kadar zor ve gelecek kayg\u0131 dolu?Neden kimi insanlar sorunlar kar\u015f\u0131s\u0131nda korkusuzken baz\u0131lar\u0131 en k\u00fc\u00e7\u00fck bir sorunda pes edip y\u0131k\u0131l\u0131yor?Zihin yarg\u0131larla \u00e7al\u0131\u015f\u0131r ve her an yeni bir yarg\u0131 \u00fcretir. Sonra bir an gelir ve bu otomatik kal\u0131plar\u0131n art\u0131k ya\u015fam doyumumuzu k\u0131s\u0131tlad\u0131\u011f\u0131n\u0131 hissederiz. \u201cBa\u015fka bir yol m\u00fcmk\u00fcn m\u00fc?\u201d d\u00fc\u015f\u00fcncesi i\u00e7imizde uyan\u0131r.O yolda kendimizle, al\u0131\u015fkanl\u0131klar\u0131m\u0131zla, otomatik pilotumuzla, duygular\u0131m\u0131z\u0131 nas\u0131l i\u015fledi\u011fimizle veya i\u015fleyemedi\u011fimizle, hasetle, \u015f\u00fckranla, kay\u0131pla, yasla, \u00f6z \u015fefkatle, a\u015fkla ve insan olmaktan kaynaklanan pek \u00e7ok halle kar\u015f\u0131la\u015f\u0131r, bunlar\u0131 tecr\u00fcbe ederiz.Bu tecr\u00fcbelerden ge\u00e7mek yani ya\u015famak i\u00e7in sevmek gerekir. Sevmek; aktif bir sevme i\u015fi ve iradi olarak verdi\u011fimiz cesaret isteyen bir karard\u0131r. Sevmek cesurlar\u0131n i\u015fidir. Birini veya bir \u015feyi sevdi\u011fimizde eyleme ge\u00e7me ihtiyac\u0131 duyar\u0131z. Ona kalbimizde ve hayat\u0131m\u0131zda bir alan a\u00e7ar ve o alanda geni\u015flemesini mutlulukla kar\u015f\u0131lar\u0131z. \u00dcstelik bunu terk edilme, kaybetme ihtimalimize ve korkular\u0131m\u0131za ra\u011fmen yapar\u0131z. Bir anlam d\u00fcnyas\u0131 in\u015fa edebilmek i\u00e7in yola \u00e7\u0131kar\u0131z. \u00d6yleyse sevgisizlik asl\u0131nda eylemsizlik ve korkakl\u0131kt\u0131r.Psikoterapist ve psikodramatist Ay\u015fe Melek Sevmek Cesurlar\u0131n \u0130\u015fidir\u2019de kendimizi ke\u015ffetme yolculu\u011fumuza \u00e7ok y\u00f6nl\u00fc bir k\u0131lavuz sunarak rehberlik ediyor.<\/p>\n","protected":false},"excerpt":{"rendered":"<p>Nas\u0131l oluyor da baz\u0131 insanlar daha kolay ve g\u00fcvenli ili\u015fki kuruyorlar?Neden baz\u0131lar\u0131 ili\u015fkilerde kat\u0131 ve tutukken baz\u0131lar\u0131 daha esnek?Neden kimileri kolayca affederken kimileri yanl\u0131\u015flara \u00f6m\u00fcr boyu<span class=\"excerpt-hellip\"> [\u2026]<\/span><\/p>\n","protected":false},"featured_media":0,"template":"","meta":{"_monsterinsights_skip_tracking":false,"_monsterinsights_sitenote_active":false,"_monsterinsights_sitenote_note":"","_monsterinsights_sitenote_category":0},"product_brand":[],"product_cat":[12357],"product_tag":[],"class_list":{"0":"post-750178","1":"product","2":"type-product","3":"status-publish","5":"product_cat-psikoloji","6":"pa_cilt-ciltsiz","7":"pa_tur-kitap","8":"pa_yayinevi-timas-yayinlari","9":"pa_yazar-ayse-melek-koseoglu-ozyetkin","11":"first","12":"instock","13":"sale","14":"shipping-taxable","15":"purchasable","16":"product-type-simple"},"_links":{"self":[{"href":"https:\/\/roveyayinevi.com.tr\/index.php\/wp-json\/wp\/v2\/product\/750178","targetHints":{"allow":["GET"]}}],"collection":[{"href":"https:\/\/roveyayinevi.com.tr\/index.php\/wp-json\/wp\/v2\/product"}],"about":[{"href":"https:\/\/roveyayinevi.com.tr\/index.php\/wp-json\/wp\/v2\/types\/product"}],"wp:attachment":[{"href":"https:\/\/roveyayinevi.com.tr\/index.php\/wp-json\/wp\/v2\/media?parent=750178"}],"wp:term":[{"taxonomy":"product_brand","embeddable":true,"href":"https:\/\/roveyayinevi.com.tr\/index.php\/wp-json\/wp\/v2\/product_brand?post=750178"},{"taxonomy":"product_cat","embeddable":true,"href":"https:\/\/roveyayinevi.com.tr\/index.php\/wp-json\/wp\/v2\/product_cat?post=750178"},{"taxonomy":"product_tag","embeddable":true,"href":"https:\/\/roveyayinevi.com.tr\/index.php\/wp-json\/wp\/v2\/product_tag?post=750178"}],"curies":[{"name":"wp","href":"https:\/\/api.w.org\/{rel}","templated":true}]}}