{"id":750177,"date":"2025-08-28T04:13:57","date_gmt":"2025-08-28T01:13:57","guid":{"rendered":"https:\/\/roveyayinevi.com.tr\/index.php\/urun\/peygamberimiz-asm-cocuklara-nasil-davranirdi\/"},"modified":"2026-04-16T03:03:34","modified_gmt":"2026-04-16T00:03:34","slug":"peygamberimiz-asm-cocuklara-nasil-davranirdi","status":"publish","type":"product","link":"https:\/\/roveyayinevi.com.tr\/index.php\/urun\/peygamberimiz-asm-cocuklara-nasil-davranirdi\/","title":{"rendered":"Peygamberimiz (asm) \u00c7ocuklara Nas\u0131l Davran\u0131rd\u0131?"},"content":{"rendered":"<p>Peygamberimizle (asm) \u00e7ocuk yeti\u015ftirmeye niyet etmek ebeveynin \u00f6ncelikli olarak \u00e7ocuk\u00e7a davran\u0131\u015flar\u0131n\u0131 gidermesi demektir. Bunun i\u00e7in bu \u00e7al\u0131\u015fmada yorumlar ve kurallar \u015feklinde bir yol izlemekten ziyade Peygamber Efendimizin d\u00fcnyas\u0131na girmek \u00f6ncelikli yol haritas\u0131 oldu. Onun hayat\u0131ndan olaylara dayal\u0131 anlat\u0131mla kimi zaman d\u0131\u015ftan onu seyretmeye, nas\u0131l davrand\u0131\u011f\u0131n\u0131 izlemeye, o davran\u0131\u015fta kendimizi bulmaya; kimi zaman da onun ellerinden tutup orada ya\u015f\u0131yor gibi olay\u0131 hissetmeye gayret ettik.Son zamanlar uzman yard\u0131m\u0131 almak art\u0131k her ebeveyn i\u00e7in ka\u00e7\u0131n\u0131lmaz hale geldi. Elbette bu faydal\u0131d\u0131r. Biz burada bu desteklerin birincisi olarak Peygamber Efendimizin e\u011fitim metodunu hat\u0131rlat\u0131yoruz. \u00c7\u00fcnk\u00fc \u201cS\u00fcnnet Pedagojisi\u201d Rabban\u00eedir. Her \u00e7ocu\u011fun ruhuna ve f\u0131trat\u0131na uyan e\u011fitim metodudur.Peygamberimizin \u00e7ocuk e\u011fitimi uzun uzun metot bildirimi de\u011fildir. Onun bir davran\u0131\u015f\u0131n\u0131n, bir c\u00fcmlesinin i\u00e7erisinde, bir \u00e7ocu\u011fun hayat\u0131 boyunca psikolojisini g\u00fczelle\u015ftirecek, onu onaracak pek \u00e7ok \u015fey bulmak m\u00fcmk\u00fcnd\u00fcr.Hakikat birdir ama hakikate giden yollar \u00e7oktur. Peygamberimizin s\u00fcnneti o hakikat yolunun en k\u0131sas\u0131 ve Rabban\u00ee olan\u0131d\u0131r. E\u011fitimde her yol, her metot herkese uygun gelmeyebilir. S\u00fcnnetin Rabban\u00ee olu\u015fu onu her huya, herkese uygun k\u0131lm\u0131\u015ft\u0131r.Nuriye \u00c7ele\u011fen, Peygamberimiz (asm) \u00c7ocuklara Nas\u0131l Davran\u0131rd\u0131 kitab\u0131nda \u201cPeygamberim ile \u00e7ocuk yeti\u015ftirmek istiyorum\u201d diyenlere sesleniyor.<\/p>\n","protected":false},"excerpt":{"rendered":"<p>Peygamberimizle (asm) \u00e7ocuk yeti\u015ftirmeye niyet etmek ebeveynin \u00f6ncelikli olarak \u00e7ocuk\u00e7a davran\u0131\u015flar\u0131n\u0131 gidermesi demektir. Bunun i\u00e7in bu \u00e7al\u0131\u015fmada yorumlar ve kurallar \u015feklinde bir yol izlemekten ziyade Peygamber<span class=\"excerpt-hellip\"> [\u2026]<\/span><\/p>\n","protected":false},"featured_media":0,"template":"","meta":{"_monsterinsights_skip_tracking":false,"_monsterinsights_sitenote_active":false,"_monsterinsights_sitenote_note":"","_monsterinsights_sitenote_category":0},"product_brand":[],"product_cat":[12718,12719],"product_tag":[],"class_list":{"0":"post-750177","1":"product","2":"type-product","3":"status-publish","5":"product_cat-din","6":"product_cat-islam","7":"pa_cilt-ciltsiz","8":"pa_tur-kitap","9":"pa_yayinevi-timas-yayinlari","10":"pa_yazar-nuriye-celegen","12":"first","13":"instock","14":"sale","15":"shipping-taxable","16":"purchasable","17":"product-type-simple"},"_links":{"self":[{"href":"https:\/\/roveyayinevi.com.tr\/index.php\/wp-json\/wp\/v2\/product\/750177","targetHints":{"allow":["GET"]}}],"collection":[{"href":"https:\/\/roveyayinevi.com.tr\/index.php\/wp-json\/wp\/v2\/product"}],"about":[{"href":"https:\/\/roveyayinevi.com.tr\/index.php\/wp-json\/wp\/v2\/types\/product"}],"wp:attachment":[{"href":"https:\/\/roveyayinevi.com.tr\/index.php\/wp-json\/wp\/v2\/media?parent=750177"}],"wp:term":[{"taxonomy":"product_brand","embeddable":true,"href":"https:\/\/roveyayinevi.com.tr\/index.php\/wp-json\/wp\/v2\/product_brand?post=750177"},{"taxonomy":"product_cat","embeddable":true,"href":"https:\/\/roveyayinevi.com.tr\/index.php\/wp-json\/wp\/v2\/product_cat?post=750177"},{"taxonomy":"product_tag","embeddable":true,"href":"https:\/\/roveyayinevi.com.tr\/index.php\/wp-json\/wp\/v2\/product_tag?post=750177"}],"curies":[{"name":"wp","href":"https:\/\/api.w.org\/{rel}","templated":true}]}}