{"id":750174,"date":"2025-08-28T04:13:54","date_gmt":"2025-08-28T01:13:54","guid":{"rendered":"https:\/\/roveyayinevi.com.tr\/index.php\/urun\/dunyayi-degistiren-on-domates\/"},"modified":"2026-04-16T03:03:34","modified_gmt":"2026-04-16T00:03:34","slug":"dunyayi-degistiren-on-domates","status":"publish","type":"product","link":"https:\/\/roveyayinevi.com.tr\/index.php\/urun\/dunyayi-degistiren-on-domates\/","title":{"rendered":"D\u00fcnyay\u0131 De\u011fi\u015ftiren On Domates"},"content":{"rendered":"<p>Domates, 1500\u2019lerde bir gece yar\u0131s\u0131, bir geminin ambar\u0131nda Yeni D\u00fcnya\u2019dan Avrupa\u2019ya g\u00f6\u00e7 eder. Y\u00fczy\u0131llarca tarihin \u00e7\u00f6pl\u00fc\u011f\u00fcnde kaybolur, zehirli olmakla su\u00e7lan\u0131r, hen\u00fcz sert ve ye\u015filken toplan\u0131r; hayat bu ya, hem d\u00fcnya mutfaklar\u0131n\u0131n en pop\u00fcler akt\u00f6rlerinden biri, hem de end\u00fcstriyel g\u0131dalardan ho\u015fnutsuzlu\u011fumuzun sembol\u00fc haline gelir.Peki maceralar\u0131n, enteresan tarih\u00ee fig\u00fcrlerin, \u00e7e\u015fit \u00e7e\u015fit yiyece\u011fin, biraz da komplo teorisinin eksik olmad\u0131\u011f\u0131 bu yolculuk boyunca neler ya\u015fand\u0131? William Alexander, D\u00fcnyay\u0131 De\u011fi\u015ftiren On Domates\u2019te domatesin ilgin\u00e7 ger\u00e7eklerle dolu tarih\u00e7esini konu edinirken g\u0131daya ili\u015fkin en g\u00fcncel sorunlar\u0131m\u0131za da de\u011finiyor ve okura al\u0131\u015f\u0131lm\u0131\u015f\u0131n d\u0131\u015f\u0131nda bir uygarl\u0131k tarih\u00e7esi sunuyor. \u201cWilliam Alexander, domatesin d\u00fcnya mutfa\u011f\u0131 ve k\u00fclt\u00fcr\u00fc \u00fczerindeki etkisini konu alan bu turda bize e\u015flik eden e\u011flenceli bir rehber. Tarih, botanik, hat\u0131rat ve seyahatnamenin kendine \u00f6zg\u00fc bir kar\u0131\u015f\u0131m\u0131 olan D\u00fcnyay\u0131 De\u011fi\u015ftiren On Domates, b\u00fcy\u00fcleyici ve i\u015ftah a\u00e7\u0131c\u0131 bir kitap.\u201d \u2013Amy Stewart, New York Times \u00e7oksatan yazar\u0131 \u201cM\u00fctevaz\u0131 meyveye ilgi \u00e7ekici bir bak\u0131\u015f&#8230; Tuhaf, bilgilendirici ve \u00e7ok e\u011flenceli.\u201d \u2013Kirkus Reviews\u201c[Alexander\u2019\u0131n] zamanlamas\u0131 ve sunumu kusursuz.\u201d \u2013The New York Times Magazine\u201cWilliam Alexander, Azteklerden \u0130talyan mutfa\u011f\u0131 ve pizzaya kadar tarihi ke\u015ffetmek i\u00e7in domatesleri kulland\u0131\u011f\u0131 bu kitapta, domatesin e\u011flenceli ve geni\u015f kapsaml\u0131 bir tarih\u00e7esini sunuyor. Bunun yan\u0131nda bizi enteresan tarih\u00ee karakterlerle tan\u0131\u015ft\u0131r\u0131yor; iklim de\u011fi\u015fikli\u011fi, hidroponik ve GDO ile fabrika \u00e7ift\u00e7ili\u011finin yayg\u0131n oldu\u011fu bir d\u00fcnyada lezzet aray\u0131\u015f\u0131 gibi konularla ilgili d\u00fc\u015f\u00fcnmemizi sa\u011fl\u0131yor.\u201d \u2013Mark Pendergrast<\/p>\n","protected":false},"excerpt":{"rendered":"<p>Domates, 1500\u2019lerde bir gece yar\u0131s\u0131, bir geminin ambar\u0131nda Yeni D\u00fcnya\u2019dan Avrupa\u2019ya g\u00f6\u00e7 eder. Y\u00fczy\u0131llarca tarihin \u00e7\u00f6pl\u00fc\u011f\u00fcnde kaybolur, zehirli olmakla su\u00e7lan\u0131r, hen\u00fcz sert ve ye\u015filken toplan\u0131r; hayat<span class=\"excerpt-hellip\"> [\u2026]<\/span><\/p>\n","protected":false},"featured_media":0,"template":"","meta":{"_monsterinsights_skip_tracking":false,"_monsterinsights_sitenote_active":false,"_monsterinsights_sitenote_note":"","_monsterinsights_sitenote_category":0},"product_brand":[],"product_cat":[13005,37328],"product_tag":[],"class_list":{"0":"post-750174","1":"product","2":"type-product","3":"status-publish","5":"product_cat-bilim-muhendislik","6":"product_cat-diger-bilim-muhendislik","7":"pa_cilt-ciltsiz","8":"pa_tur-kitap","9":"pa_yayinevi-timas-yayinlari","10":"pa_yazar-william-alexander","12":"first","13":"instock","14":"sale","15":"shipping-taxable","16":"purchasable","17":"product-type-simple"},"_links":{"self":[{"href":"https:\/\/roveyayinevi.com.tr\/index.php\/wp-json\/wp\/v2\/product\/750174","targetHints":{"allow":["GET"]}}],"collection":[{"href":"https:\/\/roveyayinevi.com.tr\/index.php\/wp-json\/wp\/v2\/product"}],"about":[{"href":"https:\/\/roveyayinevi.com.tr\/index.php\/wp-json\/wp\/v2\/types\/product"}],"wp:attachment":[{"href":"https:\/\/roveyayinevi.com.tr\/index.php\/wp-json\/wp\/v2\/media?parent=750174"}],"wp:term":[{"taxonomy":"product_brand","embeddable":true,"href":"https:\/\/roveyayinevi.com.tr\/index.php\/wp-json\/wp\/v2\/product_brand?post=750174"},{"taxonomy":"product_cat","embeddable":true,"href":"https:\/\/roveyayinevi.com.tr\/index.php\/wp-json\/wp\/v2\/product_cat?post=750174"},{"taxonomy":"product_tag","embeddable":true,"href":"https:\/\/roveyayinevi.com.tr\/index.php\/wp-json\/wp\/v2\/product_tag?post=750174"}],"curies":[{"name":"wp","href":"https:\/\/api.w.org\/{rel}","templated":true}]}}