{"id":750172,"date":"2025-08-28T04:13:52","date_gmt":"2025-08-28T01:13:52","guid":{"rendered":"https:\/\/roveyayinevi.com.tr\/index.php\/urun\/cikmaz-yol\/"},"modified":"2026-04-16T03:03:34","modified_gmt":"2026-04-16T00:03:34","slug":"cikmaz-yol","status":"publish","type":"product","link":"https:\/\/roveyayinevi.com.tr\/index.php\/urun\/cikmaz-yol\/","title":{"rendered":"\u00c7\u0131kmaz Yol"},"content":{"rendered":"<p>\u00c7\u0131kmaz Yol: D\u00fcnden Yar\u0131na T\u00fcrkiye Ekonomisi, d\u0131\u015fa a\u00e7\u0131lman\u0131n ba\u015flad\u0131\u011f\u0131 1980\u2019den bu yana \u00fclke ekonomisinin b\u00fct\u00fcnl\u00fckl\u00fc bir portresini \u00e7izerken ayn\u0131 zamanda gelece\u011fiyle ilgili de ipu\u00e7lar\u0131 veren \u00e7al\u0131\u015fmalar\u0131 bir araya getiriyor. Ekonomi okurlar\u0131n\u0131n yak\u0131ndan tan\u0131d\u0131\u011f\u0131 iki ismin, Asaf Sava\u015f Akat ile Seyfettin G\u00fcrsel\u2019in derledi\u011fi bu kitaptaki i\u00e7erik, daha \u00f6nce Turkish Economy at the Crossroads: Facing the Challenges Ahead adl\u0131 kitapta k\u0131smen yay\u0131mlanm\u0131\u015ft\u0131. T\u00fcrk\u00e7e bask\u0131 i\u00e7in b\u00f6l\u00fcmler yazarlarca g\u00f6zden ge\u00e7irilip g\u00fcncellendi, ayr\u0131ca se\u00e7kiye yeni isimler kat\u0131ld\u0131. Derlemede \u015eevket Pamuk\u2019un T\u00fcrkiye\u2019de iktisat politikalar\u0131 ve kurumsal de\u011fi\u015fim; Daron Acemo\u011flu ile Murat \u00dc\u00e7er\u2019in y\u00fcksek ve d\u00fc\u015f\u00fck kaliteli ekonomik b\u00fcy\u00fcme; \u0130zak Atiyas ile Ozan Bak\u0131\u015f\u2019\u0131n verimlilik, kaynak tahsisi ve yap\u0131sal d\u00f6n\u00fc\u015f\u00fcm; M. Ege Yazgan\u2019\u0131n T\u00fcrkiye\u2019de son finansal \u00e7evrim; Refet S. G\u00fcrkaynak, Bur\u00e7in K\u0131sac\u0131ko\u011flu, Sang Seok Lee ve Alp \u015eim\u015fek\u2019in enflasyon tercihleri; Cihat Tokg\u00f6z\u2019\u00fcn bankac\u0131l\u0131kta siyasetin rol\u00fc; \u00d6ner G\u00fcn\u00e7avd\u0131 ile Ay\u015fe Aylin Bayar\u2019\u0131n gelir da\u011f\u0131l\u0131m\u0131 ve yap\u0131sal d\u00f6n\u00fc\u015f\u00fcm; Seyfettin G\u00fcrsel ile G\u00f6k\u00e7e Uysal\u2019\u0131n i\u015fg\u00fcc\u00fc piyasas\u0131n\u0131n evrimi ve yap\u0131sal sorunlar\u0131; Cengiz Aktar\u2019\u0131n T\u00fcrkiye\u2019nin Avrupa Birli\u011fi \u00fcyelik s\u00fcreci ve Atilla Ye\u015filada\u2019n\u0131n kalk\u0131nma perspektifinden \u00fclkeyi bekleyen gelecek \u00fczerine b\u00f6l\u00fcmleri yer al\u0131yor. Alan\u0131n \u00f6nde gelen isimlerinin g\u00f6r\u00fc\u015f ve analizleriyle literat\u00fcre anlaml\u0131 katk\u0131 sa\u011flayan \u00c7\u0131kmaz Yol: D\u00fcnden Yar\u0131na T\u00fcrkiye Ekonomisi, s\u0131n\u0131rlar\u0131, a\u00e7mazlar\u0131 ve f\u0131rsatlar\u0131yla \u00fclke ekonomisinin bug\u00fcn i\u00e7inde bulundu\u011fu duruma nas\u0131l geldi\u011fini g\u00f6zler \u00f6n\u00fcne seriyor. \u0130ktisat\u00e7\u0131lar, \u00f6\u011frenciler ve genel ekonomi okurlar\u0131 i\u00e7in bir ba\u015fvuru kitab\u0131 olma \u00f6zelli\u011fi ta\u015f\u0131yor. YAZARLAR: Daron Acemo\u011flu, Cengiz Aktar, \u0130zak Atiyas, Ozan Bak\u0131\u015f, Ay\u015fe Aylin Bayar, \u00d6ner G\u00fcn\u00e7avd\u0131, Refet S. G\u00fcrkaynak, Seyfettin G\u00fcrsel, Bur\u00e7in K\u0131sac\u0131ko\u011flu, Sang Seok Lee, \u015eevket Pamuk, Alp \u015eim\u015fek, Cihat Tokg\u00f6z, G\u00f6k\u00e7e Uysal, Murat \u00dc\u00e7er, M. Ege Yazgan, Atilla Ye\u015filada <\/p>\n","protected":false},"excerpt":{"rendered":"<p>\u00c7\u0131kmaz Yol: D\u00fcnden Yar\u0131na T\u00fcrkiye Ekonomisi, d\u0131\u015fa a\u00e7\u0131lman\u0131n ba\u015flad\u0131\u011f\u0131 1980\u2019den bu yana \u00fclke ekonomisinin b\u00fct\u00fcnl\u00fckl\u00fc bir portresini \u00e7izerken ayn\u0131 zamanda gelece\u011fiyle ilgili de ipu\u00e7lar\u0131 veren \u00e7al\u0131\u015fmalar\u0131<span class=\"excerpt-hellip\"> [\u2026]<\/span><\/p>\n","protected":false},"featured_media":0,"template":"","meta":{"_monsterinsights_skip_tracking":false,"_monsterinsights_sitenote_active":false,"_monsterinsights_sitenote_note":"","_monsterinsights_sitenote_category":0},"product_brand":[],"product_cat":[13043,14144],"product_tag":[],"class_list":{"0":"post-750172","1":"product","2":"type-product","3":"status-publish","5":"product_cat-ekonomi","6":"product_cat-turkiye-ekonomisi","7":"pa_cilt-ciltsiz","8":"pa_tur-kitap","9":"pa_yayinevi-istanbul-bilgi-universitesi-yayinlari","10":"pa_yazar-kolektif","12":"first","13":"instock","14":"sale","15":"shipping-taxable","16":"purchasable","17":"product-type-simple"},"_links":{"self":[{"href":"https:\/\/roveyayinevi.com.tr\/index.php\/wp-json\/wp\/v2\/product\/750172","targetHints":{"allow":["GET"]}}],"collection":[{"href":"https:\/\/roveyayinevi.com.tr\/index.php\/wp-json\/wp\/v2\/product"}],"about":[{"href":"https:\/\/roveyayinevi.com.tr\/index.php\/wp-json\/wp\/v2\/types\/product"}],"wp:attachment":[{"href":"https:\/\/roveyayinevi.com.tr\/index.php\/wp-json\/wp\/v2\/media?parent=750172"}],"wp:term":[{"taxonomy":"product_brand","embeddable":true,"href":"https:\/\/roveyayinevi.com.tr\/index.php\/wp-json\/wp\/v2\/product_brand?post=750172"},{"taxonomy":"product_cat","embeddable":true,"href":"https:\/\/roveyayinevi.com.tr\/index.php\/wp-json\/wp\/v2\/product_cat?post=750172"},{"taxonomy":"product_tag","embeddable":true,"href":"https:\/\/roveyayinevi.com.tr\/index.php\/wp-json\/wp\/v2\/product_tag?post=750172"}],"curies":[{"name":"wp","href":"https:\/\/api.w.org\/{rel}","templated":true}]}}