{"id":750169,"date":"2025-08-28T04:13:48","date_gmt":"2025-08-28T01:13:48","guid":{"rendered":"https:\/\/roveyayinevi.com.tr\/index.php\/urun\/en-iyi-anneler-ve-babalar-super-hayvanlar-serisi\/"},"modified":"2026-04-16T03:03:34","modified_gmt":"2026-04-16T00:03:34","slug":"en-iyi-anneler-ve-babalar-super-hayvanlar-serisi","status":"publish","type":"product","link":"https:\/\/roveyayinevi.com.tr\/index.php\/urun\/en-iyi-anneler-ve-babalar-super-hayvanlar-serisi\/","title":{"rendered":"En \u0130yi Anneler ve Babalar &#8211; S\u00fcper Hayvanlar Serisi"},"content":{"rendered":"<p>Hayvanlar \u00e2lemindeki baz\u0131 t\u00fcrlerde, t\u0131pk\u0131 insanlarda oldu\u011fu gibi anneler ve babalar yavrular\u0131n\u0131n geli\u015fiminde \u00f6nemli rol oynar. Onlar\u0131 koruyup kollar, g\u00fcvende ve sa\u011fl\u0131kl\u0131 olmalar\u0131 i\u00e7in \u00e7e\u015fitli \u00f6nemler al\u0131p fedak\u00e2rl\u0131klar yaparlar.   Hayvanlar\u0131n birbirinden etkileyici \u00f6zelliklerle kar\u015f\u0131m\u0131za \u00e7\u0131kt\u0131\u011f\u0131 \u201cS\u00fcper Hayvanlar\u201d serisinin En \u0130yi Anneler ve Babalar kitab\u0131nda penguen, tilki, palya\u00e7o bal\u0131\u011f\u0131, kanguru gibi pek \u00e7ok t\u00fcr\u00fcn yavrular\u0131, kendileri hakk\u0131nda verdikleri bilgilerin yan\u0131 s\u0131ra bizi o t\u00fcr\u00fcn m\u00fckemmel anne ve babalar\u0131yla tan\u0131\u015ft\u0131racak! <\/p>\n","protected":false},"excerpt":{"rendered":"<p>Hayvanlar \u00e2lemindeki baz\u0131 t\u00fcrlerde, t\u0131pk\u0131 insanlarda oldu\u011fu gibi anneler ve babalar yavrular\u0131n\u0131n geli\u015fiminde \u00f6nemli rol oynar. Onlar\u0131 koruyup kollar, g\u00fcvende ve sa\u011fl\u0131kl\u0131 olmalar\u0131 i\u00e7in \u00e7e\u015fitli \u00f6nemler<span class=\"excerpt-hellip\"> [\u2026]<\/span><\/p>\n","protected":false},"featured_media":0,"template":"","meta":{"_monsterinsights_skip_tracking":false,"_monsterinsights_sitenote_active":false,"_monsterinsights_sitenote_note":"","_monsterinsights_sitenote_category":0},"product_brand":[],"product_cat":[12274,12284],"product_tag":[],"class_list":{"0":"post-750169","1":"product","2":"type-product","3":"status-publish","5":"product_cat-cocuk-ve-genclik-kitaplari","6":"product_cat-hikayeler","7":"pa_cilt-ciltsiz","8":"pa_tur-kitap","9":"pa_yayinevi-ithaki-yayinlari","10":"pa_yazar-reina-ollivier-karel-claes","12":"first","13":"instock","14":"sale","15":"shipping-taxable","16":"purchasable","17":"product-type-simple"},"_links":{"self":[{"href":"https:\/\/roveyayinevi.com.tr\/index.php\/wp-json\/wp\/v2\/product\/750169","targetHints":{"allow":["GET"]}}],"collection":[{"href":"https:\/\/roveyayinevi.com.tr\/index.php\/wp-json\/wp\/v2\/product"}],"about":[{"href":"https:\/\/roveyayinevi.com.tr\/index.php\/wp-json\/wp\/v2\/types\/product"}],"wp:attachment":[{"href":"https:\/\/roveyayinevi.com.tr\/index.php\/wp-json\/wp\/v2\/media?parent=750169"}],"wp:term":[{"taxonomy":"product_brand","embeddable":true,"href":"https:\/\/roveyayinevi.com.tr\/index.php\/wp-json\/wp\/v2\/product_brand?post=750169"},{"taxonomy":"product_cat","embeddable":true,"href":"https:\/\/roveyayinevi.com.tr\/index.php\/wp-json\/wp\/v2\/product_cat?post=750169"},{"taxonomy":"product_tag","embeddable":true,"href":"https:\/\/roveyayinevi.com.tr\/index.php\/wp-json\/wp\/v2\/product_tag?post=750169"}],"curies":[{"name":"wp","href":"https:\/\/api.w.org\/{rel}","templated":true}]}}