{"id":750167,"date":"2025-08-28T04:13:45","date_gmt":"2025-08-28T01:13:45","guid":{"rendered":"https:\/\/roveyayinevi.com.tr\/index.php\/urun\/eril-disil-denge-andan-razi-olarak-yasama-sanati\/"},"modified":"2026-04-03T03:05:23","modified_gmt":"2026-04-03T00:05:23","slug":"eril-disil-denge-andan-razi-olarak-yasama-sanati","status":"publish","type":"product","link":"https:\/\/roveyayinevi.com.tr\/index.php\/urun\/eril-disil-denge-andan-razi-olarak-yasama-sanati\/","title":{"rendered":"Eril &amp; Di\u015fil Denge \u2013 Andan Raz\u0131 Olarak Ya\u015fama Sanat\u0131"},"content":{"rendered":"<p>\u201cPlanlar\u0131n \u00f6tesinde daima bir b\u00fcy\u00fck plan vard\u0131r. Teslimiyet \u00f6\u011frenildik\u00e7e hayat kolayla\u015f\u0131r.\u201d Biz insanlar k\u00e2inat\u0131 var eden birlik ve beraberlik enerjisinin b\u00f6l\u00fcnemez, ayr\u0131lamaz birer par\u00e7as\u0131y\u0131z. \u00d6mr\u00fcm\u00fcz boyunca ya\u015fad\u0131klar\u0131m\u0131z, kar\u015f\u0131m\u0131za \u00e7\u0131kan insanlar, bazen can\u0131m\u0131z\u0131 yakan bazen sevindiren durumlar da bu harikulade b\u00fct\u00fcn\u00fcn olmazsa olmaz birer par\u00e7as\u0131 asl\u0131nda. K\u00e2inatta ger\u00e7ekle\u015fen her \u015fey gerekti\u011fi zamanda ve olmas\u0131 gerekti\u011fi \u015fekilde ya\u015fan\u0131yor. Olanlar\u0131n t\u00fcm\u00fc b\u00fct\u00fcnl\u00fc\u011f\u00fcm\u00fcze katk\u0131 sunmak ve \u015fu \u00e2n\u0131m\u0131za hizmet i\u00e7in ger\u00e7ekle\u015fiyor. Bu m\u00fckemmel enerjiyi ve i\u015fleyi\u015fi kavrayabildi\u011fimizde; ge\u00e7mi\u015fe tak\u0131lmak ya da gelecek i\u00e7in endi\u015felenmek yerine i\u00e7inde bulundu\u011fumuz \u00e2n\u0131 ya\u015fayabildi\u011fimizde, hayat\u0131n nas\u0131l kolayla\u015ft\u0131\u011f\u0131n\u0131 ve dengeye kavu\u015ftu\u011funu g\u00f6rece\u011fiz. Hayat\u0131n o mucizevi, lezzetli tad\u0131n\u0131 almaya ba\u015flayaca\u011f\u0131z. Kendine D\u00f6n\u00fc\u015f\u00fcm ve Eril-Di\u015fil Denge konular\u0131nda uzun s\u00fcredir e\u011fitimler veren Elif Zorcan deneyimlerinden s\u00fczd\u00fc\u011f\u00fc, ger\u00e7ek ya\u015fam \u00f6yk\u00fcleriyle s\u0131nad\u0131\u011f\u0131 bilgileri okurlar\u0131yla payla\u015f\u0131yor. \u201cEril&amp;Di\u015fil Denge &#8211; Andan Raz\u0131 Olarak Ya\u015fama Sanat\u0131\u201d art\u0131r\u0131lm\u0131\u015f bir fark\u0131ndal\u0131kla ya\u015famak, hayat\u0131n\u0131z\u0131 kolayla\u015ft\u0131r\u0131p g\u00fczelle\u015ftirmek yolunda sizlere ilham verecek. <\/p>\n","protected":false},"excerpt":{"rendered":"<p>\u201cPlanlar\u0131n \u00f6tesinde daima bir b\u00fcy\u00fck plan vard\u0131r. Teslimiyet \u00f6\u011frenildik\u00e7e hayat kolayla\u015f\u0131r.\u201d Biz insanlar k\u00e2inat\u0131 var eden birlik ve beraberlik enerjisinin b\u00f6l\u00fcnemez, ayr\u0131lamaz birer par\u00e7as\u0131y\u0131z. \u00d6mr\u00fcm\u00fcz boyunca<span class=\"excerpt-hellip\"> [\u2026]<\/span><\/p>\n","protected":false},"featured_media":0,"template":"","meta":{"_monsterinsights_skip_tracking":false,"_monsterinsights_sitenote_active":false,"_monsterinsights_sitenote_note":"","_monsterinsights_sitenote_category":0},"product_brand":[],"product_cat":[12364,12376],"product_tag":[],"class_list":{"0":"post-750167","1":"product","2":"type-product","3":"status-publish","5":"product_cat-genel-konular","6":"product_cat-kisisel-gelisim","7":"pa_cilt-ciltsiz","8":"pa_tur-kitap","9":"pa_yayinevi-muptela-yayinevi","10":"pa_yazar-elif-zorcan","12":"first","13":"instock","14":"sale","15":"shipping-taxable","16":"purchasable","17":"product-type-simple"},"_links":{"self":[{"href":"https:\/\/roveyayinevi.com.tr\/index.php\/wp-json\/wp\/v2\/product\/750167","targetHints":{"allow":["GET"]}}],"collection":[{"href":"https:\/\/roveyayinevi.com.tr\/index.php\/wp-json\/wp\/v2\/product"}],"about":[{"href":"https:\/\/roveyayinevi.com.tr\/index.php\/wp-json\/wp\/v2\/types\/product"}],"wp:attachment":[{"href":"https:\/\/roveyayinevi.com.tr\/index.php\/wp-json\/wp\/v2\/media?parent=750167"}],"wp:term":[{"taxonomy":"product_brand","embeddable":true,"href":"https:\/\/roveyayinevi.com.tr\/index.php\/wp-json\/wp\/v2\/product_brand?post=750167"},{"taxonomy":"product_cat","embeddable":true,"href":"https:\/\/roveyayinevi.com.tr\/index.php\/wp-json\/wp\/v2\/product_cat?post=750167"},{"taxonomy":"product_tag","embeddable":true,"href":"https:\/\/roveyayinevi.com.tr\/index.php\/wp-json\/wp\/v2\/product_tag?post=750167"}],"curies":[{"name":"wp","href":"https:\/\/api.w.org\/{rel}","templated":true}]}}