{"id":750166,"date":"2025-08-28T04:13:43","date_gmt":"2025-08-28T01:13:43","guid":{"rendered":"https:\/\/roveyayinevi.com.tr\/index.php\/urun\/denize-soyledigim-sarkilar\/"},"modified":"2026-04-08T03:10:08","modified_gmt":"2026-04-08T00:10:08","slug":"denize-soyledigim-sarkilar","status":"publish","type":"product","link":"https:\/\/roveyayinevi.com.tr\/index.php\/urun\/denize-soyledigim-sarkilar\/","title":{"rendered":"Denize S\u00f6yledi\u011fim \u015eark\u0131lar"},"content":{"rendered":"<p>Deniz k\u0131y\u0131s\u0131ndan, a\u015fk ve tutku aras\u0131ndaki ince \u00e7izgiyi ar\u015f\u0131nlayan bir hik\u00e2ye.   Deniz Ceren T\u00fcrkkan, ilk kitab\u0131 D\u00fc\u015f Mesafesi\u2019nden sonra bu kez bir romanla selaml\u0131yor okuru. Denize S\u00f6yledi\u011fim \u015eark\u0131lar\u2019da, y\u00fczy\u0131llard\u0131r anlat\u0131lagelen a\u015fk hik\u00e2yelerini sahipleniyor T\u00fcrkkan; sevgiye, tutkuya, k\u0131skan\u00e7l\u0131\u011fa ve ihanete dair derin c\u00fcmleler kuruyor. Kendini denize teslim eden bir kad\u0131n\u0131n ve denizden medet uman bir erke\u011fin \u015fark\u0131s\u0131n\u0131 s\u00f6yl\u00fcyor.   \u201cG\u00f6rd\u00fc onu.   \u00c7\u00f6lde serap g\u00f6ren bir gezgin gibi g\u00f6rd\u00fc.   G\u00f6rd\u00fc ve beyninden vurulmu\u015fa d\u00f6nd\u00fc.   G\u00fcl\u00fcmsemesinde, ak\u015fam karanl\u0131\u011f\u0131n\u0131 ayd\u0131nlatan giz dolu bir \u0131\u015f\u0131k vard\u0131. Cicili bicili s\u00fcslenmi\u015f, y\u00fcz\u00fcn\u00fcn belirgin hatlar\u0131n\u0131 \u00f6ne \u00e7\u0131karan bir makyajla boyanm\u0131\u015ft\u0131. K\u0131z\u0131l sa\u00e7lar\u0131ndan bir tutam per\u00e7em elmac\u0131k kemiklerine d\u00fc\u015f\u00fcyordu; bu ba\u015f\u0131na buyruk d\u00fc\u015f\u00fc\u015fte, ye\u015fil g\u00f6zlerinin derinli\u011fini vurgulayan bir k\u0131r\u0131tkanl\u0131k, s\u00fczg\u00fcn bir eda gizliydi.   Handan, g\u00f6zleri \u00e7akmak \u00e7akmak, \u2018\u00c7ok g\u00fczel,\u2019 diye f\u0131s\u0131ldad\u0131. \u2018B\u00f6yle bir g\u00fczellik, de\u011fil bir denizciye, t\u00fcm denizlere h\u00fckmedebilir.\u2019\u201d <\/p>\n","protected":false},"excerpt":{"rendered":"<p>Deniz k\u0131y\u0131s\u0131ndan, a\u015fk ve tutku aras\u0131ndaki ince \u00e7izgiyi ar\u015f\u0131nlayan bir hik\u00e2ye. Deniz Ceren T\u00fcrkkan, ilk kitab\u0131 D\u00fc\u015f Mesafesi\u2019nden sonra bu kez bir romanla selaml\u0131yor okuru. Denize<span class=\"excerpt-hellip\"> [\u2026]<\/span><\/p>\n","protected":false},"featured_media":0,"template":"","meta":{"_monsterinsights_skip_tracking":false,"_monsterinsights_sitenote_active":false,"_monsterinsights_sitenote_note":"","_monsterinsights_sitenote_category":0},"product_brand":[],"product_cat":[12291,12711],"product_tag":[],"class_list":{"0":"post-750166","1":"product","2":"type-product","3":"status-publish","5":"product_cat-edebiyat","6":"product_cat-roman-oyku","7":"pa_cilt-ciltsiz","8":"pa_tur-kitap","9":"pa_yayinevi-ithaki-yayinlari","10":"pa_yazar-deniz-ceren-turkkan","12":"first","13":"instock","14":"sale","15":"shipping-taxable","16":"purchasable","17":"product-type-simple"},"_links":{"self":[{"href":"https:\/\/roveyayinevi.com.tr\/index.php\/wp-json\/wp\/v2\/product\/750166","targetHints":{"allow":["GET"]}}],"collection":[{"href":"https:\/\/roveyayinevi.com.tr\/index.php\/wp-json\/wp\/v2\/product"}],"about":[{"href":"https:\/\/roveyayinevi.com.tr\/index.php\/wp-json\/wp\/v2\/types\/product"}],"wp:attachment":[{"href":"https:\/\/roveyayinevi.com.tr\/index.php\/wp-json\/wp\/v2\/media?parent=750166"}],"wp:term":[{"taxonomy":"product_brand","embeddable":true,"href":"https:\/\/roveyayinevi.com.tr\/index.php\/wp-json\/wp\/v2\/product_brand?post=750166"},{"taxonomy":"product_cat","embeddable":true,"href":"https:\/\/roveyayinevi.com.tr\/index.php\/wp-json\/wp\/v2\/product_cat?post=750166"},{"taxonomy":"product_tag","embeddable":true,"href":"https:\/\/roveyayinevi.com.tr\/index.php\/wp-json\/wp\/v2\/product_tag?post=750166"}],"curies":[{"name":"wp","href":"https:\/\/api.w.org\/{rel}","templated":true}]}}