{"id":750165,"date":"2025-08-28T04:13:41","date_gmt":"2025-08-28T01:13:41","guid":{"rendered":"https:\/\/roveyayinevi.com.tr\/index.php\/urun\/fil-3\/"},"modified":"2026-04-16T03:03:34","modified_gmt":"2026-04-16T00:03:34","slug":"fil-3","status":"publish","type":"product","link":"https:\/\/roveyayinevi.com.tr\/index.php\/urun\/fil-3\/","title":{"rendered":"Fil"},"content":{"rendered":"<p>Martin Suter uzun y\u0131llar boyunca reklam ajanslar\u0131nda kreatif direkt\u00f6rl\u00fck ve metin yazarl\u0131\u011f\u0131 yapt\u0131ktan sonra, 1997 y\u0131l\u0131nda, kendisi ancak k\u0131rk dokuz ya\u015f\u0131ndayken yay\u0131mlanan ilk roman\u0131yla b\u00fcy\u00fck ba\u015far\u0131 elde etti. K\u00f6\u015fe yaz\u0131lar\u0131, senaryolar\u0131 ve tiyatro oyunlar\u0131yla da tan\u0131nan Suter\u2019in onuncu roman\u0131 Fil ise yazar\u0131n uluslararas\u0131 \u00e7oksatanlar\u0131ndan biri.   Schoch hayat\u0131 i\u00e7kinin tesiri alt\u0131nda ge\u00e7en bir evsizdir. Bir ma\u011farada kal\u0131yor, g\u00fcn\u00fcn\u00fc Z\u00fcrih sokaklar\u0131nda ge\u00e7iriyordur. G\u00fcnlerden bir g\u00fcn kar\u015f\u0131s\u0131nda canl\u0131, nefes al\u0131p veren, k\u00fc\u00e7\u00fcc\u00fck ve \u0131\u015f\u0131ldayan pembe bir fil g\u00f6r\u00fcr. Bunun bir hal\u00fcsinasyon oldu\u011funu d\u00fc\u015f\u00fcn\u00fcr \u00f6nce ama hay\u0131r, k\u00fc\u00e7\u00fck bir \u00e7ocuk oyunca\u011f\u0131na benzeyen bu canl\u0131 ger\u00e7ekten bir fildir. Kendisinden ba\u015fka birisinin sorumlulu\u011funu uzun zamand\u0131r ilk defa \u00fcstlenen Schoch hayat\u0131n\u0131n de\u011fi\u015febilece\u011fini d\u00fc\u015f\u00fcn\u00fcr. Fakat bu mucizevi canl\u0131n\u0131n alengirli ge\u00e7mi\u015fi b\u0131rakmayacakt\u0131r pe\u015fini.    \u0130svi\u00e7reli yazar Martin Suter\u2019den Fil, genetik m\u00fchendisli\u011fi, ba\u011f\u0131ml\u0131l\u0131k, bar\u0131nma sorunu, hayvan haklar\u0131 ve ya\u015fama umuduna dair dolamba\u00e7l\u0131 bir macera, muzip bir roman.\u201c\u00d6zellikle sorumsuz f\u0131rsat\u00e7\u0131lar taraf\u0131ndan yanl\u0131\u015f kullan\u0131ld\u0131\u011f\u0131nda genetik m\u00fchendisli\u011fin yol a\u00e7abilece\u011fi tehlikelere dair bir roman.\u201d \u2013Bild   \u201cMartin Suter, bilimkurgu, gerilim ve peri masal\u0131 kar\u0131\u015f\u0131m\u0131 yeni bir t\u00fcrde uzman.\u201d \u2013Norddeutscher Rundfunk <\/p>\n","protected":false},"excerpt":{"rendered":"<p>Martin Suter uzun y\u0131llar boyunca reklam ajanslar\u0131nda kreatif direkt\u00f6rl\u00fck ve metin yazarl\u0131\u011f\u0131 yapt\u0131ktan sonra, 1997 y\u0131l\u0131nda, kendisi ancak k\u0131rk dokuz ya\u015f\u0131ndayken yay\u0131mlanan ilk roman\u0131yla b\u00fcy\u00fck ba\u015far\u0131<span class=\"excerpt-hellip\"> [\u2026]<\/span><\/p>\n","protected":false},"featured_media":0,"template":"","meta":{"_monsterinsights_skip_tracking":false,"_monsterinsights_sitenote_active":false,"_monsterinsights_sitenote_note":"","_monsterinsights_sitenote_category":0},"product_brand":[],"product_cat":[12291,12711],"product_tag":[],"class_list":{"0":"post-750165","1":"product","2":"type-product","3":"status-publish","5":"product_cat-edebiyat","6":"product_cat-roman-oyku","7":"pa_cilt-ciltsiz","8":"pa_tur-kitap","9":"pa_yayinevi-ithaki-yayinlari","10":"pa_yazar-martin-suter","12":"first","13":"instock","14":"sale","15":"shipping-taxable","16":"purchasable","17":"product-type-simple"},"_links":{"self":[{"href":"https:\/\/roveyayinevi.com.tr\/index.php\/wp-json\/wp\/v2\/product\/750165","targetHints":{"allow":["GET"]}}],"collection":[{"href":"https:\/\/roveyayinevi.com.tr\/index.php\/wp-json\/wp\/v2\/product"}],"about":[{"href":"https:\/\/roveyayinevi.com.tr\/index.php\/wp-json\/wp\/v2\/types\/product"}],"wp:attachment":[{"href":"https:\/\/roveyayinevi.com.tr\/index.php\/wp-json\/wp\/v2\/media?parent=750165"}],"wp:term":[{"taxonomy":"product_brand","embeddable":true,"href":"https:\/\/roveyayinevi.com.tr\/index.php\/wp-json\/wp\/v2\/product_brand?post=750165"},{"taxonomy":"product_cat","embeddable":true,"href":"https:\/\/roveyayinevi.com.tr\/index.php\/wp-json\/wp\/v2\/product_cat?post=750165"},{"taxonomy":"product_tag","embeddable":true,"href":"https:\/\/roveyayinevi.com.tr\/index.php\/wp-json\/wp\/v2\/product_tag?post=750165"}],"curies":[{"name":"wp","href":"https:\/\/api.w.org\/{rel}","templated":true}]}}