{"id":750162,"date":"2025-08-28T04:13:37","date_gmt":"2025-08-28T01:13:37","guid":{"rendered":"https:\/\/roveyayinevi.com.tr\/index.php\/urun\/101-soruda-15-temmuz-yargisi\/"},"modified":"2026-01-22T03:26:24","modified_gmt":"2026-01-22T00:26:24","slug":"101-soruda-15-temmuz-yargisi","status":"publish","type":"product","link":"https:\/\/roveyayinevi.com.tr\/index.php\/urun\/101-soruda-15-temmuz-yargisi\/","title":{"rendered":"101 Soruda 15 Temmuz Yarg\u0131s\u0131"},"content":{"rendered":"<p>Bir siyasi iktidar\u0131n kendi \u00fclkesinde \u201cterminat\u00f6r\u201d gibi davranarak devletin temeli olan hukuku ve yarg\u0131y\u0131 parampar\u00e7a etmesi \u00e7ok s\u0131k rastlanan bir durum de\u011fildir. Hukuk ve yarg\u0131 d\u00fczeni parampar\u00e7a edilince, g\u00fcn gelir herkes hukuksuzluk ve \u015fiddette e\u015fitlenerek bundan nasibini al\u0131r. \u00dcst\u00fcnlerin hukukuna g\u00f6re cezas\u0131z kalan \u015fiddet, zamanla toplumun \u00fczerine \u00e7\u00f6ker ve yayg\u0131nla\u015f\u0131r. Hukuksuzluk ve yayd\u0131\u011f\u0131 \u015fiddet ise t\u0131pk\u0131 bir ta\u015f\u0131n suya at\u0131lmas\u0131 gibi, dalga dalga yay\u0131larak toplumsal \u00e7\u00fcr\u00fcmeye yol a\u00e7ar. T\u00fcrkiye\u2019de ya\u015fanan budur. <\/p>\n","protected":false},"excerpt":{"rendered":"<p>Bir siyasi iktidar\u0131n kendi \u00fclkesinde \u201cterminat\u00f6r\u201d gibi davranarak devletin temeli olan hukuku ve yarg\u0131y\u0131 parampar\u00e7a etmesi \u00e7ok s\u0131k rastlanan bir durum de\u011fildir. Hukuk ve yarg\u0131 d\u00fczeni<span class=\"excerpt-hellip\"> [\u2026]<\/span><\/p>\n","protected":false},"featured_media":0,"template":"","meta":{"_monsterinsights_skip_tracking":false,"_monsterinsights_sitenote_active":false,"_monsterinsights_sitenote_note":"","_monsterinsights_sitenote_category":0},"product_brand":[],"product_cat":[12337,14543],"product_tag":[],"class_list":{"0":"post-750162","1":"product","2":"type-product","3":"status-publish","5":"product_cat-politika-siyaset","6":"product_cat-turkiye-siyaseti-ve-politikasi","7":"pa_cilt-ciltsiz","8":"pa_tur-kitap","9":"pa_yayinevi-zoe-kitap","10":"pa_yazar-figen-calikusu","12":"first","13":"instock","14":"sale","15":"shipping-taxable","16":"purchasable","17":"product-type-simple"},"_links":{"self":[{"href":"https:\/\/roveyayinevi.com.tr\/index.php\/wp-json\/wp\/v2\/product\/750162","targetHints":{"allow":["GET"]}}],"collection":[{"href":"https:\/\/roveyayinevi.com.tr\/index.php\/wp-json\/wp\/v2\/product"}],"about":[{"href":"https:\/\/roveyayinevi.com.tr\/index.php\/wp-json\/wp\/v2\/types\/product"}],"wp:attachment":[{"href":"https:\/\/roveyayinevi.com.tr\/index.php\/wp-json\/wp\/v2\/media?parent=750162"}],"wp:term":[{"taxonomy":"product_brand","embeddable":true,"href":"https:\/\/roveyayinevi.com.tr\/index.php\/wp-json\/wp\/v2\/product_brand?post=750162"},{"taxonomy":"product_cat","embeddable":true,"href":"https:\/\/roveyayinevi.com.tr\/index.php\/wp-json\/wp\/v2\/product_cat?post=750162"},{"taxonomy":"product_tag","embeddable":true,"href":"https:\/\/roveyayinevi.com.tr\/index.php\/wp-json\/wp\/v2\/product_tag?post=750162"}],"curies":[{"name":"wp","href":"https:\/\/api.w.org\/{rel}","templated":true}]}}