{"id":750160,"date":"2025-08-28T04:13:34","date_gmt":"2025-08-28T01:13:34","guid":{"rendered":"https:\/\/roveyayinevi.com.tr\/index.php\/urun\/turkiye-den-sosyal-hizmet-vakalari\/"},"modified":"2026-04-16T03:03:34","modified_gmt":"2026-04-16T00:03:34","slug":"turkiye-den-sosyal-hizmet-vakalari","status":"publish","type":"product","link":"https:\/\/roveyayinevi.com.tr\/index.php\/urun\/turkiye-den-sosyal-hizmet-vakalari\/","title":{"rendered":"T\u00fcrkiye\u2019 den Sosyal Hizmet Vakalar\u0131"},"content":{"rendered":"<p>T\u00fcrkiye\u2019de sosyal hizmet e\u011fitiminde yerel bilginin kullan\u0131m\u0131n\u0131 art\u0131rmak ve T\u00fcrkiye ba\u011flam\u0131na \u00f6zg\u00fc sorunlar\u0131 tart\u0131\u015fabilmek i\u00e7in vakalar\u0131n \u00f6nemi b\u00fcy\u00fckt\u00fcr. T\u00fcrkiye\u2019de sosyal hizmet uzmanlar\u0131n\u0131n en \u00e7ok istihdam edildi\u011fi alanlarda \u00e7e\u015fitli vakalar\u0131 incelemek isteyen ara\u015ft\u0131rmac\u0131lar, e\u011fitmenler ve kan\u0131ta dayal\u0131 uygulaman\u0131n de\u011ferini bilen uzmanlar i\u00e7in bir kayna\u011f\u0131n olmamas\u0131 b\u00fcy\u00fck bir eksiklikti. \u0130\u015fte bu eser, adli sosyal hizmet, \u00e7ocuk refah\u0131, engellilik, g\u00f6\u00e7menler, kad\u0131n refah\u0131, ba\u011f\u0131ml\u0131l\u0131k, t\u0131bbi sosyal hizmet, ya\u015fl\u0131l\u0131k ve yoksulluk gibi yo\u011funlukla uzman istihdam edilen alanlarda birbirinden farkl\u0131 \u00f6rnek vaka ve \u00e7\u00f6z\u00fcmlemeleri ile bu eksikli\u011fi kapatmaya bir ad\u0131m olu\u015fturmaktad\u0131r. Sosyal hizmet alan\u0131na ili\u015fkin 30\u2019dan fazla vakan\u0131n, bu vakalara ili\u015fkin yazar \u00e7\u00f6z\u00fcmlemelerinin ve sorular\u0131n\u0131n yer ald\u0131\u011f\u0131 bu kitab\u0131n daha farkl\u0131 alanlarda benzer \u00e7al\u0131\u015fmalar i\u00e7in \u00f6nc\u00fc bir eser olmas\u0131 hedeflenmi\u015ftir. Vakalar\u0131n i\u00e7inde yazarlar\u0131n kendi deneyimlerini payla\u015fmalar\u0131, bazen ele\u015ftirel g\u00f6zle kendi uygulamalar\u0131na yakla\u015fmalar\u0131 kitab\u0131n bir rehber ayn\u0131 zamanda da sosyal hizmet \u00f6yk\u00fcleri olarak \u00f6\u011frenciler i\u00e7in de ilgi \u00e7ekici olabilece\u011fini g\u00f6stermektedir. Ara\u015ft\u0131rmac\u0131lar\u0131n, \u00f6\u011frencilerin, uzmanlar\u0131n ve e\u011fitmenlerin bu kitaptan faydalanmalar\u0131 ve alana katk\u0131 sunmalar\u0131 dile\u011fiyle. <\/p>\n","protected":false},"excerpt":{"rendered":"<p>T\u00fcrkiye\u2019de sosyal hizmet e\u011fitiminde yerel bilginin kullan\u0131m\u0131n\u0131 art\u0131rmak ve T\u00fcrkiye ba\u011flam\u0131na \u00f6zg\u00fc sorunlar\u0131 tart\u0131\u015fabilmek i\u00e7in vakalar\u0131n \u00f6nemi b\u00fcy\u00fckt\u00fcr. T\u00fcrkiye\u2019de sosyal hizmet uzmanlar\u0131n\u0131n en \u00e7ok istihdam edildi\u011fi<span class=\"excerpt-hellip\"> [\u2026]<\/span><\/p>\n","protected":false},"featured_media":0,"template":"","meta":{"_monsterinsights_skip_tracking":false,"_monsterinsights_sitenote_active":false,"_monsterinsights_sitenote_note":"","_monsterinsights_sitenote_category":0},"product_brand":[],"product_cat":[12325,12324],"product_tag":[],"class_list":{"0":"post-750160","1":"product","2":"type-product","3":"status-publish","5":"product_cat-diger-sosyoloji","6":"product_cat-sosyoloji","7":"pa_cilt-ciltsiz","8":"pa_tur-kitap","9":"pa_yayinevi-nika-yayinevi","10":"pa_yazar-kolektif","12":"first","13":"instock","14":"sale","15":"shipping-taxable","16":"purchasable","17":"product-type-simple"},"_links":{"self":[{"href":"https:\/\/roveyayinevi.com.tr\/index.php\/wp-json\/wp\/v2\/product\/750160","targetHints":{"allow":["GET"]}}],"collection":[{"href":"https:\/\/roveyayinevi.com.tr\/index.php\/wp-json\/wp\/v2\/product"}],"about":[{"href":"https:\/\/roveyayinevi.com.tr\/index.php\/wp-json\/wp\/v2\/types\/product"}],"wp:attachment":[{"href":"https:\/\/roveyayinevi.com.tr\/index.php\/wp-json\/wp\/v2\/media?parent=750160"}],"wp:term":[{"taxonomy":"product_brand","embeddable":true,"href":"https:\/\/roveyayinevi.com.tr\/index.php\/wp-json\/wp\/v2\/product_brand?post=750160"},{"taxonomy":"product_cat","embeddable":true,"href":"https:\/\/roveyayinevi.com.tr\/index.php\/wp-json\/wp\/v2\/product_cat?post=750160"},{"taxonomy":"product_tag","embeddable":true,"href":"https:\/\/roveyayinevi.com.tr\/index.php\/wp-json\/wp\/v2\/product_tag?post=750160"}],"curies":[{"name":"wp","href":"https:\/\/api.w.org\/{rel}","templated":true}]}}