{"id":750159,"date":"2025-08-28T04:13:32","date_gmt":"2025-08-28T01:13:32","guid":{"rendered":"https:\/\/roveyayinevi.com.tr\/index.php\/urun\/senin-adin-dunya\/"},"modified":"2026-04-16T03:03:34","modified_gmt":"2026-04-16T00:03:34","slug":"senin-adin-dunya","status":"publish","type":"product","link":"https:\/\/roveyayinevi.com.tr\/index.php\/urun\/senin-adin-dunya\/","title":{"rendered":"Senin Ad\u0131n D\u00fcnya"},"content":{"rendered":"<p>\u015eairin i\u00e7 sesi yoksa, s\u00f6zu\u0308, du\u0308nyan\u0131n u\u011fultusu alt\u0131nda kaybolur. \u0130\u00e7 ses dedi\u011fim, bizim ac\u0131yla sustu\u011fumuz, umutla tutundu\u011fumuz, onurla sahip \u00e7\u0131kt\u0131\u011f\u0131m\u0131z, a\u015fkla iyile\u015fti\u011fimiz, insan\u0131 ya\u015fatan ve yu\u0308celten bu\u0308tu\u0308n bu\u0308yu\u0308k de\u011ferlerdir. Harun Tutu\u015f, annesinin ve babas\u0131n\u0131n bu\u0308yu\u0308k ac\u0131s\u0131n\u0131n oda\u011f\u0131nda, du\u0308nyan\u0131n ve insan\u0131n bu\u0308tu\u0308n yaralar\u0131n\u0131, hayata tutunu\u015f \u00e7\u0131rp\u0131n\u0131\u015flar\u0131n\u0131 sayg\u0131yla, merhametle, incelikle, derin bir gu\u0308lu\u0308msemeyle \u015fiirine ta\u015f\u0131yor. Bu nedenle Harun\u2019un i\u00e7 sesi, birden hepimizin i\u00e7 sesi oluyor. Biz b\u00f6ylece insan olman\u0131n erdemini ya\u015famaya ba\u015fl\u0131yoruz. Tepeden t\u0131rna\u011fa yabanc\u0131la\u015fm\u0131\u015f bu du\u0308nyada bu \u00e7ok az ya\u015fanabilecek bir gu\u0308zelliktir.   \u201cSenin Ad\u0131n Du\u0308nya\u201d sadece bir \u015fiir kitab\u0131n\u0131n ad\u0131 de\u011fil. Harun\u2019un ad\u0131, babas\u0131n\u0131n ad\u0131, annesinin ad\u0131, Amed\u2019in ad\u0131, onurlu bir gelece\u011fin ad\u0131, insan\u0131 sevmenin ad\u0131. Bu\u0308yu\u0308k bir sevgiyle okunaca\u011f\u0131na zerre ku\u015fkum yok.   \u015eu\u0308kru\u0308 Erba\u015f <\/p>\n","protected":false},"excerpt":{"rendered":"<p>\u015eairin i\u00e7 sesi yoksa, s\u00f6zu\u0308, du\u0308nyan\u0131n u\u011fultusu alt\u0131nda kaybolur. \u0130\u00e7 ses dedi\u011fim, bizim ac\u0131yla sustu\u011fumuz, umutla tutundu\u011fumuz, onurla sahip \u00e7\u0131kt\u0131\u011f\u0131m\u0131z, a\u015fkla iyile\u015fti\u011fimiz, insan\u0131 ya\u015fatan ve yu\u0308celten<span class=\"excerpt-hellip\"> [\u2026]<\/span><\/p>\n","protected":false},"featured_media":0,"template":"","meta":{"_monsterinsights_skip_tracking":false,"_monsterinsights_sitenote_active":false,"_monsterinsights_sitenote_note":"","_monsterinsights_sitenote_category":0},"product_brand":[],"product_cat":[12291,12509],"product_tag":[],"class_list":{"0":"post-750159","1":"product","2":"type-product","3":"status-publish","5":"product_cat-edebiyat","6":"product_cat-siir","7":"pa_cilt-ciltsiz","8":"pa_tur-kitap","9":"pa_yayinevi-tekin-yayinevi","10":"pa_yazar-harun-tutus","12":"first","13":"instock","14":"sale","15":"shipping-taxable","16":"purchasable","17":"product-type-simple"},"_links":{"self":[{"href":"https:\/\/roveyayinevi.com.tr\/index.php\/wp-json\/wp\/v2\/product\/750159","targetHints":{"allow":["GET"]}}],"collection":[{"href":"https:\/\/roveyayinevi.com.tr\/index.php\/wp-json\/wp\/v2\/product"}],"about":[{"href":"https:\/\/roveyayinevi.com.tr\/index.php\/wp-json\/wp\/v2\/types\/product"}],"wp:attachment":[{"href":"https:\/\/roveyayinevi.com.tr\/index.php\/wp-json\/wp\/v2\/media?parent=750159"}],"wp:term":[{"taxonomy":"product_brand","embeddable":true,"href":"https:\/\/roveyayinevi.com.tr\/index.php\/wp-json\/wp\/v2\/product_brand?post=750159"},{"taxonomy":"product_cat","embeddable":true,"href":"https:\/\/roveyayinevi.com.tr\/index.php\/wp-json\/wp\/v2\/product_cat?post=750159"},{"taxonomy":"product_tag","embeddable":true,"href":"https:\/\/roveyayinevi.com.tr\/index.php\/wp-json\/wp\/v2\/product_tag?post=750159"}],"curies":[{"name":"wp","href":"https:\/\/api.w.org\/{rel}","templated":true}]}}