{"id":750156,"date":"2025-08-28T04:13:28","date_gmt":"2025-08-28T01:13:28","guid":{"rendered":"https:\/\/roveyayinevi.com.tr\/index.php\/urun\/sosyal-haklar\/"},"modified":"2026-04-16T03:03:34","modified_gmt":"2026-04-16T00:03:34","slug":"sosyal-haklar","status":"publish","type":"product","link":"https:\/\/roveyayinevi.com.tr\/index.php\/urun\/sosyal-haklar\/","title":{"rendered":"Sosyal Haklar"},"content":{"rendered":"<p>Ge\u00e7mi\u015fte birer insan hakk\u0131 olup olmad\u0131\u011f\u0131 tart\u0131\u015fmal\u0131 olan sosyal haklar, bir\u00e7ok anayasada du\u0308zenlenen, Tu\u0308rkiye\u2019nin taraf oldu\u011fu Ekonomik, Sosyal ve Ku\u0308ltu\u0308rel Haklara \u0130li\u015fkin Uluslararas\u0131 S\u00f6zle\u015fme ile koruma alt\u0131na al\u0131nan insan haklar\u0131 katalo\u011funu yans\u0131t\u0131yor. Bugu\u0308n u\u0308lkemiz de dahil pek \u00e7ok u\u0308lkede sosyal haklar\u0131n dava edilebilir haklardan olup olmad\u0131klar\u0131 tart\u0131\u015fmal\u0131. Bu haklar\u0131, ki\u015filere talep olana\u011f\u0131 sunan gu\u0308venceler de\u011fil, devletlerin bu konularda du\u0308zenleme yaparken dikkat etmesi gerekenleri g\u00f6steren bir program hu\u0308ku\u0308m olarak de\u011ferlendiren bir yakla\u015f\u0131m s\u00f6z konusu. Ondand\u0131r ki sosyal haklar, gu\u0308ncel durum itibar\u0131yla Tu\u0308rkiye\u2019de bireysel ba\u015fvuru (anayasa \u015fik\u00e2yeti) mekanizmas\u0131na konu edilemiyor. Elinizdeki \u00e7al\u0131\u015fmadaki karar \u00e7evirileri, bu yakla\u015f\u0131m\u0131n bir bak\u0131ma antitezidir. \u00c7evirilere konu olan kararlar, (Tu\u0308rkiye\u2019nin taraf olmad\u0131\u011f\u0131) Ekonomik, Sosyal ve Ku\u0308ltu\u0308rel Haklara \u0130li\u015fkin Uluslararas\u0131 S\u00f6zle\u015fme\u2019nin Se\u00e7meli Protokolu\u0308 \u00e7er\u00e7evesinde Ekonomik Ku\u0308ltu\u0308rel ve Sosyal Haklar Komitesinin \u201cbireysel ba\u015fvuru\u201d mekanizmas\u0131 ile \u00f6nu\u0308ne gelen \u015fik\u00e2yetler u\u0308zerine verilmi\u015ftir. Yani her bir karar, sosyoekonomik haklar\u0131n dava edilebilirli\u011fini kan\u0131tlam\u0131\u015ft\u0131r.   Kararlar\u0131n konusu, sosyal haklar katalo\u011funda yer alan sa\u011fl\u0131k, sosyal gu\u0308venlik ve uygun konut haklar\u0131d\u0131r. Bugu\u0308n Ekonomik, Sosyal ve Ku\u0308ltu\u0308rel Haklara \u0130li\u015fkin Uluslararas\u0131 S\u00f6zle\u015fme ile ilgili yu\u0308ku\u0308mlu\u0308lu\u0308klerin gere\u011fi gibi yerine getirilmedi\u011fi Tu\u0308rkiye\u2019de bu haklar\u0131n bilinmesi bizce bu\u0308yu\u0308k \u00f6nem ta\u015f\u0131yor. Komitenin de\u011ferlendirmelerinin, bu haklar\u0131n dava edilebilir haklar oldu\u011funa ili\u015fkin yakla\u015f\u0131m\u0131n gu\u0308\u00e7lenmesine ve bireysel ba\u015fvuruya ili\u015fkin se\u00e7meli protokole u\u0308lkemizin de taraf olmas\u0131na ili\u015fkin fark\u0131ndal\u0131\u011f\u0131n artmas\u0131na katk\u0131 sa\u011flayaca\u011f\u0131n\u0131 umarak iyi okumalar diliyoruz. <\/p>\n","protected":false},"excerpt":{"rendered":"<p>Ge\u00e7mi\u015fte birer insan hakk\u0131 olup olmad\u0131\u011f\u0131 tart\u0131\u015fmal\u0131 olan sosyal haklar, bir\u00e7ok anayasada du\u0308zenlenen, Tu\u0308rkiye\u2019nin taraf oldu\u011fu Ekonomik, Sosyal ve Ku\u0308ltu\u0308rel Haklara \u0130li\u015fkin Uluslararas\u0131 S\u00f6zle\u015fme ile koruma<span class=\"excerpt-hellip\"> [\u2026]<\/span><\/p>\n","protected":false},"featured_media":0,"template":"","meta":{"_monsterinsights_skip_tracking":false,"_monsterinsights_sitenote_active":false,"_monsterinsights_sitenote_note":"","_monsterinsights_sitenote_category":0},"product_brand":[],"product_cat":[12325,12324],"product_tag":[],"class_list":{"0":"post-750156","1":"product","2":"type-product","3":"status-publish","5":"product_cat-diger-sosyoloji","6":"product_cat-sosyoloji","7":"pa_cilt-ciltsiz","8":"pa_tur-kitap","9":"pa_yayinevi-tekin-yayinevi","10":"pa_yazar-tolga-sirin-can-yalcin-armutcuoglu","12":"first","13":"instock","14":"sale","15":"shipping-taxable","16":"purchasable","17":"product-type-simple"},"_links":{"self":[{"href":"https:\/\/roveyayinevi.com.tr\/index.php\/wp-json\/wp\/v2\/product\/750156","targetHints":{"allow":["GET"]}}],"collection":[{"href":"https:\/\/roveyayinevi.com.tr\/index.php\/wp-json\/wp\/v2\/product"}],"about":[{"href":"https:\/\/roveyayinevi.com.tr\/index.php\/wp-json\/wp\/v2\/types\/product"}],"wp:attachment":[{"href":"https:\/\/roveyayinevi.com.tr\/index.php\/wp-json\/wp\/v2\/media?parent=750156"}],"wp:term":[{"taxonomy":"product_brand","embeddable":true,"href":"https:\/\/roveyayinevi.com.tr\/index.php\/wp-json\/wp\/v2\/product_brand?post=750156"},{"taxonomy":"product_cat","embeddable":true,"href":"https:\/\/roveyayinevi.com.tr\/index.php\/wp-json\/wp\/v2\/product_cat?post=750156"},{"taxonomy":"product_tag","embeddable":true,"href":"https:\/\/roveyayinevi.com.tr\/index.php\/wp-json\/wp\/v2\/product_tag?post=750156"}],"curies":[{"name":"wp","href":"https:\/\/api.w.org\/{rel}","templated":true}]}}