{"id":750154,"date":"2025-08-28T04:13:24","date_gmt":"2025-08-28T01:13:24","guid":{"rendered":"https:\/\/roveyayinevi.com.tr\/index.php\/urun\/aciyooo\/"},"modified":"2026-04-16T03:03:34","modified_gmt":"2026-04-16T00:03:34","slug":"aciyooo","status":"publish","type":"product","link":"https:\/\/roveyayinevi.com.tr\/index.php\/urun\/aciyooo\/","title":{"rendered":"Ac\u0131yooo"},"content":{"rendered":"<p>K\u00fc\u00e7\u00fck k\u0131z Cansu, bir g\u00fcn hastaland\u0131 ve \u201cAc\u0131yooo!\u201d diye ba\u011f\u0131rmaya ba\u015flad\u0131. Oysaki, hastanede yan\u0131ndaki herkes ona \u201cac\u0131mayacak,\u201d deyip duruyordu. Cansu, cesaretini toplay\u0131p \u00e7\u0131rp\u0131nmay\u0131 ve ba\u011f\u0131rmay\u0131 b\u0131rakacak m\u0131? Sevecen ve nazik ACIYO perisi, kimsenin ba\u015faramad\u0131\u011f\u0131n\u0131 ba\u015far\u0131p Cansu\u2019yu nas\u0131l sakinle\u015ftirecek? Ac\u0131yooo, \u00e7ocuklar\u0131 huzurlu bir hastane ziyaretine haz\u0131rlamak i\u00e7in bilin\u00e7li fark\u0131ndal\u0131k (mindfulness) teknikleriyle tan\u0131\u015ft\u0131ran cesaret verici bir \u00f6yk\u00fc! <\/p>\n","protected":false},"excerpt":{"rendered":"<p>K\u00fc\u00e7\u00fck k\u0131z Cansu, bir g\u00fcn hastaland\u0131 ve \u201cAc\u0131yooo!\u201d diye ba\u011f\u0131rmaya ba\u015flad\u0131. Oysaki, hastanede yan\u0131ndaki herkes ona \u201cac\u0131mayacak,\u201d deyip duruyordu. Cansu, cesaretini toplay\u0131p \u00e7\u0131rp\u0131nmay\u0131 ve ba\u011f\u0131rmay\u0131 b\u0131rakacak<span class=\"excerpt-hellip\"> [\u2026]<\/span><\/p>\n","protected":false},"featured_media":0,"template":"","meta":{"_monsterinsights_skip_tracking":false,"_monsterinsights_sitenote_active":false,"_monsterinsights_sitenote_note":"","_monsterinsights_sitenote_category":0},"product_brand":[],"product_cat":[12274,12284],"product_tag":[],"class_list":{"0":"post-750154","1":"product","2":"type-product","3":"status-publish","5":"product_cat-cocuk-ve-genclik-kitaplari","6":"product_cat-hikayeler","7":"pa_cilt-ciltsiz","8":"pa_tur-kitap","9":"pa_yayinevi-dogan-cocuk","10":"pa_yazar-elif-seyrekbasan","12":"first","13":"instock","14":"sale","15":"shipping-taxable","16":"purchasable","17":"product-type-simple"},"_links":{"self":[{"href":"https:\/\/roveyayinevi.com.tr\/index.php\/wp-json\/wp\/v2\/product\/750154","targetHints":{"allow":["GET"]}}],"collection":[{"href":"https:\/\/roveyayinevi.com.tr\/index.php\/wp-json\/wp\/v2\/product"}],"about":[{"href":"https:\/\/roveyayinevi.com.tr\/index.php\/wp-json\/wp\/v2\/types\/product"}],"wp:attachment":[{"href":"https:\/\/roveyayinevi.com.tr\/index.php\/wp-json\/wp\/v2\/media?parent=750154"}],"wp:term":[{"taxonomy":"product_brand","embeddable":true,"href":"https:\/\/roveyayinevi.com.tr\/index.php\/wp-json\/wp\/v2\/product_brand?post=750154"},{"taxonomy":"product_cat","embeddable":true,"href":"https:\/\/roveyayinevi.com.tr\/index.php\/wp-json\/wp\/v2\/product_cat?post=750154"},{"taxonomy":"product_tag","embeddable":true,"href":"https:\/\/roveyayinevi.com.tr\/index.php\/wp-json\/wp\/v2\/product_tag?post=750154"}],"curies":[{"name":"wp","href":"https:\/\/api.w.org\/{rel}","templated":true}]}}