{"id":750153,"date":"2025-08-28T04:13:23","date_gmt":"2025-08-28T01:13:23","guid":{"rendered":"https:\/\/roveyayinevi.com.tr\/index.php\/urun\/travma-yasayan-cocugunuzu-iyilestirmek\/"},"modified":"2026-03-02T03:12:58","modified_gmt":"2026-03-02T00:12:58","slug":"travma-yasayan-cocugunuzu-iyilestirmek","status":"publish","type":"product","link":"https:\/\/roveyayinevi.com.tr\/index.php\/urun\/travma-yasayan-cocugunuzu-iyilestirmek\/","title":{"rendered":"Travma Ya\u015fayan \u00c7ocu\u011funuzu \u0130yile\u015ftirmek"},"content":{"rendered":"<p>Deprem, kaza, yang\u0131n gibi travmatik bir olay ya\u015fayan \u00e7ocu\u011funuza nas\u0131l yakla\u015fmal\u0131s\u0131n\u0131z? Travmalar onda hangi belirtilerle ortaya \u00e7\u0131kar? \u00c7ocukluk travmalar\u0131 hangi ko\u015fullar alt\u0131nda iyile\u015fir? \u00c7ocu\u011funuzun kendi iyile\u015fme mekanizmalar\u0131n\u0131 harekete ge\u00e7irmek i\u00e7in neler yapabilirsiniz?    Mutlu ve sevgi dolu bir ailede b\u00fcy\u00fcyen \u00e7ocuklar bile kaza, deprem ya da istismar gibi korkutucu olaylarla kar\u015f\u0131la\u015fabilir, bu nedenle travma ya\u015fayabilir ya da kendilerini \u00f6rselenmi\u015f hissedebilirler. \u00c7ocuklukta ge\u00e7irilen travmalar hayat boyu s\u00fcren sonu\u00e7lara yol a\u00e7abilir.   Bilin\u00e7li Ebeveynlik ak\u0131m\u0131n\u0131n kurucusu Aletha J. Solter, Travma Ya\u015fayan \u00c7ocu\u011funuzu \u0130yile\u015ftirmek kitab\u0131nda, \u00e7ocu\u011funuzun ya\u015fad\u0131\u011f\u0131 travmay\u0131 fark etmenizi sa\u011flayacak ve do\u011fal iyile\u015fme mekanizmalar\u0131n\u0131n devreye girmesine yard\u0131mc\u0131 olacak prensipleri anlat\u0131yor. Bu kitap \u00e7ocu\u011funuzun travmay\u0131 d\u00f6n\u00fc\u015ft\u00fcrme, g\u00fcvenini ve ne\u015fesini yeniden kazanma s\u00fcrecinde size rehberlik edecek.  <\/p>\n","protected":false},"excerpt":{"rendered":"<p>Deprem, kaza, yang\u0131n gibi travmatik bir olay ya\u015fayan \u00e7ocu\u011funuza nas\u0131l yakla\u015fmal\u0131s\u0131n\u0131z? Travmalar onda hangi belirtilerle ortaya \u00e7\u0131kar? \u00c7ocukluk travmalar\u0131 hangi ko\u015fullar alt\u0131nda iyile\u015fir? \u00c7ocu\u011funuzun kendi iyile\u015fme<span class=\"excerpt-hellip\"> [\u2026]<\/span><\/p>\n","protected":false},"featured_media":0,"template":"","meta":{"_monsterinsights_skip_tracking":false,"_monsterinsights_sitenote_active":false,"_monsterinsights_sitenote_note":"","_monsterinsights_sitenote_category":0},"product_brand":[],"product_cat":[12679,12357],"product_tag":[],"class_list":{"0":"post-750153","1":"product","2":"type-product","3":"status-publish","5":"product_cat-cocuk-psikolojisi","6":"product_cat-psikoloji","7":"pa_cilt-ciltsiz","8":"pa_tur-kitap","9":"pa_yayinevi-dogan-kitap","10":"pa_yazar-aletha-j-solter","12":"first","13":"instock","14":"sale","15":"shipping-taxable","16":"purchasable","17":"product-type-simple"},"_links":{"self":[{"href":"https:\/\/roveyayinevi.com.tr\/index.php\/wp-json\/wp\/v2\/product\/750153","targetHints":{"allow":["GET"]}}],"collection":[{"href":"https:\/\/roveyayinevi.com.tr\/index.php\/wp-json\/wp\/v2\/product"}],"about":[{"href":"https:\/\/roveyayinevi.com.tr\/index.php\/wp-json\/wp\/v2\/types\/product"}],"wp:attachment":[{"href":"https:\/\/roveyayinevi.com.tr\/index.php\/wp-json\/wp\/v2\/media?parent=750153"}],"wp:term":[{"taxonomy":"product_brand","embeddable":true,"href":"https:\/\/roveyayinevi.com.tr\/index.php\/wp-json\/wp\/v2\/product_brand?post=750153"},{"taxonomy":"product_cat","embeddable":true,"href":"https:\/\/roveyayinevi.com.tr\/index.php\/wp-json\/wp\/v2\/product_cat?post=750153"},{"taxonomy":"product_tag","embeddable":true,"href":"https:\/\/roveyayinevi.com.tr\/index.php\/wp-json\/wp\/v2\/product_tag?post=750153"}],"curies":[{"name":"wp","href":"https:\/\/api.w.org\/{rel}","templated":true}]}}