{"id":750152,"date":"2025-08-28T04:13:22","date_gmt":"2025-08-28T01:13:22","guid":{"rendered":"https:\/\/roveyayinevi.com.tr\/index.php\/urun\/o-an\/"},"modified":"2026-04-15T03:13:30","modified_gmt":"2026-04-15T00:13:30","slug":"o-an","status":"publish","type":"product","link":"https:\/\/roveyayinevi.com.tr\/index.php\/urun\/o-an\/","title":{"rendered":"O An"},"content":{"rendered":"<p>Bu kitapla sizinle NeuroFormat uygulamalar\u0131n\u0131n 2023 y\u0131l\u0131nda geldi\u011fi noktay\u0131 payla\u015f\u0131yorum. Zira uygulama eski kitaplar\u0131mdan \u00e7ok de\u011fi\u015fti ve daha geli\u015fti. Beni tan\u0131rs\u0131n\u0131z, tevazuyu severim ama iddial\u0131 bir \u015fey s\u00f6yleyece\u011fim: NeuroFormat\u2019\u0131n bug\u00fcn geldi\u011fimiz noktada t\u00fcm d\u00fcnyada travma \u00e7\u00f6zmek konusundaki en etkili, en h\u0131zl\u0131, kapsam derinli\u011fi en geni\u015f y\u00f6ntem oldu\u011funu s\u00f6yleyebilirim. Sizi temin ederim, bu kitapta anlatt\u0131\u011f\u0131m analiz \u015feklini ve y\u00f6ntemi ger\u00e7ek anlamda kavramay\u0131 ba\u015far\u0131rsan\u0131z, t\u00fcm travmalar\u0131n\u0131z\u0131 \u00e7ok daha derin ve eksiksiz bi\u00e7imde \u00e7\u00f6zebileceksiniz. B\u00f6ylece pek \u00e7ok sa\u011fl\u0131k sorununu geride b\u0131rakacaks\u0131n\u0131z. Sadece travmalar\u0131n\u0131 temizlemek isteyenler i\u00e7in de\u011fil, d\u00fcnyadaki travma \u00fczerine \u00e7al\u0131\u015fan b\u00fct\u00fcn uzmanlar i\u00e7in de \u00e7ok etkili bir yol haritas\u0131 veriyorum bu kitapta. Na\u00e7izane, travma felsefesi \u00fczerine bilimsel literat\u00fcre ge\u00e7mesi gerekti\u011fini d\u00fc\u015f\u00fcnd\u00fc\u011f\u00fcm bir sistem olu\u015ftu\u011funu s\u00f6ylemek isterim. Ve itiraf edeyim bu kitab\u0131 yazmay\u0131 d\u00fc\u015f\u00fcnm\u00fcyordum\u2026 Zira tekni\u011fi uygulamal\u0131 olarak g\u00f6rmeden bir kitapta anlatman\u0131n \u00e7ok da kolay olmad\u0131\u011f\u0131n\u0131 d\u00fc\u015f\u00fcnd\u00fcm hep. Evet, h\u00e2l\u00e2 hi\u00e7bir kitap uygulamal\u0131 seminerlerimin yerini tutamaz. Ama bu kitapla ger\u00e7ekten yeni sistemi olabildi\u011fince payla\u015fmaya \u00e7al\u0131\u015ft\u0131m. Beni \u201ctamam, pes ediyorum, yazaca\u011f\u0131m\u201d noktas\u0131na getiren \u015fey, ya\u015fad\u0131\u011f\u0131m\u0131z y\u0131k\u0131c\u0131 deprem oldu. Sadece depremi bizzat ya\u015fayanlar de\u011fil \u00fclkece bir travma ge\u00e7irdik. Ve tam da \u015fimdi NeuroFormat y\u00f6ntemine ihtiya\u00e7 duyan y\u00fcz binlerce ki\u015fi oldu\u011funu biliyorum. Asl\u0131nda bu ihtiya\u00e7 beni yazmaya, kendi kural\u0131m\u0131 bozmaya itti diyebilirim.   Umar\u0131m kitab\u0131m hepinize, hepimize \u015fifa olur\u2026 <\/p>\n","protected":false},"excerpt":{"rendered":"<p>Bu kitapla sizinle NeuroFormat uygulamalar\u0131n\u0131n 2023 y\u0131l\u0131nda geldi\u011fi noktay\u0131 payla\u015f\u0131yorum. Zira uygulama eski kitaplar\u0131mdan \u00e7ok de\u011fi\u015fti ve daha geli\u015fti. Beni tan\u0131rs\u0131n\u0131z, tevazuyu severim ama iddial\u0131 bir<span class=\"excerpt-hellip\"> [\u2026]<\/span><\/p>\n","protected":false},"featured_media":0,"template":"","meta":{"_monsterinsights_skip_tracking":false,"_monsterinsights_sitenote_active":false,"_monsterinsights_sitenote_note":"","_monsterinsights_sitenote_category":0},"product_brand":[],"product_cat":[12364,12376],"product_tag":[],"class_list":{"0":"post-750152","1":"product","2":"type-product","3":"status-publish","5":"product_cat-genel-konular","6":"product_cat-kisisel-gelisim","7":"pa_cilt-ciltsiz","8":"pa_tur-kitap","9":"pa_yayinevi-dogan-kitap","10":"pa_yazar-m-baris-muslu","12":"first","13":"instock","14":"sale","15":"shipping-taxable","16":"purchasable","17":"product-type-simple"},"_links":{"self":[{"href":"https:\/\/roveyayinevi.com.tr\/index.php\/wp-json\/wp\/v2\/product\/750152","targetHints":{"allow":["GET"]}}],"collection":[{"href":"https:\/\/roveyayinevi.com.tr\/index.php\/wp-json\/wp\/v2\/product"}],"about":[{"href":"https:\/\/roveyayinevi.com.tr\/index.php\/wp-json\/wp\/v2\/types\/product"}],"wp:attachment":[{"href":"https:\/\/roveyayinevi.com.tr\/index.php\/wp-json\/wp\/v2\/media?parent=750152"}],"wp:term":[{"taxonomy":"product_brand","embeddable":true,"href":"https:\/\/roveyayinevi.com.tr\/index.php\/wp-json\/wp\/v2\/product_brand?post=750152"},{"taxonomy":"product_cat","embeddable":true,"href":"https:\/\/roveyayinevi.com.tr\/index.php\/wp-json\/wp\/v2\/product_cat?post=750152"},{"taxonomy":"product_tag","embeddable":true,"href":"https:\/\/roveyayinevi.com.tr\/index.php\/wp-json\/wp\/v2\/product_tag?post=750152"}],"curies":[{"name":"wp","href":"https:\/\/api.w.org\/{rel}","templated":true}]}}