{"id":750148,"date":"2025-08-28T04:13:16","date_gmt":"2025-08-28T01:13:16","guid":{"rendered":"https:\/\/roveyayinevi.com.tr\/index.php\/urun\/yeryuzu-yakilip-yikilirken\/"},"modified":"2026-04-16T03:03:34","modified_gmt":"2026-04-16T00:03:34","slug":"yeryuzu-yakilip-yikilirken","status":"publish","type":"product","link":"https:\/\/roveyayinevi.com.tr\/index.php\/urun\/yeryuzu-yakilip-yikilirken\/","title":{"rendered":"Yery\u00fcz\u00fc Yak\u0131l\u0131p Y\u0131k\u0131l\u0131rken"},"content":{"rendered":"<p>Modern sanayi uygarl\u0131\u011f\u0131 d\u00fcnyay\u0131 ate\u015fe vermenin e\u015fi\u011finde. Toplumsal olu\u015fumlar\u0131n ve topluluklar\u0131n k\u00f6k\u00fcn\u00fcn kurutulmas\u0131, insani m\u00fc\u015ftereklerin ba\u011f\u0131ml\u0131 oldu\u011fu canl\u0131 yery\u00fcz\u00fc\u0308-sisteminin yok edilmesiyle i\u00e7 i\u00e7e ge\u00e7mi\u015f durumda. Art\u0131k kapitalizmin en son, \u201cyak\u0131p y\u0131kma\u201d safhas\u0131nday\u0131z. Askeri ba\u011flamda bu tabir, yenilmi\u015f bir halk\u0131n veya yakla\u015fan bir ordunun faydalanmas\u0131n\u0131 engellemek i\u00e7in hayati kaynaklar\u0131n imha edilmesi anlam\u0131na gelir. Daha genel anlamdaysa, bereketli b\u00f6lgelerin \u00e7orakla\u015ft\u0131r\u0131l\u0131p yenilenme kapasitesini yitirmesine kar\u015f\u0131l\u0131k gelir. Sudan mahrum b\u0131rak\u0131lm\u0131\u015f nehirleri ve yeralt\u0131 sular\u0131 zehirlenmi\u015f havas\u0131 kirlenmi\u015f topra\u011f\u0131 kurakl\u0131k ve kimyasal tar\u0131mla mahvedilmi\u015f kavrulmu\u015f bir d\u00fcnya demektir.   Yak\u0131p y\u0131kma kapitalizmi, grup ve topluluklar\u0131n kendi kendilerini ge\u00e7indirmesine, kendi kendini y\u00f6netmesine veya birbirlerine destek olmas\u0131na imk\u00e2n veren ne varsa imha eder. Bu durum madencilik, ormans\u0131zla\u015ft\u0131rma ve zehirli at\u0131k y\u0131\u011fma yoluyla ya\u015fanmas\u0131 imk\u00e2ns\u0131z \u00e7orak alanlar ve yoksullar\u0131n umutsuz i\u00e7 s\u00fcrg\u00fcnler haline geldi\u011fi \u015fehirler yarat\u0131lan K\u00fcresel G\u00fcney\u2019de son derece \u015fiddetli ya\u015fan\u0131yor. Hesaplanarak d\u00fc\u015f\u00fck seviyede tutulan sava\u015f hali veya uyu\u015fturucu kartelleri aras\u0131ndaki \u00e7at\u0131\u015fmalar, bir zamanlar sivil toplumu and\u0131ran her \u015feyin ortadan kalkmas\u0131na neden oluyor\u2026   Bunun kar\u015f\u0131s\u0131nda \u201ctoplum kar\u015f\u0131t\u0131 ayg\u0131tlara\u201d kul k\u00f6le olmaktan kurtulma ve pasiflik ile yal\u0131t\u0131lm\u0131\u015fl\u0131\u011f\u0131 yeni dayan\u0131\u015fma bi\u00e7imlerine d\u00f6n\u00fc\u015ft\u00fcrme konusunda birli\u011fin ve ortak eylemliliklerin benzersiz bir g\u00fcc\u00fc oldu\u011funu s\u00f6yleyebiliriz.      YAZAR HAKKINDA: Sanat tarihi profes\u00f6r\u00fc ve edit\u00f6r. Lisans e\u011fitimini ve doktoras\u0131n\u0131 Columbia \u00dcniversitesi\u2019nde tamamlad\u0131; Edward Said, Meyer Schapiro, F. W. Dupee ve Lucien Goldmann gibi isimlerin \u00f6\u011frencisi oldu. Ayr\u0131ca San Francisco Art Institute\u2019ta film ve foto\u011fraf alan\u0131nda e\u011fitim g\u00f6rd\u00fc. \u0130lk olarak California \u00dcniversitesi\u2019nin G\u00f6rsel Sanatlar b\u00f6l\u00fcm\u00fcnde ders verdi. 1989\u2019dan beri Columbia \u00dcniversitesi\u2019nde \u00e7e\u015fitli derslere giriyor, ayr\u0131ca Princeton ve Harvard \u00fcniversitelerinde misafir \u00f6\u011fretim \u00fcyesi olarak \u00e7al\u0131\u015fmalar\u0131n\u0131 s\u00fcrd\u00fcr\u00fcyor. Kurucular\u0131ndan oldu\u011fu Zone Books\u2019ta (1986) edit\u00f6rl\u00fc\u011fe de devam eden Crary, Sanford Kwinter ile birlikte Incorporations\u2019\u0131 (1992, \u00c7a\u011fda\u015f Teknoloji K\u00fclt\u00fcr\u00fcnde Beden) yay\u0131ma haz\u0131rlad\u0131. \u00c7a\u011fda\u015f sanat ve k\u00fclt\u00fcr \u00fczerine pek \u00e7ok ele\u015ftiri yaz\u0131s\u0131 var. Suspensions of Perception: Attention, Spectacle and Modern Culture (1999, Alg\u0131n\u0131n Ask\u0131ya Al\u0131nmas\u0131: Dikkat, G\u00f6steri ve Modern K\u00fclt\u00fcr) en bilinen kitaplar\u0131ndan. T\u00fcrk\u00e7ede ise yine Metis\u2019ten okuyabilece\u011finiz G\u00f6zlemcinin Teknikleri: On Dokuzuncu Y\u00fczy\u0131lda G\u00f6rme ve Modernite (1990; Metis 2004) ve 7\/24, Ge\u00e7 Kapitalizm ve Uykular\u0131n Sonu (2013; Metis 2015) ile tan\u0131n\u0131yor. <\/p>\n","protected":false},"excerpt":{"rendered":"<p>Modern sanayi uygarl\u0131\u011f\u0131 d\u00fcnyay\u0131 ate\u015fe vermenin e\u015fi\u011finde. Toplumsal olu\u015fumlar\u0131n ve topluluklar\u0131n k\u00f6k\u00fcn\u00fcn kurutulmas\u0131, insani m\u00fc\u015ftereklerin ba\u011f\u0131ml\u0131 oldu\u011fu canl\u0131 yery\u00fcz\u00fc\u0308-sisteminin yok edilmesiyle i\u00e7 i\u00e7e ge\u00e7mi\u015f durumda. Art\u0131k<span class=\"excerpt-hellip\"> [\u2026]<\/span><\/p>\n","protected":false},"featured_media":0,"template":"","meta":{"_monsterinsights_skip_tracking":false,"_monsterinsights_sitenote_active":false,"_monsterinsights_sitenote_note":"","_monsterinsights_sitenote_category":0},"product_brand":[],"product_cat":[12325,12324],"product_tag":[],"class_list":{"0":"post-750148","1":"product","2":"type-product","3":"status-publish","5":"product_cat-diger-sosyoloji","6":"product_cat-sosyoloji","7":"pa_cilt-ciltsiz","8":"pa_tur-kitap","9":"pa_yayinevi-metis-yayinlari","10":"pa_yazar-jonathan-crary","12":"first","13":"instock","14":"sale","15":"shipping-taxable","16":"purchasable","17":"product-type-simple"},"_links":{"self":[{"href":"https:\/\/roveyayinevi.com.tr\/index.php\/wp-json\/wp\/v2\/product\/750148","targetHints":{"allow":["GET"]}}],"collection":[{"href":"https:\/\/roveyayinevi.com.tr\/index.php\/wp-json\/wp\/v2\/product"}],"about":[{"href":"https:\/\/roveyayinevi.com.tr\/index.php\/wp-json\/wp\/v2\/types\/product"}],"wp:attachment":[{"href":"https:\/\/roveyayinevi.com.tr\/index.php\/wp-json\/wp\/v2\/media?parent=750148"}],"wp:term":[{"taxonomy":"product_brand","embeddable":true,"href":"https:\/\/roveyayinevi.com.tr\/index.php\/wp-json\/wp\/v2\/product_brand?post=750148"},{"taxonomy":"product_cat","embeddable":true,"href":"https:\/\/roveyayinevi.com.tr\/index.php\/wp-json\/wp\/v2\/product_cat?post=750148"},{"taxonomy":"product_tag","embeddable":true,"href":"https:\/\/roveyayinevi.com.tr\/index.php\/wp-json\/wp\/v2\/product_tag?post=750148"}],"curies":[{"name":"wp","href":"https:\/\/api.w.org\/{rel}","templated":true}]}}