{"id":750147,"date":"2025-08-28T04:13:15","date_gmt":"2025-08-28T01:13:15","guid":{"rendered":"https:\/\/roveyayinevi.com.tr\/index.php\/urun\/yetmis-yedi-ruhun-ve-varolusun-buyuk-yasalari\/"},"modified":"2026-01-24T03:21:24","modified_gmt":"2026-01-24T00:21:24","slug":"yetmis-yedi-ruhun-ve-varolusun-buyuk-yasalari","status":"publish","type":"product","link":"https:\/\/roveyayinevi.com.tr\/index.php\/urun\/yetmis-yedi-ruhun-ve-varolusun-buyuk-yasalari\/","title":{"rendered":"Yetmi\u015f Yedi- Ruhun ve Varolu\u015fun B\u00fcy\u00fck Yasalar\u0131"},"content":{"rendered":"<p>D\u00dcNYA TEK\u00c2M\u00dcL OKULU RUH VARLI\u011eI \u0130\u00c7\u0130N B\u0130R TEMEL E\u011e\u0130T\u0130M GEZEGEN\u0130D\u0130R. Varolu\u015fun makro d\u00fczeninin izd\u00fc\u015f\u00fcm\u00fc D\u00fcnya gezegenindeki ola\u011fan \u015fekil, kavram ve olgulara yans\u0131d\u0131\u011f\u0131 zaman, ortaya metaforlar, analojiler \u00e7\u0131kar. Be\u015feri ak\u0131l da, b\u00f6ylece, al\u0131\u015fk\u0131n oldu\u011fu formlara b\u00fcr\u00fcnen b\u00fcy\u00fck evrensel tek\u00e2m\u00fcl yasalar\u0131n\u0131 \u00e7ok daha kolay alg\u0131lar. Evrensel ilke ve yasalar\u0131n mikro modellerini her an \u00e7evremizde, evimizde, sokakta, ofiste, e\u015fyada, varl\u0131kta, k\u0131sacas\u0131 d\u00fcnyadaki her bir zerrede g\u00f6zlemleriz. Bu b\u00fcy\u00fck kozmik kanunlar\u0131n aktar\u0131lmas\u0131nda, her anlay\u0131\u015f d\u00fczeyindeki okuyucuya e\u015fit mesafede durabilmenin, ortak bir bilin\u00e7 paydas\u0131nda bulu\u015fabilmenin en verimli yolu, hik\u00e2yele\u015ftirilmi\u015f, analojik anlat\u0131mlard\u0131r. Ruhsal geli\u015fim y\u00fcr\u00fcy\u00fc\u015f\u00fcm\u00fcz, bu yasalar\u0131 idrak etmek ve onlara uyum sa\u011flamakla h\u0131z kazan\u0131r, bizi beklenen b\u00fcy\u00fck finale ula\u015ft\u0131r\u0131r. \u0130nsanl\u0131\u011f\u0131n art\u0131k tali yollarda oyalanma l\u00fcks\u00fc kalmam\u0131\u015ft\u0131r. Yolumuz ana prensiplerin yolu olmal\u0131d\u0131r. 77, bu ama\u00e7la kaleme al\u0131nm\u0131\u015f, D\u00fcnya gezegeninin be\u015fer d\u00fczeyindeki varl\u0131klar i\u00e7in bir \u201cTemel E\u011fitim Tek\u00e2m\u00fcl Okulu\u201d olarak meydana getirili\u015findeki hedefi a\u00e7\u0131klay\u0131c\u0131, ayd\u0131nlat\u0131c\u0131, uyand\u0131r\u0131c\u0131 bir ilkeler kitab\u0131d\u0131r<\/p>\n","protected":false},"excerpt":{"rendered":"<p>D\u00dcNYA TEK\u00c2M\u00dcL OKULU RUH VARLI\u011eI \u0130\u00c7\u0130N B\u0130R TEMEL E\u011e\u0130T\u0130M GEZEGEN\u0130D\u0130R. Varolu\u015fun makro d\u00fczeninin izd\u00fc\u015f\u00fcm\u00fc D\u00fcnya gezegenindeki ola\u011fan \u015fekil, kavram ve olgulara yans\u0131d\u0131\u011f\u0131 zaman, ortaya metaforlar, analojiler<span class=\"excerpt-hellip\"> [\u2026]<\/span><\/p>\n","protected":false},"featured_media":0,"template":"","meta":{"_monsterinsights_skip_tracking":false,"_monsterinsights_sitenote_active":false,"_monsterinsights_sitenote_note":"","_monsterinsights_sitenote_category":0},"product_brand":[],"product_cat":[12364,16154],"product_tag":[],"class_list":{"0":"post-750147","1":"product","2":"type-product","3":"status-publish","5":"product_cat-genel-konular","6":"product_cat-parapsikoloji","7":"pa_cilt-ciltsiz","8":"pa_tur-kitap","9":"pa_yayinevi-destek-yayinlari","10":"pa_yazar-erhan-kolbasi","12":"first","13":"instock","14":"sale","15":"shipping-taxable","16":"purchasable","17":"product-type-simple"},"_links":{"self":[{"href":"https:\/\/roveyayinevi.com.tr\/index.php\/wp-json\/wp\/v2\/product\/750147","targetHints":{"allow":["GET"]}}],"collection":[{"href":"https:\/\/roveyayinevi.com.tr\/index.php\/wp-json\/wp\/v2\/product"}],"about":[{"href":"https:\/\/roveyayinevi.com.tr\/index.php\/wp-json\/wp\/v2\/types\/product"}],"wp:attachment":[{"href":"https:\/\/roveyayinevi.com.tr\/index.php\/wp-json\/wp\/v2\/media?parent=750147"}],"wp:term":[{"taxonomy":"product_brand","embeddable":true,"href":"https:\/\/roveyayinevi.com.tr\/index.php\/wp-json\/wp\/v2\/product_brand?post=750147"},{"taxonomy":"product_cat","embeddable":true,"href":"https:\/\/roveyayinevi.com.tr\/index.php\/wp-json\/wp\/v2\/product_cat?post=750147"},{"taxonomy":"product_tag","embeddable":true,"href":"https:\/\/roveyayinevi.com.tr\/index.php\/wp-json\/wp\/v2\/product_tag?post=750147"}],"curies":[{"name":"wp","href":"https:\/\/api.w.org\/{rel}","templated":true}]}}