{"id":750145,"date":"2025-08-28T04:13:12","date_gmt":"2025-08-28T01:13:12","guid":{"rendered":"https:\/\/roveyayinevi.com.tr\/index.php\/urun\/kahramanlarin-oyunu-2\/"},"modified":"2026-04-16T03:03:34","modified_gmt":"2026-04-16T00:03:34","slug":"kahramanlarin-oyunu-2","status":"publish","type":"product","link":"https:\/\/roveyayinevi.com.tr\/index.php\/urun\/kahramanlarin-oyunu-2\/","title":{"rendered":"Kahramanlar\u0131n Oyunu 2"},"content":{"rendered":"<p>Sonu mutsuz biten hik\u00e2ye kahramanlar\u0131n\u0131n, birbirini \u00f6ld\u00fcrmesinin \u00f6yk\u00fcs\u00fc: \u201cHeroines Game.\u201d \u201cKalp Arisu\u201d olarak g\u00f6zlerini a\u00e7an Arisu, ayr\u0131m yapmaks\u0131z\u0131n di\u011fer Heroinlere (Kahramanlara) sald\u0131rd\u0131\u011f\u0131 i\u00e7in ceza ald\u0131. K\u00fc\u00e7\u00fck denizk\u0131z\u0131 taraf\u0131ndan, y\u00fcksek bir kulenin i\u00e7erisinden kritik bir durumdayken kurtar\u0131lan K\u0131rm\u0131z\u0131 Ba\u015fl\u0131kl\u0131 K\u0131z ise m\u00fccadelesinde farkl\u0131 bir a\u015famaya ge\u00e7ti. E\u015fsiz \u00e7izimleriyle, g\u00fczelli\u011fin de h\u00fczn\u00fcn de oldu\u011fu vah\u015fi bir peri masal\u0131&#8230; 2. Perde&#8230; <\/p>\n","protected":false},"excerpt":{"rendered":"<p>Sonu mutsuz biten hik\u00e2ye kahramanlar\u0131n\u0131n, birbirini \u00f6ld\u00fcrmesinin \u00f6yk\u00fcs\u00fc: \u201cHeroines Game.\u201d \u201cKalp Arisu\u201d olarak g\u00f6zlerini a\u00e7an Arisu, ayr\u0131m yapmaks\u0131z\u0131n di\u011fer Heroinlere (Kahramanlara) sald\u0131rd\u0131\u011f\u0131 i\u00e7in ceza ald\u0131. K\u00fc\u00e7\u00fck<span class=\"excerpt-hellip\"> [\u2026]<\/span><\/p>\n","protected":false},"featured_media":0,"template":"","meta":{"_monsterinsights_skip_tracking":false,"_monsterinsights_sitenote_active":false,"_monsterinsights_sitenote_note":"","_monsterinsights_sitenote_category":0},"product_brand":[],"product_cat":[12416,12291],"product_tag":[],"class_list":{"0":"post-750145","1":"product","2":"type-product","3":"status-publish","5":"product_cat-cizgi-roman","6":"product_cat-edebiyat","7":"pa_cilt-ciltsiz","8":"pa_tur-kitap","9":"pa_yayinevi-athica-yayinlari","10":"pa_yazar-tabasa-iori","12":"first","13":"instock","14":"sale","15":"shipping-taxable","16":"purchasable","17":"product-type-simple"},"_links":{"self":[{"href":"https:\/\/roveyayinevi.com.tr\/index.php\/wp-json\/wp\/v2\/product\/750145","targetHints":{"allow":["GET"]}}],"collection":[{"href":"https:\/\/roveyayinevi.com.tr\/index.php\/wp-json\/wp\/v2\/product"}],"about":[{"href":"https:\/\/roveyayinevi.com.tr\/index.php\/wp-json\/wp\/v2\/types\/product"}],"wp:attachment":[{"href":"https:\/\/roveyayinevi.com.tr\/index.php\/wp-json\/wp\/v2\/media?parent=750145"}],"wp:term":[{"taxonomy":"product_brand","embeddable":true,"href":"https:\/\/roveyayinevi.com.tr\/index.php\/wp-json\/wp\/v2\/product_brand?post=750145"},{"taxonomy":"product_cat","embeddable":true,"href":"https:\/\/roveyayinevi.com.tr\/index.php\/wp-json\/wp\/v2\/product_cat?post=750145"},{"taxonomy":"product_tag","embeddable":true,"href":"https:\/\/roveyayinevi.com.tr\/index.php\/wp-json\/wp\/v2\/product_tag?post=750145"}],"curies":[{"name":"wp","href":"https:\/\/api.w.org\/{rel}","templated":true}]}}