{"id":750144,"date":"2025-08-28T04:13:11","date_gmt":"2025-08-28T01:13:11","guid":{"rendered":"https:\/\/roveyayinevi.com.tr\/index.php\/urun\/veranda-sohbetleri-allah-yarina-birakir-yanina-birakmaz\/"},"modified":"2026-04-16T03:03:34","modified_gmt":"2026-04-16T00:03:34","slug":"veranda-sohbetleri-allah-yarina-birakir-yanina-birakmaz","status":"publish","type":"product","link":"https:\/\/roveyayinevi.com.tr\/index.php\/urun\/veranda-sohbetleri-allah-yarina-birakir-yanina-birakmaz\/","title":{"rendered":"Veranda Sohbetleri &#8211; Allah Yar\u0131na B\u0131rak\u0131r Yan\u0131na B\u0131rakmaz"},"content":{"rendered":"<p>BU B\u00d6YLE YARIM KALMAYACAK. Tuzak dedi\u011fin g\u00f6r\u00fcnmez. Yokmu\u015f gibi yapar ama her \u015feyden \u00e7ok vard\u0131r. Yokmu\u015f gibi yapt\u0131k\u00e7a daha da tuzakla\u015f\u0131r. Yoklu\u011funa inand\u0131rd\u0131k\u00e7a, kendine \u00e7eker seni. Derin aldan\u0131\u015f\u0131nla y\u00fczle\u015fmeye \u00e7a\u011f\u0131r\u0131r. Uykunun siy\/ah\u0131yla vurur g\u00f6zlerini. Yokmu\u015f gibi yapar Allah. Her \u015feyin yan\u0131ndad\u0131r ama hissettirmez yak\u0131nl\u0131\u011f\u0131n\u0131. Her \u015feyi p\u00fcr\u00fczs\u00fcz bir ak\u0131\u015f\u0131n kuca\u011f\u0131nda a\u011f\u0131rlar. Sonsuz yumu\u015fakl\u0131kta avu\u00e7lar ac\u0131lar\u0131, kederleri, h\u00fcz\u00fcnleri, gamlar\u0131, itirazlar\u0131, sitemleri. Zul\u00fcmlere ses \u00e7\u0131karmaz. Haks\u0131zl\u0131klara ald\u0131r\u0131\u015f etmiyormu\u015f gibidir. Ama \u015fimdilik. Bekler ki herkes kendi \u00f6z\u00fcn\u00fc ortaya \u00e7\u0131kars\u0131n. Bekler ki insan i\u00e7inde saklad\u0131\u011f\u0131 niyetini etten kemikten bir heykele d\u00f6n\u00fc\u015ft\u00fcrs\u00fcn; nefes nefes yontsun kendini. Belli ki \u201ctuzaklar\u0131n en hay\u0131rl\u0131s\u0131\u201d O. Bu kadar \u00e7ok varken bu kadar yokmu\u015f gibi yapmak sadece O\u2019nun i\u015fi. Yar\u0131na b\u0131rak\u0131r; yan\u0131na b\u0131rakmaz. B\u00fcy\u00fck ustal\u0131k. \u0130nce i\u015f\u00e7ilik. ALLAH YARINA BIRAKIR YANINA BIRAKMAZ \u201cen hay\u0131rl\u0131 tuzak\u201d\u0131 a\u00e7\u0131\u011fa \u00e7\u0131karma denemesi. Gizli sevdalar\u0131n besledi\u011fi a\u00e7\u0131k vedalar\u0131n h\u00fczn\u00fcne e\u015flik eden bir psikoterapistin on y\u0131llar i\u00e7inde k\u0131vamlanan mor m\u00fcrekkebinin izd\u00fc\u015f\u00fcm\u00fc. <\/p>\n","protected":false},"excerpt":{"rendered":"<p>BU B\u00d6YLE YARIM KALMAYACAK. Tuzak dedi\u011fin g\u00f6r\u00fcnmez. Yokmu\u015f gibi yapar ama her \u015feyden \u00e7ok vard\u0131r. Yokmu\u015f gibi yapt\u0131k\u00e7a daha da tuzakla\u015f\u0131r. Yoklu\u011funa inand\u0131rd\u0131k\u00e7a, kendine \u00e7eker seni.<span class=\"excerpt-hellip\"> [\u2026]<\/span><\/p>\n","protected":false},"featured_media":0,"template":"","meta":{"_monsterinsights_skip_tracking":false,"_monsterinsights_sitenote_active":false,"_monsterinsights_sitenote_note":"","_monsterinsights_sitenote_category":0},"product_brand":[],"product_cat":[12718,12719,15238],"product_tag":[],"class_list":{"0":"post-750144","1":"product","2":"type-product","3":"status-publish","5":"product_cat-din","6":"product_cat-islam","7":"product_cat-tasavvuf","8":"pa_cilt-ciltsiz","9":"pa_tur-kitap","10":"pa_yayinevi-destek-yayinlari","11":"pa_yazar-senai-demirci","13":"first","14":"instock","15":"sale","16":"shipping-taxable","17":"purchasable","18":"product-type-simple"},"_links":{"self":[{"href":"https:\/\/roveyayinevi.com.tr\/index.php\/wp-json\/wp\/v2\/product\/750144","targetHints":{"allow":["GET"]}}],"collection":[{"href":"https:\/\/roveyayinevi.com.tr\/index.php\/wp-json\/wp\/v2\/product"}],"about":[{"href":"https:\/\/roveyayinevi.com.tr\/index.php\/wp-json\/wp\/v2\/types\/product"}],"wp:attachment":[{"href":"https:\/\/roveyayinevi.com.tr\/index.php\/wp-json\/wp\/v2\/media?parent=750144"}],"wp:term":[{"taxonomy":"product_brand","embeddable":true,"href":"https:\/\/roveyayinevi.com.tr\/index.php\/wp-json\/wp\/v2\/product_brand?post=750144"},{"taxonomy":"product_cat","embeddable":true,"href":"https:\/\/roveyayinevi.com.tr\/index.php\/wp-json\/wp\/v2\/product_cat?post=750144"},{"taxonomy":"product_tag","embeddable":true,"href":"https:\/\/roveyayinevi.com.tr\/index.php\/wp-json\/wp\/v2\/product_tag?post=750144"}],"curies":[{"name":"wp","href":"https:\/\/api.w.org\/{rel}","templated":true}]}}