{"id":750143,"date":"2025-08-28T04:13:10","date_gmt":"2025-08-28T01:13:10","guid":{"rendered":"https:\/\/roveyayinevi.com.tr\/index.php\/urun\/deger-mi\/"},"modified":"2026-04-16T03:03:34","modified_gmt":"2026-04-16T00:03:34","slug":"deger-mi","status":"publish","type":"product","link":"https:\/\/roveyayinevi.com.tr\/index.php\/urun\/deger-mi\/","title":{"rendered":"De\u011fer mi?"},"content":{"rendered":"<p>B\u0130REYLER\u0130N KEND\u0130N\u0130 DE\u011eERL\u0130 H\u0130SSETMED\u0130\u011e\u0130 B\u0130R TOPLUMDA, TOPLUMSAL DE\u011eER OLU\u015eMAZ. Hayat\u0131n\u0131z bir kaybolu\u015f hik\u00e2yesine d\u00f6n\u00fc\u015fmesin diye yaz\u0131ld\u0131 bu kitap. Kendi de\u011ferini olu\u015fturamayan insan, ba\u015fkalar\u0131n\u0131n ona bi\u00e7ti\u011fi de\u011fer kadar bir hayat ya\u015far. De\u011fer bir manip\u00fclasyon arac\u0131 de\u011fildir. Ba\u015fkalar\u0131 \u00fczerinde alg\u0131 yaratmak amac\u0131yla tasarlan\u0131p pazarlanamaz. De\u011fer bir varolu\u015f bi\u00e7imidir ve ki\u015finin kendini tan\u0131mas\u0131yla ilgilidir. \u0130nsan\u0131n hayat\u0131na kabul ettikleri kadar, etmedikleriyle de \u015fekillenir. Herkesin bir varolu\u015f hik\u00e2yesi vard\u0131r. Kendinizinkini yazmaya ba\u015flad\u0131\u011f\u0131n\u0131zda ba\u015fkas\u0131n\u0131nkine ihtiyac\u0131n\u0131z kalmaz. K\u00fct\u00fcphanedeki binlerce kitab\u0131 okumaktan daha de\u011ferli bir \u015fey varsa o da binlerce kitaptan birini yazm\u0131\u015f olabilmektir. \u015eimdi kendi varolu\u015f hik\u00e2yenizi yazmaya ba\u015flayacaks\u0131n\u0131z. <\/p>\n","protected":false},"excerpt":{"rendered":"<p>B\u0130REYLER\u0130N KEND\u0130N\u0130 DE\u011eERL\u0130 H\u0130SSETMED\u0130\u011e\u0130 B\u0130R TOPLUMDA, TOPLUMSAL DE\u011eER OLU\u015eMAZ. Hayat\u0131n\u0131z bir kaybolu\u015f hik\u00e2yesine d\u00f6n\u00fc\u015fmesin diye yaz\u0131ld\u0131 bu kitap. Kendi de\u011ferini olu\u015fturamayan insan, ba\u015fkalar\u0131n\u0131n ona bi\u00e7ti\u011fi de\u011fer<span class=\"excerpt-hellip\"> [\u2026]<\/span><\/p>\n","protected":false},"featured_media":0,"template":"","meta":{"_monsterinsights_skip_tracking":false,"_monsterinsights_sitenote_active":false,"_monsterinsights_sitenote_note":"","_monsterinsights_sitenote_category":0},"product_brand":[],"product_cat":[12358,12357],"product_tag":[],"class_list":{"0":"post-750143","1":"product","2":"type-product","3":"status-publish","5":"product_cat-genel-psikoloji","6":"product_cat-psikoloji","7":"pa_cilt-ciltsiz","8":"pa_tur-kitap","9":"pa_yayinevi-destek-yayinlari","10":"pa_yazar-cagatay-cakir","12":"first","13":"instock","14":"sale","15":"shipping-taxable","16":"purchasable","17":"product-type-simple"},"_links":{"self":[{"href":"https:\/\/roveyayinevi.com.tr\/index.php\/wp-json\/wp\/v2\/product\/750143","targetHints":{"allow":["GET"]}}],"collection":[{"href":"https:\/\/roveyayinevi.com.tr\/index.php\/wp-json\/wp\/v2\/product"}],"about":[{"href":"https:\/\/roveyayinevi.com.tr\/index.php\/wp-json\/wp\/v2\/types\/product"}],"wp:attachment":[{"href":"https:\/\/roveyayinevi.com.tr\/index.php\/wp-json\/wp\/v2\/media?parent=750143"}],"wp:term":[{"taxonomy":"product_brand","embeddable":true,"href":"https:\/\/roveyayinevi.com.tr\/index.php\/wp-json\/wp\/v2\/product_brand?post=750143"},{"taxonomy":"product_cat","embeddable":true,"href":"https:\/\/roveyayinevi.com.tr\/index.php\/wp-json\/wp\/v2\/product_cat?post=750143"},{"taxonomy":"product_tag","embeddable":true,"href":"https:\/\/roveyayinevi.com.tr\/index.php\/wp-json\/wp\/v2\/product_tag?post=750143"}],"curies":[{"name":"wp","href":"https:\/\/api.w.org\/{rel}","templated":true}]}}