{"id":750141,"date":"2025-08-28T04:13:07","date_gmt":"2025-08-28T01:13:07","guid":{"rendered":"https:\/\/roveyayinevi.com.tr\/index.php\/urun\/arol\/"},"modified":"2026-03-09T03:10:34","modified_gmt":"2026-03-09T00:10:34","slug":"arol","status":"publish","type":"product","link":"https:\/\/roveyayinevi.com.tr\/index.php\/urun\/arol\/","title":{"rendered":"Arol"},"content":{"rendered":"<p>Ger\u00e7ek bir sava\u015f\u00e7\u0131 yok etti\u011fi de\u011fil kurtard\u0131\u011f\u0131 canlarla \u00f6l\u00fcms\u00fczle\u015fir. \u2026 -L\u00fctfen Sunda. O daha bebek. Dedi Arol. -Kahretsin. Biliyorum. Bir bebek ayn\u0131 senin gibi ve bebekler ba\u015f belas\u0131 oluyor yani senin gibi. Dedi Sunda. T\u00fcm s\u00f6ylenmelerine ra\u011fmen e\u011filip yavruyu s\u0131k\u0131\u015ft\u0131ran kapan\u0131 a\u00e7mak i\u00e7in u\u011fra\u015fmaya ba\u015flam\u0131\u015ft\u0131. Arol g\u00fcl\u00fcms\u00fcyordu. -Ba\u015f belas\u0131 ne demek Sunda? Diye sordu Arol. Sunda eliyle kendi aln\u0131na vurdu. Sonra derin bir nefes ald\u0131. -Arol l\u00fctfen anlams\u0131z sorular sormay\u0131 b\u0131rak ve gelip bana yard\u0131m et. Dedi. <\/p>\n","protected":false},"excerpt":{"rendered":"<p>Ger\u00e7ek bir sava\u015f\u00e7\u0131 yok etti\u011fi de\u011fil kurtard\u0131\u011f\u0131 canlarla \u00f6l\u00fcms\u00fczle\u015fir. \u2026 -L\u00fctfen Sunda. O daha bebek. Dedi Arol. -Kahretsin. Biliyorum. Bir bebek ayn\u0131 senin gibi ve bebekler<span class=\"excerpt-hellip\"> [\u2026]<\/span><\/p>\n","protected":false},"featured_media":0,"template":"","meta":{"_monsterinsights_skip_tracking":false,"_monsterinsights_sitenote_active":false,"_monsterinsights_sitenote_note":"","_monsterinsights_sitenote_category":0},"product_brand":[],"product_cat":[12291,18202],"product_tag":[],"class_list":{"0":"post-750141","1":"product","2":"type-product","3":"status-publish","5":"product_cat-edebiyat","6":"product_cat-hikaye","7":"pa_cilt-ciltsiz","8":"pa_tur-kitap","9":"pa_yayinevi-gulnar-yayinlari","10":"pa_yazar-mahmut-gokhan-akkaya","12":"first","13":"instock","14":"sale","15":"shipping-taxable","16":"purchasable","17":"product-type-simple"},"_links":{"self":[{"href":"https:\/\/roveyayinevi.com.tr\/index.php\/wp-json\/wp\/v2\/product\/750141","targetHints":{"allow":["GET"]}}],"collection":[{"href":"https:\/\/roveyayinevi.com.tr\/index.php\/wp-json\/wp\/v2\/product"}],"about":[{"href":"https:\/\/roveyayinevi.com.tr\/index.php\/wp-json\/wp\/v2\/types\/product"}],"wp:attachment":[{"href":"https:\/\/roveyayinevi.com.tr\/index.php\/wp-json\/wp\/v2\/media?parent=750141"}],"wp:term":[{"taxonomy":"product_brand","embeddable":true,"href":"https:\/\/roveyayinevi.com.tr\/index.php\/wp-json\/wp\/v2\/product_brand?post=750141"},{"taxonomy":"product_cat","embeddable":true,"href":"https:\/\/roveyayinevi.com.tr\/index.php\/wp-json\/wp\/v2\/product_cat?post=750141"},{"taxonomy":"product_tag","embeddable":true,"href":"https:\/\/roveyayinevi.com.tr\/index.php\/wp-json\/wp\/v2\/product_tag?post=750141"}],"curies":[{"name":"wp","href":"https:\/\/api.w.org\/{rel}","templated":true}]}}