{"id":750140,"date":"2025-08-28T04:13:05","date_gmt":"2025-08-28T01:13:05","guid":{"rendered":"https:\/\/roveyayinevi.com.tr\/index.php\/urun\/meshuda\/"},"modified":"2026-04-16T03:03:34","modified_gmt":"2026-04-16T00:03:34","slug":"meshuda","status":"publish","type":"product","link":"https:\/\/roveyayinevi.com.tr\/index.php\/urun\/meshuda\/","title":{"rendered":"Me\u015fh\u00fcda"},"content":{"rendered":"<p>Me\u015fh\u00fbda Roman\u0131 konusu itibariyle s\u0131ra d\u0131\u015f\u0131 olmas\u0131n\u0131n yan\u0131nda edebiyat ustalar\u0131ndan da ge\u00e7er not ald\u0131. Roman hakk\u0131nda bilgi edinebilmek i\u00e7in roman b\u00f6l\u00fcm ba\u015flar\u0131nda bulunan kodlar\u0131 (qr-code) cep telefonu kameran\u0131za g\u00f6stererek okutabilir ve birbirinden g\u00fczel i\u00e7eriklerle dolu videolar\u0131 seyredebilirsiniz. <\/p>\n","protected":false},"excerpt":{"rendered":"<p>Me\u015fh\u00fbda Roman\u0131 konusu itibariyle s\u0131ra d\u0131\u015f\u0131 olmas\u0131n\u0131n yan\u0131nda edebiyat ustalar\u0131ndan da ge\u00e7er not ald\u0131. Roman hakk\u0131nda bilgi edinebilmek i\u00e7in roman b\u00f6l\u00fcm ba\u015flar\u0131nda bulunan kodlar\u0131 (qr-code) cep<span class=\"excerpt-hellip\"> [\u2026]<\/span><\/p>\n","protected":false},"featured_media":0,"template":"","meta":{"_monsterinsights_skip_tracking":false,"_monsterinsights_sitenote_active":false,"_monsterinsights_sitenote_note":"","_monsterinsights_sitenote_category":0},"product_brand":[],"product_cat":[12291,12711],"product_tag":[],"class_list":{"0":"post-750140","1":"product","2":"type-product","3":"status-publish","5":"product_cat-edebiyat","6":"product_cat-roman-oyku","7":"pa_cilt-ciltsiz","8":"pa_tur-kitap","9":"pa_yayinevi-zet-yayinlari","10":"pa_yazar-serhat-karacelik","12":"first","13":"instock","14":"sale","15":"shipping-taxable","16":"purchasable","17":"product-type-simple"},"_links":{"self":[{"href":"https:\/\/roveyayinevi.com.tr\/index.php\/wp-json\/wp\/v2\/product\/750140","targetHints":{"allow":["GET"]}}],"collection":[{"href":"https:\/\/roveyayinevi.com.tr\/index.php\/wp-json\/wp\/v2\/product"}],"about":[{"href":"https:\/\/roveyayinevi.com.tr\/index.php\/wp-json\/wp\/v2\/types\/product"}],"wp:attachment":[{"href":"https:\/\/roveyayinevi.com.tr\/index.php\/wp-json\/wp\/v2\/media?parent=750140"}],"wp:term":[{"taxonomy":"product_brand","embeddable":true,"href":"https:\/\/roveyayinevi.com.tr\/index.php\/wp-json\/wp\/v2\/product_brand?post=750140"},{"taxonomy":"product_cat","embeddable":true,"href":"https:\/\/roveyayinevi.com.tr\/index.php\/wp-json\/wp\/v2\/product_cat?post=750140"},{"taxonomy":"product_tag","embeddable":true,"href":"https:\/\/roveyayinevi.com.tr\/index.php\/wp-json\/wp\/v2\/product_tag?post=750140"}],"curies":[{"name":"wp","href":"https:\/\/api.w.org\/{rel}","templated":true}]}}