{"id":750139,"date":"2025-08-28T04:13:04","date_gmt":"2025-08-28T01:13:04","guid":{"rendered":"https:\/\/roveyayinevi.com.tr\/index.php\/urun\/turkiye-ve-dunyada-afet-yonetimi\/"},"modified":"2026-04-16T03:03:34","modified_gmt":"2026-04-16T00:03:34","slug":"turkiye-ve-dunyada-afet-yonetimi","status":"publish","type":"product","link":"https:\/\/roveyayinevi.com.tr\/index.php\/urun\/turkiye-ve-dunyada-afet-yonetimi\/","title":{"rendered":"T\u00fcrkiye ve D\u00fcnyada Afet Y\u00f6netimi"},"content":{"rendered":"<p>T\u00fcrkiye\u2019de afet y\u00f6netiminde yeni bir model olu\u015fturulmaya \u00e7al\u0131\u015f\u0131lmaktad\u0131r. Bu model d\u00fcnyada afet y\u00f6netiminde en \u00fcst model olan b\u00fct\u00fcnle\u015fik afet y\u00f6netimi sistemidir. Bu sistem afet \u00f6ncesi risk ve afet sonras\u0131 kriz y\u00f6netimini b\u00fct\u00fcn\u00fcyle i\u00e7ine almaktad\u0131r. B\u00fct\u00fcnle\u015fik afet y\u00f6netim sistemi; klasik d\u00f6nemden farkl\u0131 olarak afetin t\u00fcm a\u015famalar\u0131n\u0131 kapsayan zarar azaltma, haz\u0131rl\u0131k, m\u00fcdahale, kurtarma, ilk yard\u0131m, \u00f6n iyile\u015ftirme ile yeniden yap\u0131lanma a\u015famalar\u0131ndan olu\u015fan bir planlama ve uygulama s\u00fcrecidir. B\u00fct\u00fcnle\u015fik afet y\u00f6netim sistemi, do\u011fal ve insan kaynakl\u0131 afetleri tamamen ortadan kalkmayacak fakat sebep oldu\u011fu can ve mal kay\u0131plar\u0131n\u0131 azaltarak ya\u015fanabilecek ac\u0131lar\u0131 azaltacakt\u0131r. Fakat sistemin ba\u015far\u0131ya ula\u015fmas\u0131 ancak toplumun t\u00fcm kesimlerinin \u00e7al\u0131\u015fmalar\u0131n i\u00e7erisinde yer almas\u0131 ko\u015fuluyla ba\u015far\u0131ya ula\u015f\u0131laca\u011f\u0131 unutulmamal\u0131d\u0131r. Bu \u00e7al\u0131\u015fma, Osmaniye Korkut Ata \u00dcniversitesi Sosyal Bilimler Enstit\u00fcs\u00fc Siyaset Bilimi ve Kamu Y\u00f6netimi Ana Bilim Dal\u0131\u2019nda \u201cB\u00fct\u00fcnle\u015fik Afet Y\u00f6netiminin \u00d6nemi ve Kazan\u0131mlar\u0131\u201d ba\u015fl\u0131kl\u0131 Y\u00fcksek Lisans Tezinden \u00fcretilmi\u015ftir.   <\/p>\n","protected":false},"excerpt":{"rendered":"<p>T\u00fcrkiye\u2019de afet y\u00f6netiminde yeni bir model olu\u015fturulmaya \u00e7al\u0131\u015f\u0131lmaktad\u0131r. Bu model d\u00fcnyada afet y\u00f6netiminde en \u00fcst model olan b\u00fct\u00fcnle\u015fik afet y\u00f6netimi sistemidir. Bu sistem afet \u00f6ncesi risk<span class=\"excerpt-hellip\"> [\u2026]<\/span><\/p>\n","protected":false},"featured_media":0,"template":"","meta":{"_monsterinsights_skip_tracking":false,"_monsterinsights_sitenote_active":false,"_monsterinsights_sitenote_note":"","_monsterinsights_sitenote_category":0},"product_brand":[],"product_cat":[14787,13488],"product_tag":[],"class_list":{"0":"post-750139","1":"product","2":"type-product","3":"status-publish","5":"product_cat-diger-toplum-ve-insan","6":"product_cat-toplum-ve-insan","7":"pa_cilt-ciltsiz","8":"pa_tur-kitap","9":"pa_yayinevi-tiav","10":"pa_yazar-ekrem-kupelioglu-selim-coskun","12":"first","13":"instock","14":"sale","15":"shipping-taxable","16":"purchasable","17":"product-type-simple"},"_links":{"self":[{"href":"https:\/\/roveyayinevi.com.tr\/index.php\/wp-json\/wp\/v2\/product\/750139","targetHints":{"allow":["GET"]}}],"collection":[{"href":"https:\/\/roveyayinevi.com.tr\/index.php\/wp-json\/wp\/v2\/product"}],"about":[{"href":"https:\/\/roveyayinevi.com.tr\/index.php\/wp-json\/wp\/v2\/types\/product"}],"wp:attachment":[{"href":"https:\/\/roveyayinevi.com.tr\/index.php\/wp-json\/wp\/v2\/media?parent=750139"}],"wp:term":[{"taxonomy":"product_brand","embeddable":true,"href":"https:\/\/roveyayinevi.com.tr\/index.php\/wp-json\/wp\/v2\/product_brand?post=750139"},{"taxonomy":"product_cat","embeddable":true,"href":"https:\/\/roveyayinevi.com.tr\/index.php\/wp-json\/wp\/v2\/product_cat?post=750139"},{"taxonomy":"product_tag","embeddable":true,"href":"https:\/\/roveyayinevi.com.tr\/index.php\/wp-json\/wp\/v2\/product_tag?post=750139"}],"curies":[{"name":"wp","href":"https:\/\/api.w.org\/{rel}","templated":true}]}}