{"id":750138,"date":"2025-08-28T04:13:03","date_gmt":"2025-08-28T01:13:03","guid":{"rendered":"https:\/\/roveyayinevi.com.tr\/index.php\/urun\/yerel-kalkinmada-yeni-bir-model-ve-ornek-projeler\/"},"modified":"2026-04-16T03:03:34","modified_gmt":"2026-04-16T00:03:34","slug":"yerel-kalkinmada-yeni-bir-model-ve-ornek-projeler","status":"publish","type":"product","link":"https:\/\/roveyayinevi.com.tr\/index.php\/urun\/yerel-kalkinmada-yeni-bir-model-ve-ornek-projeler\/","title":{"rendered":"Yerel Kalk\u0131nmada Yeni Bir Model ve \u00d6rnek Projeler"},"content":{"rendered":"<p>Yerel kalk\u0131nmaya, daha fazla \u00f6nem verilmelidir. \u0130l\u00e7e ve belde baz\u0131nda ba\u015flayan yerel kalk\u0131nmay\u0131 destekleyici her t\u00fcrl\u00fc hamle, \u00fclkenin genel geli\u015fmi\u015flik seviyesine katk\u0131da bulunacakt\u0131r. Yerel kalk\u0131nmada as\u0131l y\u00fck\u00fc \u00fcstlenmesi gereken kurumlardan biri de belediyelerdir. Halk\u0131n ad\u0131na yerelde bu g\u00f6revi \u00fcstlenmeleri ve sahip olduklar\u0131 kurumsal kapasite, belediyeleri bu noktada sorumlu tutmaktad\u0131r. Asl\u0131na bak\u0131ld\u0131\u011f\u0131nda 5393 say\u0131l\u0131 Belediye Kanunu, bu y\u00f6nde belediyelere sorumluluk y\u00fcklemektedir. Ancak kanun metninde bu konunun m\u00fcnferit olarak ele al\u0131nmam\u0131\u015f olmas\u0131, di\u011fer genel konular aras\u0131nda ge\u00e7mesi, belediye ba\u015fkanlar\u0131 taraf\u0131ndan yerel kalk\u0131nmaya yeterince \u00f6nemin verilmemesine yol a\u00e7maktad\u0131r. Bu a\u00e7\u0131dan yerel kalk\u0131nman\u0131n kanunlar\u0131m\u0131z i\u00e7erisinde yeniden ele al\u0131narak belediyelere ve ba\u015fkanlar\u0131na asli bir g\u00f6rev olarak y\u00fcklenmesi \u00f6nem arz etmektedir. Bu kadar hayati bir konu daha fazla ilgiyi hak etmektedir. Bu \u00e7al\u0131\u015fmada, \u00fclkenin genel geli\u015fmi\u015flik seviyesini y\u00fckseltmek y\u00f6n\u00fcnden belirli d\u00fczeyde kurumsal kapasiteye sahip belediyelerimize, ulusal kalk\u0131nmada rol \u00fcstlenmeleri y\u00f6n\u00fcnde destek olmak amac\u0131yla yine bu topraklarda ortaya \u00e7\u0131kart\u0131lm\u0131\u015f, \u00fcretilmi\u015f ve fayda sa\u011flam\u0131\u015f yerel kalk\u0131nmaya y\u00f6nelik projeleri, iyi birer \u00f6rnek olmas\u0131 ama\u00e7lanm\u0131\u015ft\u0131r. <\/p>\n","protected":false},"excerpt":{"rendered":"<p>Yerel kalk\u0131nmaya, daha fazla \u00f6nem verilmelidir. \u0130l\u00e7e ve belde baz\u0131nda ba\u015flayan yerel kalk\u0131nmay\u0131 destekleyici her t\u00fcrl\u00fc hamle, \u00fclkenin genel geli\u015fmi\u015flik seviyesine katk\u0131da bulunacakt\u0131r. Yerel kalk\u0131nmada as\u0131l<span class=\"excerpt-hellip\"> [\u2026]<\/span><\/p>\n","protected":false},"featured_media":0,"template":"","meta":{"_monsterinsights_skip_tracking":false,"_monsterinsights_sitenote_active":false,"_monsterinsights_sitenote_note":"","_monsterinsights_sitenote_category":0},"product_brand":[],"product_cat":[13633,12324],"product_tag":[],"class_list":{"0":"post-750138","1":"product","2":"type-product","3":"status-publish","5":"product_cat-kultur-ve-bilim","6":"product_cat-sosyoloji","7":"pa_cilt-ciltsiz","8":"pa_tur-kitap","9":"pa_yayinevi-tiav","10":"pa_yazar-orhan-guzel","12":"first","13":"instock","14":"sale","15":"shipping-taxable","16":"purchasable","17":"product-type-simple"},"_links":{"self":[{"href":"https:\/\/roveyayinevi.com.tr\/index.php\/wp-json\/wp\/v2\/product\/750138","targetHints":{"allow":["GET"]}}],"collection":[{"href":"https:\/\/roveyayinevi.com.tr\/index.php\/wp-json\/wp\/v2\/product"}],"about":[{"href":"https:\/\/roveyayinevi.com.tr\/index.php\/wp-json\/wp\/v2\/types\/product"}],"wp:attachment":[{"href":"https:\/\/roveyayinevi.com.tr\/index.php\/wp-json\/wp\/v2\/media?parent=750138"}],"wp:term":[{"taxonomy":"product_brand","embeddable":true,"href":"https:\/\/roveyayinevi.com.tr\/index.php\/wp-json\/wp\/v2\/product_brand?post=750138"},{"taxonomy":"product_cat","embeddable":true,"href":"https:\/\/roveyayinevi.com.tr\/index.php\/wp-json\/wp\/v2\/product_cat?post=750138"},{"taxonomy":"product_tag","embeddable":true,"href":"https:\/\/roveyayinevi.com.tr\/index.php\/wp-json\/wp\/v2\/product_tag?post=750138"}],"curies":[{"name":"wp","href":"https:\/\/api.w.org\/{rel}","templated":true}]}}