{"id":750137,"date":"2025-08-28T04:13:02","date_gmt":"2025-08-28T01:13:02","guid":{"rendered":"https:\/\/roveyayinevi.com.tr\/index.php\/urun\/rusyada-devlet-orgutlenmesi\/"},"modified":"2026-04-16T03:03:34","modified_gmt":"2026-04-16T00:03:34","slug":"rusyada-devlet-orgutlenmesi","status":"publish","type":"product","link":"https:\/\/roveyayinevi.com.tr\/index.php\/urun\/rusyada-devlet-orgutlenmesi\/","title":{"rendered":"Rusya&#8217;da Devlet \u00d6rg\u00fctlenmesi"},"content":{"rendered":"<p>Sahip oldu\u011fu toprak bak\u0131m\u0131ndan g\u00fcn\u00fcm\u00fczde d\u00fcnyan\u0131n en b\u00fcy\u00fck devleti say\u0131lan Rusya Federasyonu, yery\u00fcz\u00fcndeki toplam karan\u0131n y\u00fczde 11\u2019lik b\u00f6l\u00fcm\u00fcn\u00fc olu\u015fturuyor. T\u00fcrkiye\u2019nin yirmi kat\u0131 gibi bir b\u00fcy\u00fckl\u00fc\u011fe denk d\u00fc\u015fen bu co\u011frafya \u00fczerinde on bir farkl\u0131 saat dilimi bulunuyor. Onlarca farkl\u0131 etnik yap\u0131n\u0131n, anadilin ve inan\u00e7 bi\u00e7iminin bir arada ya\u015fad\u0131\u011f\u0131 bir \u00fclke olan Rusya n\u00fcfus bak\u0131m\u0131ndan d\u00fcnyan\u0131n en kalabal\u0131k sekizinci \u00fclkesi konumunda. Etnik gruplar aras\u0131nda \u00e7o\u011funlu\u011fu olu\u015fturan Ruslar, \u00fclkenin ulusal yap\u0131s\u0131nda bask\u0131n rol oynasa da federal sistem i\u00e7inde di\u011fer halklara da temel haklar tan\u0131nm\u0131\u015f durumda. Dolay\u0131s\u0131yla Rusya\u2019da ge\u00e7erli olan federalizm, d\u00fcnyan\u0131n ba\u015fka hi\u00e7bir yerinde bir araya getirilmesi ba\u015far\u0131lamayan, etnik ve y\u00f6netsel-b\u00f6lgesel b\u00f6l\u00fcnme temeline dayal\u0131 devlet yap\u0131lar\u0131n\u0131 bir araya getiriyor. Rusya topraklar\u0131 \u00fczerinde kendi yasama, y\u00fcr\u00fctme, yarg\u0131 organlar\u0131na sahip 83 \u00f6zerk birim bulunuyor. Yazar, i\u015fte bu \u00e7al\u0131\u015fmas\u0131yla b\u00f6ylesine geni\u015f bir toprak ve karma\u015f\u0131k bir toplumsal yap\u0131 \u00fczerinde federalizmin nas\u0131l kuruldu\u011funu ve i\u015fledi\u011fini a\u00e7\u0131klamaya \u00e7al\u0131\u015f\u0131yor. <\/p>\n","protected":false},"excerpt":{"rendered":"<p>Sahip oldu\u011fu toprak bak\u0131m\u0131ndan g\u00fcn\u00fcm\u00fczde d\u00fcnyan\u0131n en b\u00fcy\u00fck devleti say\u0131lan Rusya Federasyonu, yery\u00fcz\u00fcndeki toplam karan\u0131n y\u00fczde 11\u2019lik b\u00f6l\u00fcm\u00fcn\u00fc olu\u015fturuyor. T\u00fcrkiye\u2019nin yirmi kat\u0131 gibi bir b\u00fcy\u00fckl\u00fc\u011fe denk<span class=\"excerpt-hellip\"> [\u2026]<\/span><\/p>\n","protected":false},"featured_media":0,"template":"","meta":{"_monsterinsights_skip_tracking":false,"_monsterinsights_sitenote_active":false,"_monsterinsights_sitenote_note":"","_monsterinsights_sitenote_category":0},"product_brand":[],"product_cat":[13590,12337],"product_tag":[],"class_list":{"0":"post-750137","1":"product","2":"type-product","3":"status-publish","5":"product_cat-arastirma-inceleme-politika-siyaset","6":"product_cat-politika-siyaset","7":"pa_cilt-ciltsiz","8":"pa_tur-kitap","9":"pa_yayinevi-tiav","10":"pa_yazar-sedat-cobanoglu","12":"first","13":"instock","14":"sale","15":"shipping-taxable","16":"purchasable","17":"product-type-simple"},"_links":{"self":[{"href":"https:\/\/roveyayinevi.com.tr\/index.php\/wp-json\/wp\/v2\/product\/750137","targetHints":{"allow":["GET"]}}],"collection":[{"href":"https:\/\/roveyayinevi.com.tr\/index.php\/wp-json\/wp\/v2\/product"}],"about":[{"href":"https:\/\/roveyayinevi.com.tr\/index.php\/wp-json\/wp\/v2\/types\/product"}],"wp:attachment":[{"href":"https:\/\/roveyayinevi.com.tr\/index.php\/wp-json\/wp\/v2\/media?parent=750137"}],"wp:term":[{"taxonomy":"product_brand","embeddable":true,"href":"https:\/\/roveyayinevi.com.tr\/index.php\/wp-json\/wp\/v2\/product_brand?post=750137"},{"taxonomy":"product_cat","embeddable":true,"href":"https:\/\/roveyayinevi.com.tr\/index.php\/wp-json\/wp\/v2\/product_cat?post=750137"},{"taxonomy":"product_tag","embeddable":true,"href":"https:\/\/roveyayinevi.com.tr\/index.php\/wp-json\/wp\/v2\/product_tag?post=750137"}],"curies":[{"name":"wp","href":"https:\/\/api.w.org\/{rel}","templated":true}]}}