{"id":750136,"date":"2025-08-28T04:13:00","date_gmt":"2025-08-28T01:13:00","guid":{"rendered":"https:\/\/roveyayinevi.com.tr\/index.php\/urun\/6m-performans-modeli-kamu-kurumlarinda-performans-yonetimi-icin-bir-oneri\/"},"modified":"2026-04-16T03:03:34","modified_gmt":"2026-04-16T00:03:34","slug":"6m-performans-modeli-kamu-kurumlarinda-performans-yonetimi-icin-bir-oneri","status":"publish","type":"product","link":"https:\/\/roveyayinevi.com.tr\/index.php\/urun\/6m-performans-modeli-kamu-kurumlarinda-performans-yonetimi-icin-bir-oneri\/","title":{"rendered":"6M Performans Modeli Kamu Kurumlar\u0131nda Performans Y\u00f6netimi \u0130\u00e7in Bir \u00d6neri"},"content":{"rendered":"<p>\u00c7al\u0131\u015fman\u0131n amac\u0131, \u00f6zellikle 1980\u2019li y\u0131llardan sonras\u0131 yeni kamu y\u00f6netimi anlay\u0131\u015f\u0131 ba\u011flam\u0131nda literat\u00fcrde yer almaya ba\u015flayan \u201cperformans y\u00f6netimi\u201d kavram\u0131n\u0131n, T\u00fcrk kamu y\u00f6netimindeki yeri, geli\u015fimi ve etkisini a\u00e7\u0131klamak i\u00e7in yazar taraf\u0131ndan \u00f6nerilen 6M Performans Modelinin, kolluk birimleri \u00fczerinden uygulanabilirli\u011fini incelemektir. Bu kapsamda \u00e7al\u0131\u015fman\u0131n \u00f6nemi, Emniyet Genel M\u00fcd\u00fcrl\u00fc\u011f\u00fc \u00f6zelinde kamu y\u00f6netimlerinin var olu\u015f sebepleri olan performans odakl\u0131 hizmet sunumunun tekrar ve g\u00fc\u00e7l\u00fc bir \u015fekilde g\u00fcndeme getirilmesi \u015feklinde belirtilebilir. Di\u011fer bir deyi\u015fle kamu y\u00f6netimlerine \u00fcstlendikleri misyon do\u011frultusunda hedef ve faaliyetlerini ger\u00e7ekle\u015ftirirken s\u00fcrekli olarak performans kriterini esas almalar\u0131 gerekti\u011fini hat\u0131rlatmak gerekmektedir. \u00c7\u00fcnk\u00fc bir kamu kurulu\u015funun sundu\u011fu hizmet d\u00fc\u015f\u00fck performansl\u0131 oldu\u011fu takdirde o hizmettin tam anlam\u0131yla yerine getirildi\u011fini s\u00f6ylemek m\u00fcmk\u00fcn de\u011fildir. Kamu y\u00f6netimleri performans kriterleri do\u011frultusunda hizmet sunumlar\u0131n\u0131 ifa etme y\u00f6n\u00fcnde bir tutum tak\u0131n\u0131rlarsa, i\u015fte bu durumda modern y\u00f6netimin gerekliliklerini yerine getirmi\u015f olacaklard\u0131r. <\/p>\n","protected":false},"excerpt":{"rendered":"<p>\u00c7al\u0131\u015fman\u0131n amac\u0131, \u00f6zellikle 1980\u2019li y\u0131llardan sonras\u0131 yeni kamu y\u00f6netimi anlay\u0131\u015f\u0131 ba\u011flam\u0131nda literat\u00fcrde yer almaya ba\u015flayan \u201cperformans y\u00f6netimi\u201d kavram\u0131n\u0131n, T\u00fcrk kamu y\u00f6netimindeki yeri, geli\u015fimi ve etkisini a\u00e7\u0131klamak<span class=\"excerpt-hellip\"> [\u2026]<\/span><\/p>\n","protected":false},"featured_media":0,"template":"","meta":{"_monsterinsights_skip_tracking":false,"_monsterinsights_sitenote_active":false,"_monsterinsights_sitenote_note":"","_monsterinsights_sitenote_category":0},"product_brand":[],"product_cat":[12325,12324],"product_tag":[],"class_list":{"0":"post-750136","1":"product","2":"type-product","3":"status-publish","5":"product_cat-diger-sosyoloji","6":"product_cat-sosyoloji","7":"pa_cilt-ciltsiz","8":"pa_tur-kitap","9":"pa_yayinevi-tiav","10":"pa_yazar-ilker-karakoyunlu","12":"first","13":"instock","14":"sale","15":"shipping-taxable","16":"purchasable","17":"product-type-simple"},"_links":{"self":[{"href":"https:\/\/roveyayinevi.com.tr\/index.php\/wp-json\/wp\/v2\/product\/750136","targetHints":{"allow":["GET"]}}],"collection":[{"href":"https:\/\/roveyayinevi.com.tr\/index.php\/wp-json\/wp\/v2\/product"}],"about":[{"href":"https:\/\/roveyayinevi.com.tr\/index.php\/wp-json\/wp\/v2\/types\/product"}],"wp:attachment":[{"href":"https:\/\/roveyayinevi.com.tr\/index.php\/wp-json\/wp\/v2\/media?parent=750136"}],"wp:term":[{"taxonomy":"product_brand","embeddable":true,"href":"https:\/\/roveyayinevi.com.tr\/index.php\/wp-json\/wp\/v2\/product_brand?post=750136"},{"taxonomy":"product_cat","embeddable":true,"href":"https:\/\/roveyayinevi.com.tr\/index.php\/wp-json\/wp\/v2\/product_cat?post=750136"},{"taxonomy":"product_tag","embeddable":true,"href":"https:\/\/roveyayinevi.com.tr\/index.php\/wp-json\/wp\/v2\/product_tag?post=750136"}],"curies":[{"name":"wp","href":"https:\/\/api.w.org\/{rel}","templated":true}]}}