{"id":750135,"date":"2025-08-28T04:12:59","date_gmt":"2025-08-28T01:12:59","guid":{"rendered":"https:\/\/roveyayinevi.com.tr\/index.php\/urun\/kolluk-ve-iletisim\/"},"modified":"2026-04-16T03:03:34","modified_gmt":"2026-04-16T00:03:34","slug":"kolluk-ve-iletisim","status":"publish","type":"product","link":"https:\/\/roveyayinevi.com.tr\/index.php\/urun\/kolluk-ve-iletisim\/","title":{"rendered":"Kolluk ve \u0130leti\u015fim"},"content":{"rendered":"<p>Kolluk te\u015fkilatlar\u0131; su\u00e7lar\u0131 \u00f6nleme, \u00e7\u00f6zme ve kanunu koruma gibi g\u00f6revleri yerine getirirken, ileti\u015fim becerilerini kullanarak halkla olan ili\u015fkilerini de geli\u015ftirmek zorundad\u0131r. Emniyet ve asayi\u015fin sa\u011flanmas\u0131nda mesleki yeteneklerin yan\u0131nda g\u00fcven ve deste\u011fin elde edilmesi i\u00e7in ileti\u015fim elzem bir unsurdur. Halk\u0131n huzur ve refah\u0131n\u0131n tesis edilmesinde, yap\u0131lan operasyonel faaliyetler kadar alg\u0131 ve imaj da \u00f6nemlidir. Pozitif alg\u0131n\u0131n olu\u015fturulmas\u0131nda kolluk te\u015fkilatlar\u0131 da ileti\u015fimi etkili kullanmak durumundad\u0131r. T\u00fcm \u00f6zel kurulu\u015flar ve di\u011fer kamu kurumlar\u0131nda oldu\u011fu gibi kolluk birimleri de hedef kitlelerle d\u00fczenli, s\u00fcrd\u00fcr\u00fclebilir ve uzun vadede stratejik bir ileti\u015fim kurmal\u0131 ve itibar\u0131n\u0131 g\u00fc\u00e7l\u00fc tutmal\u0131d\u0131r. Hem kurumsal d\u00fczeyde hem de bireysel d\u00fczeyde do\u011fru ileti\u015fim tekniklerinin benimsenmesi, do\u011fru ara\u00e7 ve y\u00f6ntemlerin tercih edilmesi ve ki\u015fisel ileti\u015fim becerilerinin geli\u015ftirilmesi, sahada \u00fcst\u00fcnl\u00fck elde edilmesini kolayla\u015ft\u0131rmaktad\u0131r. Kitab\u0131m\u0131z, bir yandan kolluk te\u015fkilatlar\u0131nda ileti\u015fimin \u00f6nemine vurgu yaparken, di\u011fer yandan sorumluluk sahas\u0131nda kolluk personellerinin kar\u015f\u0131la\u015ft\u0131\u011f\u0131 olaylarda ileti\u015fim y\u00f6ntem ve ara\u00e7lar\u0131n\u0131 nas\u0131l kullanmas\u0131 gerekti\u011fine \u0131\u015f\u0131k tutmaktad\u0131r. \u0130kinci olarak, kitab\u0131m\u0131zda; yaz\u0131l\u0131 ileti\u015fim, s\u00f6zl\u00fc ileti\u015fim, s\u00f6zs\u00fcz ileti\u015fim ve beden dili, stratejik ileti\u015fim, kriz ileti\u015fimi, ileti\u015fim \u00e7at\u0131\u015fmalar\u0131, medya okuryazarl\u0131\u011f\u0131, sosyal medya, e\u011fitim ileti\u015fimi, kitle ileti\u015fimi gibi konular hem teorik d\u00fczeyde hem de \u00f6rneklerle anlat\u0131lmaktad\u0131r. Kitab\u0131m\u0131z, t\u00fcm kolluk te\u015fkilatlar\u0131n\u0131n ileti\u015fim ihtiyac\u0131na y\u00f6nelik olarak haz\u0131rlanm\u0131\u015ft\u0131r. \u0130leti\u015fim alan\u0131na katk\u0131 sunmas\u0131 ve t\u00fcm okuyucular\u0131n yararlanmas\u0131 dile\u011fiyle<\/p>\n","protected":false},"excerpt":{"rendered":"<p>Kolluk te\u015fkilatlar\u0131; su\u00e7lar\u0131 \u00f6nleme, \u00e7\u00f6zme ve kanunu koruma gibi g\u00f6revleri yerine getirirken, ileti\u015fim becerilerini kullanarak halkla olan ili\u015fkilerini de geli\u015ftirmek zorundad\u0131r. Emniyet ve asayi\u015fin sa\u011flanmas\u0131nda mesleki<span class=\"excerpt-hellip\"> [\u2026]<\/span><\/p>\n","protected":false},"featured_media":0,"template":"","meta":{"_monsterinsights_skip_tracking":false,"_monsterinsights_sitenote_active":false,"_monsterinsights_sitenote_note":"","_monsterinsights_sitenote_category":0},"product_brand":[],"product_cat":[13278,12324],"product_tag":[],"class_list":{"0":"post-750135","1":"product","2":"type-product","3":"status-publish","5":"product_cat-sivil-toplum-kuruluslari","6":"product_cat-sosyoloji","7":"pa_cilt-ciltsiz","8":"pa_tur-kitap","9":"pa_yayinevi-tiav","10":"pa_yazar-kolektif","12":"first","13":"instock","14":"sale","15":"shipping-taxable","16":"purchasable","17":"product-type-simple"},"_links":{"self":[{"href":"https:\/\/roveyayinevi.com.tr\/index.php\/wp-json\/wp\/v2\/product\/750135","targetHints":{"allow":["GET"]}}],"collection":[{"href":"https:\/\/roveyayinevi.com.tr\/index.php\/wp-json\/wp\/v2\/product"}],"about":[{"href":"https:\/\/roveyayinevi.com.tr\/index.php\/wp-json\/wp\/v2\/types\/product"}],"wp:attachment":[{"href":"https:\/\/roveyayinevi.com.tr\/index.php\/wp-json\/wp\/v2\/media?parent=750135"}],"wp:term":[{"taxonomy":"product_brand","embeddable":true,"href":"https:\/\/roveyayinevi.com.tr\/index.php\/wp-json\/wp\/v2\/product_brand?post=750135"},{"taxonomy":"product_cat","embeddable":true,"href":"https:\/\/roveyayinevi.com.tr\/index.php\/wp-json\/wp\/v2\/product_cat?post=750135"},{"taxonomy":"product_tag","embeddable":true,"href":"https:\/\/roveyayinevi.com.tr\/index.php\/wp-json\/wp\/v2\/product_tag?post=750135"}],"curies":[{"name":"wp","href":"https:\/\/api.w.org\/{rel}","templated":true}]}}