{"id":750132,"date":"2025-08-28T04:12:56","date_gmt":"2025-08-28T01:12:56","guid":{"rendered":"https:\/\/roveyayinevi.com.tr\/index.php\/urun\/gorunur-ile-gorunmez\/"},"modified":"2026-04-16T03:03:34","modified_gmt":"2026-04-16T00:03:34","slug":"gorunur-ile-gorunmez","status":"publish","type":"product","link":"https:\/\/roveyayinevi.com.tr\/index.php\/urun\/gorunur-ile-gorunmez\/","title":{"rendered":"G\u00f6r\u00fcn\u00fcr ile G\u00f6r\u00fcnmez"},"content":{"rendered":"<p>G\u00f6r\u00fcn\u00fcr ile G\u00f6r\u00fcnmez Merleau-Ponty\u2019nin \u00e7al\u0131\u015fma notlar\u0131yla birlikte yar\u0131m kalm\u0131\u015f son yap\u0131t\u0131d\u0131r ancak mevcut haliyle bile derin felsefi projesini m\u00fckemmelen yans\u0131t\u0131r. Merleau-Ponty burada yeni bir ontoloji teklif eder bize. Bunu felsefenin \u00f6zc\u00fc kategorileri ve geleneksel d\u00fc\u015f\u00fcncenin buyurgan grameri ile yapmaz. \u0130nsan\u0131n alg\u0131s\u0131n\u0131, g\u00f6rme kabiliyetini, duyumsama g\u00fcc\u00fcn\u00fc ve varl\u0131\u011f\u0131n \u0131\u015f\u0131lt\u0131s\u0131n\u0131 son derece naif bir tutumla fenomenolojik bir zemine ta\u015f\u0131r. Bir sanat yap\u0131t\u0131n\u0131n ortaya koydu\u011fu gibi ki\u015finin alg\u0131 ve deneyimlerindeki tamamen kendine \u00f6zg\u00fc sese, mant\u0131k, uyum ve hayal g\u00fcc\u00fcne ula\u015fmaya \u00e7al\u0131\u015f\u0131r.   Filozofun d\u00fc\u015f\u00fcnceleri bir sistem in\u015fa etmekten \u00e7ok varl\u0131\u011f\u0131n benzersizli\u011fini duyurmaya y\u00f6nelik bir \u00e7abad\u0131r. Onun felsefesi \u00f6znelli\u011fin, i\u00e7selli\u011fin felsefesi de\u011fildir. Alg\u0131lama ya da alg\u0131sal inan\u00e7 dedi\u011fi \u015fey g\u00f6r\u00fcn\u00fcr\u00fcn \u00f6tesinde belle\u011fi ve hayal g\u00fcc\u00fcn\u00fc harekete ge\u00e7iren, insan\u0131n kendisinden \u00f6nce var olan d\u00fcnya ile, \u00f6teki ile, do\u011fa ile g\u00f6r\u00fcnmeyen muazzam ili\u015fkisidir. Merleau-Ponty\u2019yi okurken d\u00fcz bir felsefe metninin s\u0131n\u0131rlar\u0131nda gezinmeyiz. Bedeni ke\u015ffetmek, d\u00fcnyan\u0131n tenine dokunmak, g\u00f6r\u00fcn\u00fcr olandaki g\u00f6r\u00fcnmezi fark etmek var olman\u0131n ger\u00e7ek amac\u0131n\u0131 duyurur gibidir. Do\u011fa alg\u0131land\u0131\u011f\u0131 andan itibaren ufuk bak\u0131\u015f\u0131m\u0131z\u0131 \u00e7evreler; m\u00fczi\u011fin, edebiyat\u0131n ve resmin betimledi\u011fi do\u011fa bizi kendisine \u00e7a\u011f\u0131r\u0131r. Seyredilen, i\u015fitilen ve alg\u0131lanan saf bir manzaran\u0131n par\u00e7as\u0131 oluruz. Ayn\u0131 d\u00fczlemdeki varl\u0131klar birbirleriyle kayna\u015f\u0131r, \u00f6yle ki biz de\u011fil onlar bize konu\u015fur. Sadece ses de\u011fil s\u00f6z\u00fc sarmalayan sessizlik de dile gelir.   G\u00f6r\u00fcn\u00fcr ile G\u00f6r\u00fcnmez geleneksel felsefeye y\u00f6nelik getirdi\u011fi itirazlarla, \u00f6zellikle Descartes, Hegel ve Sartre ele\u015ftirileriyle birlikte modern d\u00fc\u015f\u00fcnce ve sanat d\u00fcnyas\u0131 i\u00e7in yepyeni bir sayfa a\u00e7maktad\u0131r. <\/p>\n","protected":false},"excerpt":{"rendered":"<p>G\u00f6r\u00fcn\u00fcr ile G\u00f6r\u00fcnmez Merleau-Ponty\u2019nin \u00e7al\u0131\u015fma notlar\u0131yla birlikte yar\u0131m kalm\u0131\u015f son yap\u0131t\u0131d\u0131r ancak mevcut haliyle bile derin felsefi projesini m\u00fckemmelen yans\u0131t\u0131r. Merleau-Ponty burada yeni bir ontoloji teklif<span class=\"excerpt-hellip\"> [\u2026]<\/span><\/p>\n","protected":false},"featured_media":0,"template":"","meta":{"_monsterinsights_skip_tracking":false,"_monsterinsights_sitenote_active":false,"_monsterinsights_sitenote_note":"","_monsterinsights_sitenote_category":0},"product_brand":[],"product_cat":[12388],"product_tag":[],"class_list":{"0":"post-750132","1":"product","2":"type-product","3":"status-publish","5":"product_cat-felsefe","6":"pa_cilt-ciltsiz","7":"pa_tur-kitap","8":"pa_yayinevi-dogu-bati-yayinlari","9":"pa_yazar-maurice-merleau-ponty","11":"first","12":"instock","13":"sale","14":"shipping-taxable","15":"purchasable","16":"product-type-simple"},"_links":{"self":[{"href":"https:\/\/roveyayinevi.com.tr\/index.php\/wp-json\/wp\/v2\/product\/750132","targetHints":{"allow":["GET"]}}],"collection":[{"href":"https:\/\/roveyayinevi.com.tr\/index.php\/wp-json\/wp\/v2\/product"}],"about":[{"href":"https:\/\/roveyayinevi.com.tr\/index.php\/wp-json\/wp\/v2\/types\/product"}],"wp:attachment":[{"href":"https:\/\/roveyayinevi.com.tr\/index.php\/wp-json\/wp\/v2\/media?parent=750132"}],"wp:term":[{"taxonomy":"product_brand","embeddable":true,"href":"https:\/\/roveyayinevi.com.tr\/index.php\/wp-json\/wp\/v2\/product_brand?post=750132"},{"taxonomy":"product_cat","embeddable":true,"href":"https:\/\/roveyayinevi.com.tr\/index.php\/wp-json\/wp\/v2\/product_cat?post=750132"},{"taxonomy":"product_tag","embeddable":true,"href":"https:\/\/roveyayinevi.com.tr\/index.php\/wp-json\/wp\/v2\/product_tag?post=750132"}],"curies":[{"name":"wp","href":"https:\/\/api.w.org\/{rel}","templated":true}]}}