{"id":750131,"date":"2025-08-28T04:12:55","date_gmt":"2025-08-28T01:12:55","guid":{"rendered":"https:\/\/roveyayinevi.com.tr\/index.php\/urun\/carpik-agac\/"},"modified":"2026-04-16T03:03:34","modified_gmt":"2026-04-16T00:03:34","slug":"carpik-agac","status":"publish","type":"product","link":"https:\/\/roveyayinevi.com.tr\/index.php\/urun\/carpik-agac\/","title":{"rendered":"\u00c7arp\u0131k A\u011fa\u00e7"},"content":{"rendered":"<p>\u00c7arp\u0131k A\u011fa\u00e7; hayaletler, \u00f6l\u00fcler, t\u0131ls\u0131mlar, sihirli g\u00fc\u00e7ler, karanl\u0131k, kar, kasvet, gotik unsurlar, kadim masallara g\u00f6ndermeler ve \u0130skandinav mitolojisinden motiflerle dolu fantastik bir roman. Martha, Norve\u00e7\u2019in k\u0131rsal b\u00f6lgesinde ya\u015fayan b\u00fcy\u00fckannesi Mormor\u2019u ziyaret etmeye gitti\u011finde, evinde gizemli bir yabanc\u0131n\u0131n ya\u015fad\u0131\u011f\u0131n\u0131 fark eder. Ama evle ilgili tek gizem bu yabanc\u0131 de\u011fildir. Bah\u00e7edeki tuhaf a\u011fa\u00e7, eve dadanan hayaletler, b\u00fcy\u00fckannesinin kendi kendine hareket eden e\u015fyalar\u0131&#8230; Martha asl\u0131nda karma\u015f\u0131k, karanl\u0131k ve korkun\u00e7 bir bilinmezin i\u00e7ine d\u00fc\u015fm\u00fc\u015ft\u00fcr. Bu ailenin ge\u00e7mi\u015finde kadim bir aile yadig\u00e2r\u0131 oldu\u011fu anla\u015f\u0131lan enteresan bir yetene\u011fin yan\u0131 s\u0131ra \u00e7\u00f6z\u00fclmesi gereken d\u00fc\u011f\u00fcmler, ba\u015f edilmesi gereken t\u00fcyler \u00fcrpertici hayaletler ve yarat\u0131klar da vard\u0131r. T\u0131pk\u0131 kuzgunlar\u0131n ba\u015f\u0131m\u0131z\u0131n \u00fczerinde gaklay\u0131p d\u00f6nd\u00fc\u011f\u00fc bir Edgar Allan Poe hik\u00e2yesi gibi. <\/p>\n","protected":false},"excerpt":{"rendered":"<p>\u00c7arp\u0131k A\u011fa\u00e7; hayaletler, \u00f6l\u00fcler, t\u0131ls\u0131mlar, sihirli g\u00fc\u00e7ler, karanl\u0131k, kar, kasvet, gotik unsurlar, kadim masallara g\u00f6ndermeler ve \u0130skandinav mitolojisinden motiflerle dolu fantastik bir roman. Martha, Norve\u00e7\u2019in k\u0131rsal<span class=\"excerpt-hellip\"> [\u2026]<\/span><\/p>\n","protected":false},"featured_media":0,"template":"","meta":{"_monsterinsights_skip_tracking":false,"_monsterinsights_sitenote_active":false,"_monsterinsights_sitenote_note":"","_monsterinsights_sitenote_category":0},"product_brand":[],"product_cat":[12291,14777],"product_tag":[],"class_list":{"0":"post-750131","1":"product","2":"type-product","3":"status-publish","5":"product_cat-edebiyat","6":"product_cat-fantastik","7":"pa_cilt-ciltsiz","8":"pa_tur-kitap","9":"pa_yayinevi-epsilon-yayinlari","10":"pa_yazar-rachel-burge","12":"first","13":"instock","14":"sale","15":"shipping-taxable","16":"purchasable","17":"product-type-simple"},"_links":{"self":[{"href":"https:\/\/roveyayinevi.com.tr\/index.php\/wp-json\/wp\/v2\/product\/750131","targetHints":{"allow":["GET"]}}],"collection":[{"href":"https:\/\/roveyayinevi.com.tr\/index.php\/wp-json\/wp\/v2\/product"}],"about":[{"href":"https:\/\/roveyayinevi.com.tr\/index.php\/wp-json\/wp\/v2\/types\/product"}],"wp:attachment":[{"href":"https:\/\/roveyayinevi.com.tr\/index.php\/wp-json\/wp\/v2\/media?parent=750131"}],"wp:term":[{"taxonomy":"product_brand","embeddable":true,"href":"https:\/\/roveyayinevi.com.tr\/index.php\/wp-json\/wp\/v2\/product_brand?post=750131"},{"taxonomy":"product_cat","embeddable":true,"href":"https:\/\/roveyayinevi.com.tr\/index.php\/wp-json\/wp\/v2\/product_cat?post=750131"},{"taxonomy":"product_tag","embeddable":true,"href":"https:\/\/roveyayinevi.com.tr\/index.php\/wp-json\/wp\/v2\/product_tag?post=750131"}],"curies":[{"name":"wp","href":"https:\/\/api.w.org\/{rel}","templated":true}]}}