{"id":750127,"date":"2025-08-28T04:12:50","date_gmt":"2025-08-28T01:12:50","guid":{"rendered":"https:\/\/roveyayinevi.com.tr\/index.php\/urun\/hayat-bilgisi-ogretimi-2\/"},"modified":"2026-04-16T03:03:33","modified_gmt":"2026-04-16T00:03:33","slug":"hayat-bilgisi-ogretimi-2","status":"publish","type":"product","link":"https:\/\/roveyayinevi.com.tr\/index.php\/urun\/hayat-bilgisi-ogretimi-2\/","title":{"rendered":"Hayat Bilgisi \u00d6\u011fretimi"},"content":{"rendered":"<p>Temel e\u011fitim kademesi okul\u00f6ncesi, ilkokul ve ortaokuldan olu\u015fmaktad\u0131r. Bu \u00fc\u00e7 d\u00f6nem i\u00e7erisinde verilecek e\u011fitimin niteli\u011fi ve kalitesi gelecekte elde edece\u011fimiz yerin belirlenmesine \u00f6nemli katk\u0131 sa\u011flayacakt\u0131r. Bu d\u00f6nemler aras\u0131nda en kritik olan\u0131 ilkokul s\u00fcrecidir. \u0130lkokul, \u00e7ocu\u011fun kimlik, ki\u015filik ve karakter olu\u015fumunda \u00f6nemli bir yer tutmaktad\u0131r. Bu s\u00fcreci sa\u011flayacak mimarlar da s\u0131n\u0131f \u00f6\u011fretmenleridir.S\u0131n\u0131f \u00f6\u011fretmenleri bir\u00e7ok disiplinin e\u011fitimini almakta ve bununla donan\u0131ml\u0131 h\u00e2le gelmektedirler. Bu disiplinlerden biri de Hayat Bilgisi dersidir. Hayat Bilgisi dersi ge\u00e7mi\u015fte mihver ders \u00f6zelli\u011fi ta\u015f\u0131mas\u0131 nedeniyle s\u0131n\u0131f \u00f6\u011fretmenlerinin, \u00e7ocuklar\u0131 topluma uyumlu h\u00e2le getirmelerinde \u00f6nemli bir g\u00f6revi \u00fcstlenmeye devam etmektedir.S\u0131n\u0131f \u00f6\u011fretmenleri ve adaylar\u0131na katk\u0131 sa\u011flamas\u0131 amac\u0131yla haz\u0131rlanan bu kitap, farkl\u0131 \u00fcniversitelerdeki \u00f6\u011fretim elemanlar\u0131 taraf\u0131ndan haz\u0131rlanm\u0131\u015ft\u0131r ve kitab\u0131n alana katk\u0131 sa\u011flamas\u0131 beklenmektedir.<\/p>\n","protected":false},"excerpt":{"rendered":"<p>Temel e\u011fitim kademesi okul\u00f6ncesi, ilkokul ve ortaokuldan olu\u015fmaktad\u0131r. Bu \u00fc\u00e7 d\u00f6nem i\u00e7erisinde verilecek e\u011fitimin niteli\u011fi ve kalitesi gelecekte elde edece\u011fimiz yerin belirlenmesine \u00f6nemli katk\u0131 sa\u011flayacakt\u0131r. Bu<span class=\"excerpt-hellip\"> [\u2026]<\/span><\/p>\n","protected":false},"featured_media":0,"template":"","meta":{"_monsterinsights_skip_tracking":false,"_monsterinsights_sitenote_active":false,"_monsterinsights_sitenote_note":"","_monsterinsights_sitenote_category":0},"product_brand":[],"product_cat":[12573,12566],"product_tag":[],"class_list":{"0":"post-750127","1":"product","2":"type-product","3":"status-publish","5":"product_cat-akademik-kitaplar","6":"product_cat-egitim","7":"pa_cilt-ciltsiz","8":"pa_tur-kitap","9":"pa_yayinevi-ani-yayincilik","10":"pa_yazar-kolektif","12":"first","13":"instock","14":"sale","15":"shipping-taxable","16":"purchasable","17":"product-type-simple"},"_links":{"self":[{"href":"https:\/\/roveyayinevi.com.tr\/index.php\/wp-json\/wp\/v2\/product\/750127","targetHints":{"allow":["GET"]}}],"collection":[{"href":"https:\/\/roveyayinevi.com.tr\/index.php\/wp-json\/wp\/v2\/product"}],"about":[{"href":"https:\/\/roveyayinevi.com.tr\/index.php\/wp-json\/wp\/v2\/types\/product"}],"wp:attachment":[{"href":"https:\/\/roveyayinevi.com.tr\/index.php\/wp-json\/wp\/v2\/media?parent=750127"}],"wp:term":[{"taxonomy":"product_brand","embeddable":true,"href":"https:\/\/roveyayinevi.com.tr\/index.php\/wp-json\/wp\/v2\/product_brand?post=750127"},{"taxonomy":"product_cat","embeddable":true,"href":"https:\/\/roveyayinevi.com.tr\/index.php\/wp-json\/wp\/v2\/product_cat?post=750127"},{"taxonomy":"product_tag","embeddable":true,"href":"https:\/\/roveyayinevi.com.tr\/index.php\/wp-json\/wp\/v2\/product_tag?post=750127"}],"curies":[{"name":"wp","href":"https:\/\/api.w.org\/{rel}","templated":true}]}}