{"id":750126,"date":"2025-08-28T04:12:49","date_gmt":"2025-08-28T01:12:49","guid":{"rendered":"https:\/\/roveyayinevi.com.tr\/index.php\/urun\/psikolojik-olcekler\/"},"modified":"2026-04-16T03:03:33","modified_gmt":"2026-04-16T00:03:33","slug":"psikolojik-olcekler","status":"publish","type":"product","link":"https:\/\/roveyayinevi.com.tr\/index.php\/urun\/psikolojik-olcekler\/","title":{"rendered":"Psikolojik \u00d6l\u00e7ekler"},"content":{"rendered":"<p>Psikolojik \u00d6l\u00e7ekler K\u00fclt\u00fcrler Aras\u0131 kitab\u0131nda stres, stresle ba\u015fa \u00e7\u0131kma, m\u00fckemmeliyet\u00e7ilik, \u00f6znel esenlik hali, k\u00fclt\u00fcrel de\u011ferler, a\u015fk ve benlik de\u011fi\u015fkenlerini \u00f6l\u00e7en 10 adet psikolojik \u00f6l\u00e7ek bulunmaktad\u0131r. Bu \u00f6l\u00e7eklere ait geli\u015ftirme, k\u00fclt\u00fcrel uyarlama ve yeniden g\u00f6zden ge\u00e7irme \u00e7al\u0131\u015fmalar\u0131 geni\u015f \u00f6rneklemler \u00fczerinde bilimsel yollar izlenerek yap\u0131ld\u0131.Bu kitaptan psikolojik dan\u0131\u015fmanlar, psikologlar, psikiyatristler, \u00f6l\u00e7me ve de\u011ferlendirme uzmanlar\u0131, ara\u015ft\u0131rmac\u0131lar ve akademisyenler yararlanabilirler. \u00d6\u011fretim elemanlar\u0131, \u00fcniversitelerin lisans ve lisans\u00fcst\u00fc programlar\u0131nda okutulan \u00d6l\u00e7me ve De\u011ferlendirme, \u00d6l\u00e7me ve \u00d6l\u00e7ek Geli\u015ftirme, Psikolojik Testler ve De\u011ferlendirme, Stres Y\u00f6netimi, Sa\u011fl\u0131k Psikolojisi, Yak\u0131n \u0130li\u015fkiler, Evlilik Dan\u0131\u015fmanl\u0131\u011f\u0131, Aile Dan\u0131\u015fmanl\u0131\u011f\u0131 ve Bek\u00e2r Dan\u0131\u015fmanl\u0131\u011f\u0131 derslerinde yard\u0131mc\u0131 kaynak olarak kullanabilirler.<\/p>\n","protected":false},"excerpt":{"rendered":"<p>Psikolojik \u00d6l\u00e7ekler K\u00fclt\u00fcrler Aras\u0131 kitab\u0131nda stres, stresle ba\u015fa \u00e7\u0131kma, m\u00fckemmeliyet\u00e7ilik, \u00f6znel esenlik hali, k\u00fclt\u00fcrel de\u011ferler, a\u015fk ve benlik de\u011fi\u015fkenlerini \u00f6l\u00e7en 10 adet psikolojik \u00f6l\u00e7ek bulunmaktad\u0131r. Bu<span class=\"excerpt-hellip\"> [\u2026]<\/span><\/p>\n","protected":false},"featured_media":0,"template":"","meta":{"_monsterinsights_skip_tracking":false,"_monsterinsights_sitenote_active":false,"_monsterinsights_sitenote_note":"","_monsterinsights_sitenote_category":0},"product_brand":[],"product_cat":[13005,40995],"product_tag":[],"class_list":{"0":"post-750126","1":"product","2":"type-product","3":"status-publish","5":"product_cat-bilim-muhendislik","6":"product_cat-sosyal-bilimler","7":"pa_cilt-ciltsiz","8":"pa_tur-kitap","9":"pa_yayinevi-ani-yayincilik","10":"pa_yazar-kamile-bahar-aydin","12":"first","13":"instock","14":"sale","15":"shipping-taxable","16":"purchasable","17":"product-type-simple"},"_links":{"self":[{"href":"https:\/\/roveyayinevi.com.tr\/index.php\/wp-json\/wp\/v2\/product\/750126","targetHints":{"allow":["GET"]}}],"collection":[{"href":"https:\/\/roveyayinevi.com.tr\/index.php\/wp-json\/wp\/v2\/product"}],"about":[{"href":"https:\/\/roveyayinevi.com.tr\/index.php\/wp-json\/wp\/v2\/types\/product"}],"wp:attachment":[{"href":"https:\/\/roveyayinevi.com.tr\/index.php\/wp-json\/wp\/v2\/media?parent=750126"}],"wp:term":[{"taxonomy":"product_brand","embeddable":true,"href":"https:\/\/roveyayinevi.com.tr\/index.php\/wp-json\/wp\/v2\/product_brand?post=750126"},{"taxonomy":"product_cat","embeddable":true,"href":"https:\/\/roveyayinevi.com.tr\/index.php\/wp-json\/wp\/v2\/product_cat?post=750126"},{"taxonomy":"product_tag","embeddable":true,"href":"https:\/\/roveyayinevi.com.tr\/index.php\/wp-json\/wp\/v2\/product_tag?post=750126"}],"curies":[{"name":"wp","href":"https:\/\/api.w.org\/{rel}","templated":true}]}}