{"id":750125,"date":"2025-08-28T04:12:47","date_gmt":"2025-08-28T01:12:47","guid":{"rendered":"https:\/\/roveyayinevi.com.tr\/index.php\/urun\/gizemli-vadi-2\/"},"modified":"2026-04-16T03:03:33","modified_gmt":"2026-04-16T00:03:33","slug":"gizemli-vadi-2","status":"publish","type":"product","link":"https:\/\/roveyayinevi.com.tr\/index.php\/urun\/gizemli-vadi-2\/","title":{"rendered":"Gizemli Vadi"},"content":{"rendered":"<p>\u201cBize uzak bir mesafede ya\u015fayan b\u00fcy\u00fcc\u00fc kad\u0131n\u0131n yapt\u0131\u011f\u0131 kar\u0131\u015f\u0131m\u0131 al\u0131p getirmek i\u00e7in kim g\u00f6n\u00fcll\u00fc olmak ister, dedi ak sakall\u0131 ya\u015fl\u0131 adam.\u201d                                Garip bir yer, gizemli insanlar\u2026 \u0130lkokula yeni ba\u015flayan Hakan nereye d\u00fc\u015fm\u00fc\u015ft\u00fc b\u00f6yle? Bir r\u00fcya m\u0131, yoksa ger\u00e7ek miydi ba\u015f\u0131na gelenler? Daha ne oldu\u011funu anlamadan tahta sand\u0131k i\u00e7inde ba\u015fka bir yere g\u00f6t\u00fcr\u00fclm\u00fc\u015ft\u00fc. Kapadokya\u2019n\u0131n peribacalar\u0131yla \u00fcnl\u00fc b\u00fcy\u00fcl\u00fc atmosferinde Hakan ve \u00fc\u00e7 arkada\u015f\u0131n\u0131n \u00e7\u0131kt\u0131\u011f\u0131 heyecan ve macera dolu yolculu\u011fa sen de e\u015flik etmek ister misin? Elinizden b\u0131rakamayaca\u011f\u0131n\u0131z fantastik macera dolu bir roman sizi bekliyor. <\/p>\n","protected":false},"excerpt":{"rendered":"<p>\u201cBize uzak bir mesafede ya\u015fayan b\u00fcy\u00fcc\u00fc kad\u0131n\u0131n yapt\u0131\u011f\u0131 kar\u0131\u015f\u0131m\u0131 al\u0131p getirmek i\u00e7in kim g\u00f6n\u00fcll\u00fc olmak ister, dedi ak sakall\u0131 ya\u015fl\u0131 adam.\u201d Garip bir yer, gizemli insanlar\u2026<span class=\"excerpt-hellip\"> [\u2026]<\/span><\/p>\n","protected":false},"featured_media":0,"template":"","meta":{"_monsterinsights_skip_tracking":false,"_monsterinsights_sitenote_active":false,"_monsterinsights_sitenote_note":"","_monsterinsights_sitenote_category":0},"product_brand":[],"product_cat":[12274,12284],"product_tag":[],"class_list":{"0":"post-750125","1":"product","2":"type-product","3":"status-publish","5":"product_cat-cocuk-ve-genclik-kitaplari","6":"product_cat-hikayeler","7":"pa_cilt-ciltsiz","8":"pa_tur-kitap","9":"pa_yayinevi-cinaralti-yayinlari","10":"pa_yazar-yusuf-eren","12":"first","13":"instock","14":"sale","15":"shipping-taxable","16":"purchasable","17":"product-type-simple"},"_links":{"self":[{"href":"https:\/\/roveyayinevi.com.tr\/index.php\/wp-json\/wp\/v2\/product\/750125","targetHints":{"allow":["GET"]}}],"collection":[{"href":"https:\/\/roveyayinevi.com.tr\/index.php\/wp-json\/wp\/v2\/product"}],"about":[{"href":"https:\/\/roveyayinevi.com.tr\/index.php\/wp-json\/wp\/v2\/types\/product"}],"wp:attachment":[{"href":"https:\/\/roveyayinevi.com.tr\/index.php\/wp-json\/wp\/v2\/media?parent=750125"}],"wp:term":[{"taxonomy":"product_brand","embeddable":true,"href":"https:\/\/roveyayinevi.com.tr\/index.php\/wp-json\/wp\/v2\/product_brand?post=750125"},{"taxonomy":"product_cat","embeddable":true,"href":"https:\/\/roveyayinevi.com.tr\/index.php\/wp-json\/wp\/v2\/product_cat?post=750125"},{"taxonomy":"product_tag","embeddable":true,"href":"https:\/\/roveyayinevi.com.tr\/index.php\/wp-json\/wp\/v2\/product_tag?post=750125"}],"curies":[{"name":"wp","href":"https:\/\/api.w.org\/{rel}","templated":true}]}}