{"id":750124,"date":"2025-08-28T04:12:46","date_gmt":"2025-08-28T01:12:46","guid":{"rendered":"https:\/\/roveyayinevi.com.tr\/index.php\/urun\/ozel-egitim-ve-kaynastirma-3\/"},"modified":"2026-04-16T03:03:33","modified_gmt":"2026-04-16T00:03:33","slug":"ozel-egitim-ve-kaynastirma-3","status":"publish","type":"product","link":"https:\/\/roveyayinevi.com.tr\/index.php\/urun\/ozel-egitim-ve-kaynastirma-3\/","title":{"rendered":"\u00d6zel E\u011fitim ve Kayna\u015ft\u0131rma"},"content":{"rendered":"<p>Bireylerin e\u011fitimlerine ili\u015fkin yeni y\u00f6ntem aray\u0131\u015flar\u0131 g\u00fcn\u00fcm\u00fczde de s\u00fcrmekte, buna ba\u011fl\u0131 olarak yasa\/y\u00f6netmelikler \u00e7\u0131kar\u0131lmakta, \u00fcniversitelerin E\u011fitim Fak\u00fcltelerinin \u00d6\u011fretmen Yeti\u015ftirme Lisans Programlar\u0131nda okutulan derslerle ilgili yeni d\u00fczenlemelere gidilmektedir. Bu ba\u011flamda ders kitaplar\u0131n\u0131n da g\u00fcncellenmesine gereksinim duyulmu\u015f, bu gereksinimin bir sonucu olarak da okudu\u011funuz bu kitap sizler i\u00e7in haz\u0131rlanm\u0131\u015ft\u0131r.Kitap temelde iki b\u00f6l\u00fcmden olu\u015fmaktad\u0131r. Birinci b\u00f6l\u00fcmde, \u00f6zel gereksinimli \u00e7ocuklar\u0131n \u00f6zellikleri, e\u011fitim s\u00fcre\u00e7leri ve temel kavramlar \u00fczerinde durulmu\u015f; ikinci b\u00f6l\u00fcmde ise \u00f6zel gereksinimli \u00e7ocuklar\u0131n normal geli\u015fim g\u00f6steren akranlar\u0131 ile birlikte e\u011fitim alabilmelerine olanak sa\u011flayan kayna\u015ft\u0131rma uygulamalar\u0131na de\u011finilmi\u015ftir.Kitap T\u00fcrkiye\u2019nin farkl\u0131 \u00fcniversitelerinde g\u00f6rev yapan geni\u015f bir akademisyen kadrosu taraf\u0131ndan kaleme al\u0131nm\u0131\u015ft\u0131r. Yazarlar her b\u00f6l\u00fcmde sizlere en yeni teorik bilgileri vermenin yan\u0131 s\u0131ra, okulda yapaca\u011f\u0131n\u0131z uygulamalara, kar\u015f\u0131la\u015fabilece\u011finiz olas\u0131 sorunlara ve bu sorunlar\u0131n \u00e7\u00f6z\u00fcm\u00fcne y\u00f6nelik \u00f6neriler vermeye \u00f6zen g\u00f6stermi\u015flerdir. Okudu\u011funuz kitab\u0131 benzerlerinden ay\u0131ran en temel \u00f6zelliklerinden birisinin de bu oldu\u011fu d\u00fc\u015f\u00fcn\u00fclmektedir.<\/p>\n","protected":false},"excerpt":{"rendered":"<p>Bireylerin e\u011fitimlerine ili\u015fkin yeni y\u00f6ntem aray\u0131\u015flar\u0131 g\u00fcn\u00fcm\u00fczde de s\u00fcrmekte, buna ba\u011fl\u0131 olarak yasa\/y\u00f6netmelikler \u00e7\u0131kar\u0131lmakta, \u00fcniversitelerin E\u011fitim Fak\u00fcltelerinin \u00d6\u011fretmen Yeti\u015ftirme Lisans Programlar\u0131nda okutulan derslerle ilgili yeni d\u00fczenlemelere<span class=\"excerpt-hellip\"> [\u2026]<\/span><\/p>\n","protected":false},"featured_media":0,"template":"","meta":{"_monsterinsights_skip_tracking":false,"_monsterinsights_sitenote_active":false,"_monsterinsights_sitenote_note":"","_monsterinsights_sitenote_category":0},"product_brand":[],"product_cat":[12573,12566],"product_tag":[],"class_list":{"0":"post-750124","1":"product","2":"type-product","3":"status-publish","5":"product_cat-akademik-kitaplar","6":"product_cat-egitim","7":"pa_cilt-ciltsiz","8":"pa_tur-kitap","9":"pa_yayinevi-ani-yayincilik","10":"pa_yazar-ahmet-bildiren-avsar-ardic-gonul-akcamete","12":"first","13":"instock","14":"sale","15":"shipping-taxable","16":"purchasable","17":"product-type-simple"},"_links":{"self":[{"href":"https:\/\/roveyayinevi.com.tr\/index.php\/wp-json\/wp\/v2\/product\/750124","targetHints":{"allow":["GET"]}}],"collection":[{"href":"https:\/\/roveyayinevi.com.tr\/index.php\/wp-json\/wp\/v2\/product"}],"about":[{"href":"https:\/\/roveyayinevi.com.tr\/index.php\/wp-json\/wp\/v2\/types\/product"}],"wp:attachment":[{"href":"https:\/\/roveyayinevi.com.tr\/index.php\/wp-json\/wp\/v2\/media?parent=750124"}],"wp:term":[{"taxonomy":"product_brand","embeddable":true,"href":"https:\/\/roveyayinevi.com.tr\/index.php\/wp-json\/wp\/v2\/product_brand?post=750124"},{"taxonomy":"product_cat","embeddable":true,"href":"https:\/\/roveyayinevi.com.tr\/index.php\/wp-json\/wp\/v2\/product_cat?post=750124"},{"taxonomy":"product_tag","embeddable":true,"href":"https:\/\/roveyayinevi.com.tr\/index.php\/wp-json\/wp\/v2\/product_tag?post=750124"}],"curies":[{"name":"wp","href":"https:\/\/api.w.org\/{rel}","templated":true}]}}