{"id":750123,"date":"2025-08-28T04:12:44","date_gmt":"2025-08-28T01:12:44","guid":{"rendered":"https:\/\/roveyayinevi.com.tr\/index.php\/urun\/cicek-acan-atki\/"},"modified":"2026-04-16T03:03:33","modified_gmt":"2026-04-16T00:03:33","slug":"cicek-acan-atki","status":"publish","type":"product","link":"https:\/\/roveyayinevi.com.tr\/index.php\/urun\/cicek-acan-atki\/","title":{"rendered":"\u00c7i\u00e7ek A\u00e7an Atk\u0131"},"content":{"rendered":"<p>Teyzesi ile birlikte k\u00fc\u00e7\u00fck bir kasabada ya\u015fayan Atanur\u2019un birbirinden ilgin\u00e7 ve e\u011flenceli hik\u00e2yelerine e\u015flik etmeye haz\u0131r m\u0131s\u0131n? Dost Azerbaycan\u2019\u0131n g\u00fc\u00e7l\u00fc kalemlerinden Eluca Atal\u0131\u2019n\u0131n hik\u00e2yelerinden olu\u015fan bu g\u00fczel eserde, Atanur\u2019un e\u011flenceli d\u00fcnyas\u0131na ve gizemli maceralara e\u015flik etmek ister misin? Haydi o zaman; Atanur\u2019un d\u00fcnyas\u0131na yolculuk ba\u015fl\u0131yor\u2026 <\/p>\n","protected":false},"excerpt":{"rendered":"<p>Teyzesi ile birlikte k\u00fc\u00e7\u00fck bir kasabada ya\u015fayan Atanur\u2019un birbirinden ilgin\u00e7 ve e\u011flenceli hik\u00e2yelerine e\u015flik etmeye haz\u0131r m\u0131s\u0131n? Dost Azerbaycan\u2019\u0131n g\u00fc\u00e7l\u00fc kalemlerinden Eluca Atal\u0131\u2019n\u0131n hik\u00e2yelerinden olu\u015fan bu<span class=\"excerpt-hellip\"> [\u2026]<\/span><\/p>\n","protected":false},"featured_media":0,"template":"","meta":{"_monsterinsights_skip_tracking":false,"_monsterinsights_sitenote_active":false,"_monsterinsights_sitenote_note":"","_monsterinsights_sitenote_category":0},"product_brand":[],"product_cat":[12274,12284],"product_tag":[],"class_list":{"0":"post-750123","1":"product","2":"type-product","3":"status-publish","5":"product_cat-cocuk-ve-genclik-kitaplari","6":"product_cat-hikayeler","7":"pa_cilt-ciltsiz","8":"pa_tur-kitap","9":"pa_yayinevi-cinaralti-yayinlari","10":"pa_yazar-eluca-atali","12":"first","13":"instock","14":"sale","15":"shipping-taxable","16":"purchasable","17":"product-type-simple"},"_links":{"self":[{"href":"https:\/\/roveyayinevi.com.tr\/index.php\/wp-json\/wp\/v2\/product\/750123","targetHints":{"allow":["GET"]}}],"collection":[{"href":"https:\/\/roveyayinevi.com.tr\/index.php\/wp-json\/wp\/v2\/product"}],"about":[{"href":"https:\/\/roveyayinevi.com.tr\/index.php\/wp-json\/wp\/v2\/types\/product"}],"wp:attachment":[{"href":"https:\/\/roveyayinevi.com.tr\/index.php\/wp-json\/wp\/v2\/media?parent=750123"}],"wp:term":[{"taxonomy":"product_brand","embeddable":true,"href":"https:\/\/roveyayinevi.com.tr\/index.php\/wp-json\/wp\/v2\/product_brand?post=750123"},{"taxonomy":"product_cat","embeddable":true,"href":"https:\/\/roveyayinevi.com.tr\/index.php\/wp-json\/wp\/v2\/product_cat?post=750123"},{"taxonomy":"product_tag","embeddable":true,"href":"https:\/\/roveyayinevi.com.tr\/index.php\/wp-json\/wp\/v2\/product_tag?post=750123"}],"curies":[{"name":"wp","href":"https:\/\/api.w.org\/{rel}","templated":true}]}}