{"id":750122,"date":"2025-08-28T04:12:42","date_gmt":"2025-08-28T01:12:42","guid":{"rendered":"https:\/\/roveyayinevi.com.tr\/index.php\/urun\/gogu-delen-kuyu\/"},"modified":"2026-04-16T03:03:33","modified_gmt":"2026-04-16T00:03:33","slug":"gogu-delen-kuyu","status":"publish","type":"product","link":"https:\/\/roveyayinevi.com.tr\/index.php\/urun\/gogu-delen-kuyu\/","title":{"rendered":"G\u00f6\u011f\u00fc Delen Kuyu"},"content":{"rendered":"<p>Yeni nesillere somut olan ve olmayan k\u00fclt\u00fcrel miras\u0131n aktar\u0131lmas\u0131nda \u00e7ocuk edebiyat\u0131n\u0131n rol\u00fcne ve \u00f6nemine inanan E\u011fitimci-Yazar Dr. Y\u0131ld\u0131ray Ayd\u0131n; bu eserinde Ertu\u011frul Gazi\u2019nin Bilecik-S\u00f6\u011f\u00fct b\u00f6lgesine ilk geli\u015fini, T\u00fcrkiye\u2019de ilk ve tek olan Kuyulu Mescid\u2019i in\u015fas\u0131n\u0131, bu mescidin yap\u0131m\u0131 s\u00fcrecinde ve sonras\u0131nda ya\u015fan\u0131lan olaylar\u0131 kaleme al\u0131yor. Ertu\u011frul Gazi\u2019nin adalet, bilimsellik, ak\u0131lc\u0131l\u0131k, d\u00fcr\u00fcstl\u00fck ve cesaret gibi de\u011ferlerinin sizlere ilham olmas\u0131 dile\u011fiyle\u2026 <\/p>\n","protected":false},"excerpt":{"rendered":"<p>Yeni nesillere somut olan ve olmayan k\u00fclt\u00fcrel miras\u0131n aktar\u0131lmas\u0131nda \u00e7ocuk edebiyat\u0131n\u0131n rol\u00fcne ve \u00f6nemine inanan E\u011fitimci-Yazar Dr. Y\u0131ld\u0131ray Ayd\u0131n; bu eserinde Ertu\u011frul Gazi\u2019nin Bilecik-S\u00f6\u011f\u00fct b\u00f6lgesine ilk<span class=\"excerpt-hellip\"> [\u2026]<\/span><\/p>\n","protected":false},"featured_media":0,"template":"","meta":{"_monsterinsights_skip_tracking":false,"_monsterinsights_sitenote_active":false,"_monsterinsights_sitenote_note":"","_monsterinsights_sitenote_category":0},"product_brand":[],"product_cat":[12274,12284],"product_tag":[],"class_list":{"0":"post-750122","1":"product","2":"type-product","3":"status-publish","5":"product_cat-cocuk-ve-genclik-kitaplari","6":"product_cat-hikayeler","7":"pa_cilt-ciltsiz","8":"pa_tur-kitap","9":"pa_yayinevi-cinaralti-yayinlari","10":"pa_yazar-yildiray-aydin","12":"first","13":"instock","14":"sale","15":"shipping-taxable","16":"purchasable","17":"product-type-simple"},"_links":{"self":[{"href":"https:\/\/roveyayinevi.com.tr\/index.php\/wp-json\/wp\/v2\/product\/750122","targetHints":{"allow":["GET"]}}],"collection":[{"href":"https:\/\/roveyayinevi.com.tr\/index.php\/wp-json\/wp\/v2\/product"}],"about":[{"href":"https:\/\/roveyayinevi.com.tr\/index.php\/wp-json\/wp\/v2\/types\/product"}],"wp:attachment":[{"href":"https:\/\/roveyayinevi.com.tr\/index.php\/wp-json\/wp\/v2\/media?parent=750122"}],"wp:term":[{"taxonomy":"product_brand","embeddable":true,"href":"https:\/\/roveyayinevi.com.tr\/index.php\/wp-json\/wp\/v2\/product_brand?post=750122"},{"taxonomy":"product_cat","embeddable":true,"href":"https:\/\/roveyayinevi.com.tr\/index.php\/wp-json\/wp\/v2\/product_cat?post=750122"},{"taxonomy":"product_tag","embeddable":true,"href":"https:\/\/roveyayinevi.com.tr\/index.php\/wp-json\/wp\/v2\/product_tag?post=750122"}],"curies":[{"name":"wp","href":"https:\/\/api.w.org\/{rel}","templated":true}]}}