{"id":750121,"date":"2025-08-28T04:12:40","date_gmt":"2025-08-28T01:12:40","guid":{"rendered":"https:\/\/roveyayinevi.com.tr\/index.php\/urun\/bal-arkadasim\/"},"modified":"2026-04-16T03:03:33","modified_gmt":"2026-04-16T00:03:33","slug":"bal-arkadasim","status":"publish","type":"product","link":"https:\/\/roveyayinevi.com.tr\/index.php\/urun\/bal-arkadasim\/","title":{"rendered":"Bal Arkada\u015f\u0131m"},"content":{"rendered":"<p>Bir\u00e7ok \u00e7ocu\u011fun senin gibi \u201c\u00c7ok \u00e7abuk s\u0131k\u0131l\u0131yorum.\u201d dedi\u011fini duyar gibiyim. Yeni arkada\u015flarla hatta kendinle tan\u0131\u015fmak seni \u00e7ok \u00e7abuk s\u0131k\u0131lmaktan kurtarabilir. T\u0131pk\u0131 Fili\u2019nin Bal\u0131 ile bal arkada\u015f\u0131 olmas\u0131 gibi. Bu tan\u0131\u015f\u0131kl\u0131k sayesinde kendiyle de daha yak\u0131n arkada\u015f olan Fili\u2019nin hik\u00e2yesindeki bal arkada\u015f\u0131 bulman dile\u011fiyle\u2026 <\/p>\n","protected":false},"excerpt":{"rendered":"<p>Bir\u00e7ok \u00e7ocu\u011fun senin gibi \u201c\u00c7ok \u00e7abuk s\u0131k\u0131l\u0131yorum.\u201d dedi\u011fini duyar gibiyim. Yeni arkada\u015flarla hatta kendinle tan\u0131\u015fmak seni \u00e7ok \u00e7abuk s\u0131k\u0131lmaktan kurtarabilir. T\u0131pk\u0131 Fili\u2019nin Bal\u0131 ile bal arkada\u015f\u0131<span class=\"excerpt-hellip\"> [\u2026]<\/span><\/p>\n","protected":false},"featured_media":0,"template":"","meta":{"_monsterinsights_skip_tracking":false,"_monsterinsights_sitenote_active":false,"_monsterinsights_sitenote_note":"","_monsterinsights_sitenote_category":0},"product_brand":[],"product_cat":[12274,12284],"product_tag":[],"class_list":{"0":"post-750121","1":"product","2":"type-product","3":"status-publish","5":"product_cat-cocuk-ve-genclik-kitaplari","6":"product_cat-hikayeler","7":"pa_cilt-ciltsiz","8":"pa_tur-kitap","9":"pa_yayinevi-cinaralti-yayinlari","10":"pa_yazar-yildiray-aydin","12":"first","13":"instock","14":"sale","15":"shipping-taxable","16":"purchasable","17":"product-type-simple"},"_links":{"self":[{"href":"https:\/\/roveyayinevi.com.tr\/index.php\/wp-json\/wp\/v2\/product\/750121","targetHints":{"allow":["GET"]}}],"collection":[{"href":"https:\/\/roveyayinevi.com.tr\/index.php\/wp-json\/wp\/v2\/product"}],"about":[{"href":"https:\/\/roveyayinevi.com.tr\/index.php\/wp-json\/wp\/v2\/types\/product"}],"wp:attachment":[{"href":"https:\/\/roveyayinevi.com.tr\/index.php\/wp-json\/wp\/v2\/media?parent=750121"}],"wp:term":[{"taxonomy":"product_brand","embeddable":true,"href":"https:\/\/roveyayinevi.com.tr\/index.php\/wp-json\/wp\/v2\/product_brand?post=750121"},{"taxonomy":"product_cat","embeddable":true,"href":"https:\/\/roveyayinevi.com.tr\/index.php\/wp-json\/wp\/v2\/product_cat?post=750121"},{"taxonomy":"product_tag","embeddable":true,"href":"https:\/\/roveyayinevi.com.tr\/index.php\/wp-json\/wp\/v2\/product_tag?post=750121"}],"curies":[{"name":"wp","href":"https:\/\/api.w.org\/{rel}","templated":true}]}}