{"id":750118,"date":"2025-08-28T04:12:37","date_gmt":"2025-08-28T01:12:37","guid":{"rendered":"https:\/\/roveyayinevi.com.tr\/index.php\/urun\/lider-uye-etkilesim-kurami-ve-bazi-ciktilari\/"},"modified":"2026-04-16T03:03:33","modified_gmt":"2026-04-16T00:03:33","slug":"lider-uye-etkilesim-kurami-ve-bazi-ciktilari","status":"publish","type":"product","link":"https:\/\/roveyayinevi.com.tr\/index.php\/urun\/lider-uye-etkilesim-kurami-ve-bazi-ciktilari\/","title":{"rendered":"Lider-\u00dcye Etkile\u015fim Kuram\u0131 ve Baz\u0131 \u00c7\u0131kt\u0131lar\u0131"},"content":{"rendered":"<p>Liderlik; \u00fczerinde yo\u011fun olarak \u00e7al\u0131\u015f\u0131lan bir olgu, varl\u0131k ve birikimiyle de bir s\u00fcre\u00e7tir. Her liderlik yakla\u015f\u0131m\u0131, liderlik olgusunun ve liderin farkl\u0131 bir y\u00f6n\u00fcne \u0131\u015f\u0131k tutmaktad\u0131r. \u00c7a\u011fc\u0131l liderlik yakla\u015f\u0131mlar\u0131ndan Lider-\u00dcye Etkile\u015fim Kuram\u0131, di\u011fer liderlik kuramlar\u0131ndan farkl\u0131 olarak liderin, her bir ast\u0131na standart bir yakla\u015f\u0131m sergilemedi\u011fini ileri s\u00fcrmektedir. Bu kuram; lider ile \u00fcye aras\u0131nda \u00e7ift y\u00f6nl\u00fc bir ili\u015fkinin varl\u0131\u011f\u0131na dikkat \u00e7ekmesi a\u00e7\u0131s\u0131ndan da \u00f6nemli g\u00f6r\u00fclmektedir. Lider ile \u00fcye aras\u0131ndaki etkile\u015fim kalitesinin y\u00fcksek olmas\u0131, \u00f6rg\u00fctler ve y\u00f6netim a\u00e7\u0131s\u0131ndan olumlu \u00e7\u0131kt\u0131lar sunmaktad\u0131r.Lider-\u00fcye etkile\u015fimine y\u00f6nelik \u00e7\u00f6z\u00fcmlemelerin yan\u0131 s\u0131ra \u00f6rg\u00fctlerde anahtar yap\u0131lar olarak nitelendirilen \u00f6rg\u00fctsel ba\u011fl\u0131l\u0131k ve \u00f6rg\u00fctsel g\u00fcven konular\u0131n\u0131n \u00e7\u00f6z\u00fcmlenmesi \u00f6nemlidir. \u00d6rg\u00fctsel ba\u011fl\u0131l\u0131k ve \u00f6rg\u00fctsel g\u00fcvenin olu\u015fmas\u0131 ve \u015fekillenmesi, Lider-\u00dcye Etkile\u015fim Kuram\u0131 perspektifinde incelenmektedir. Liderlik, \u00f6rg\u00fctsel ba\u011fl\u0131l\u0131k ve \u00f6rg\u00fctsel g\u00fcvenin; bireysel ve \u00f6rg\u00fctsel ya\u015fam \u00fczerindeki etkilerine dikkat \u00e7ekmektedir.<\/p>\n","protected":false},"excerpt":{"rendered":"<p>Liderlik; \u00fczerinde yo\u011fun olarak \u00e7al\u0131\u015f\u0131lan bir olgu, varl\u0131k ve birikimiyle de bir s\u00fcre\u00e7tir. Her liderlik yakla\u015f\u0131m\u0131, liderlik olgusunun ve liderin farkl\u0131 bir y\u00f6n\u00fcne \u0131\u015f\u0131k tutmaktad\u0131r. \u00c7a\u011fc\u0131l<span class=\"excerpt-hellip\"> [\u2026]<\/span><\/p>\n","protected":false},"featured_media":0,"template":"","meta":{"_monsterinsights_skip_tracking":false,"_monsterinsights_sitenote_active":false,"_monsterinsights_sitenote_note":"","_monsterinsights_sitenote_category":0},"product_brand":[],"product_cat":[12573,12566],"product_tag":[],"class_list":{"0":"post-750118","1":"product","2":"type-product","3":"status-publish","5":"product_cat-akademik-kitaplar","6":"product_cat-egitim","7":"pa_cilt-ciltsiz","8":"pa_tur-kitap","9":"pa_yayinevi-ani-yayincilik","10":"pa_yazar-selcuk-demir","12":"first","13":"instock","14":"sale","15":"shipping-taxable","16":"purchasable","17":"product-type-simple"},"_links":{"self":[{"href":"https:\/\/roveyayinevi.com.tr\/index.php\/wp-json\/wp\/v2\/product\/750118","targetHints":{"allow":["GET"]}}],"collection":[{"href":"https:\/\/roveyayinevi.com.tr\/index.php\/wp-json\/wp\/v2\/product"}],"about":[{"href":"https:\/\/roveyayinevi.com.tr\/index.php\/wp-json\/wp\/v2\/types\/product"}],"wp:attachment":[{"href":"https:\/\/roveyayinevi.com.tr\/index.php\/wp-json\/wp\/v2\/media?parent=750118"}],"wp:term":[{"taxonomy":"product_brand","embeddable":true,"href":"https:\/\/roveyayinevi.com.tr\/index.php\/wp-json\/wp\/v2\/product_brand?post=750118"},{"taxonomy":"product_cat","embeddable":true,"href":"https:\/\/roveyayinevi.com.tr\/index.php\/wp-json\/wp\/v2\/product_cat?post=750118"},{"taxonomy":"product_tag","embeddable":true,"href":"https:\/\/roveyayinevi.com.tr\/index.php\/wp-json\/wp\/v2\/product_tag?post=750118"}],"curies":[{"name":"wp","href":"https:\/\/api.w.org\/{rel}","templated":true}]}}