{"id":750113,"date":"2025-08-28T04:12:28","date_gmt":"2025-08-28T01:12:28","guid":{"rendered":"https:\/\/roveyayinevi.com.tr\/index.php\/urun\/falan-filan-efendi-ve-cocuk\/"},"modified":"2026-04-16T03:03:33","modified_gmt":"2026-04-16T00:03:33","slug":"falan-filan-efendi-ve-cocuk","status":"publish","type":"product","link":"https:\/\/roveyayinevi.com.tr\/index.php\/urun\/falan-filan-efendi-ve-cocuk\/","title":{"rendered":"Falan Filan Efendi ve \u00c7ocuk"},"content":{"rendered":"<p>Romeo Juliet\u2019i hi\u00e7 sevmedi. Kimse kendini kand\u0131rmas\u0131n. \u0130yi oynad\u0131lar rollerini hepsi bu. D\u00fcnya, i\u00e7inde sadece insanlar\u0131n ya\u015fad\u0131\u011f\u0131 bir kara par\u00e7as\u0131 de\u011fildir. Zaman ve Mutsuzluk kara delik, saatlerin bir \u00f6nemi yok. Hadi yat\u0131p uyu, yar\u0131n yine ayn\u0131 d\u00fc\u015f k\u0131r\u0131klar\u0131yla uyan\u0131p, \u00e7ekmecende umut arayacaks\u0131n. S\u0131k\u0131 giyin mevsimi umursamadan. Z\u0131rh\u0131n kal\u0131n de\u011filse delip ge\u00e7iyor bu yaln\u0131zl\u0131k. Bekledi\u011fin bir gemi varsa liman\u0131 hemen terk et. Neden diye de sorma. \u00c7\u00fcnk\u00fc neden diye soruyorsa insan istedi\u011fi cevab\u0131 almak i\u00e7in hala bir umudu var demektir. Bu umut her neyse g\u00fczel adam \u00f6ld\u00fcr\u00fcyor. Ne oldu\u011funu anlayana kadar bitiyor \u00f6m\u00fcr.<\/p>\n","protected":false},"excerpt":{"rendered":"<p>Romeo Juliet\u2019i hi\u00e7 sevmedi. Kimse kendini kand\u0131rmas\u0131n. \u0130yi oynad\u0131lar rollerini hepsi bu. D\u00fcnya, i\u00e7inde sadece insanlar\u0131n ya\u015fad\u0131\u011f\u0131 bir kara par\u00e7as\u0131 de\u011fildir. Zaman ve Mutsuzluk kara delik,<span class=\"excerpt-hellip\"> [\u2026]<\/span><\/p>\n","protected":false},"featured_media":0,"template":"","meta":{"_monsterinsights_skip_tracking":false,"_monsterinsights_sitenote_active":false,"_monsterinsights_sitenote_note":"","_monsterinsights_sitenote_category":0},"product_brand":[],"product_cat":[12291,12711],"product_tag":[],"class_list":{"0":"post-750113","1":"product","2":"type-product","3":"status-publish","5":"product_cat-edebiyat","6":"product_cat-roman-oyku","7":"pa_cilt-ciltsiz","8":"pa_tur-kitap","9":"pa_yayinevi-herdem-kitap","10":"pa_yazar-serkan-arslan","12":"first","13":"instock","14":"sale","15":"shipping-taxable","16":"purchasable","17":"product-type-simple"},"_links":{"self":[{"href":"https:\/\/roveyayinevi.com.tr\/index.php\/wp-json\/wp\/v2\/product\/750113","targetHints":{"allow":["GET"]}}],"collection":[{"href":"https:\/\/roveyayinevi.com.tr\/index.php\/wp-json\/wp\/v2\/product"}],"about":[{"href":"https:\/\/roveyayinevi.com.tr\/index.php\/wp-json\/wp\/v2\/types\/product"}],"wp:attachment":[{"href":"https:\/\/roveyayinevi.com.tr\/index.php\/wp-json\/wp\/v2\/media?parent=750113"}],"wp:term":[{"taxonomy":"product_brand","embeddable":true,"href":"https:\/\/roveyayinevi.com.tr\/index.php\/wp-json\/wp\/v2\/product_brand?post=750113"},{"taxonomy":"product_cat","embeddable":true,"href":"https:\/\/roveyayinevi.com.tr\/index.php\/wp-json\/wp\/v2\/product_cat?post=750113"},{"taxonomy":"product_tag","embeddable":true,"href":"https:\/\/roveyayinevi.com.tr\/index.php\/wp-json\/wp\/v2\/product_tag?post=750113"}],"curies":[{"name":"wp","href":"https:\/\/api.w.org\/{rel}","templated":true}]}}