{"id":750111,"date":"2025-08-28T04:12:25","date_gmt":"2025-08-28T01:12:25","guid":{"rendered":"https:\/\/roveyayinevi.com.tr\/index.php\/urun\/ilkokulda-yabanci-dil-ogretimi-2\/"},"modified":"2026-04-16T03:03:33","modified_gmt":"2026-04-16T00:03:33","slug":"ilkokulda-yabanci-dil-ogretimi-2","status":"publish","type":"product","link":"https:\/\/roveyayinevi.com.tr\/index.php\/urun\/ilkokulda-yabanci-dil-ogretimi-2\/","title":{"rendered":"\u0130lkokulda Yabanc\u0131 Dil \u00d6\u011fretimi"},"content":{"rendered":"<p>2013-14 e\u011fitim-\u00f6\u011fretim y\u0131l\u0131ndan bug\u00fcne de\u011fin \u00fclkemizdeki ilkokullarda iki, \u00fc\u00e7 ve d\u00f6rd\u00fcnc\u00fc s\u0131n\u0131flarda y\u00fcr\u00fct\u00fclen yabanc\u0131 dil dersi, \u00e7ocuklar\u0131n ileriki y\u0131llarda yaln\u0131z birinci yabanc\u0131 dil \u00f6\u011frenmelerinde de\u011fil, ikinci ve sonraki yabanc\u0131 dilleri \u00f6\u011frenmelerinde de ya\u015famsal \u00f6neme sahiptir.\u00c7ocuklara yabanc\u0131 dil \u00f6\u011fretiminin esaslar\u0131na uygun hareket edilmeden tasarlanan yabanc\u0131 dil dersleri, ileride onar\u0131lamaz olumsuz tutum geli\u015ftirmeye ve ba\u015far\u0131s\u0131zl\u0131\u011fa yol a\u00e7abilir. B\u00f6ylesi sorunlar\u0131n ya\u015fanmamas\u0131 i\u00e7in gerek bu dersleri y\u00fcr\u00fctecek yabanc\u0131 dil \u00f6\u011fretmenlerinin gerekse e\u015fg\u00fcd\u00fcm\u00fc sa\u011flayacak olan s\u0131n\u0131f \u00f6\u011fretmenlerinin, ilkokul d\u00fczeyindeki \u00e7ocuklara yabanc\u0131 dil \u00f6\u011fretimi alan\u0131ndaki \u00e7a\u011fda\u015f yakla\u015f\u0131mlar konusunda ileri d\u00fczeyde donan\u0131ml\u0131 olmalar\u0131 gerekmektedir.Bu bilgiler \u0131\u015f\u0131\u011f\u0131nda eldeki \u00e7al\u0131\u015fman\u0131n temel hedefinin, ilkokullarda g\u00f6rev yapan yabanc\u0131 dil ve s\u0131n\u0131f \u00f6\u011fretmenleri ile \u00f6\u011fretmen adaylar\u0131n\u0131n yararlanabilecekleri, ilkokulda yabanc\u0131 dil \u00f6\u011fretimi alan\u0131nda T\u00fcrk\u00e7e yaz\u0131lm\u0131\u015f bir ba\u015fvuru kayna\u011f\u0131 olu\u015fturmak oldu\u011fu s\u00f6ylenilebilir<\/p>\n","protected":false},"excerpt":{"rendered":"<p>2013-14 e\u011fitim-\u00f6\u011fretim y\u0131l\u0131ndan bug\u00fcne de\u011fin \u00fclkemizdeki ilkokullarda iki, \u00fc\u00e7 ve d\u00f6rd\u00fcnc\u00fc s\u0131n\u0131flarda y\u00fcr\u00fct\u00fclen yabanc\u0131 dil dersi, \u00e7ocuklar\u0131n ileriki y\u0131llarda yaln\u0131z birinci yabanc\u0131 dil \u00f6\u011frenmelerinde de\u011fil, ikinci<span class=\"excerpt-hellip\"> [\u2026]<\/span><\/p>\n","protected":false},"featured_media":0,"template":"","meta":{"_monsterinsights_skip_tracking":false,"_monsterinsights_sitenote_active":false,"_monsterinsights_sitenote_note":"","_monsterinsights_sitenote_category":0},"product_brand":[],"product_cat":[12573,12566],"product_tag":[],"class_list":{"0":"post-750111","1":"product","2":"type-product","3":"status-publish","5":"product_cat-akademik-kitaplar","6":"product_cat-egitim","7":"pa_cilt-ciltsiz","8":"pa_tur-kitap","9":"pa_yayinevi-ani-yayincilik","10":"pa_yazar-orhan-hanbay","12":"first","13":"instock","14":"sale","15":"shipping-taxable","16":"purchasable","17":"product-type-simple"},"_links":{"self":[{"href":"https:\/\/roveyayinevi.com.tr\/index.php\/wp-json\/wp\/v2\/product\/750111","targetHints":{"allow":["GET"]}}],"collection":[{"href":"https:\/\/roveyayinevi.com.tr\/index.php\/wp-json\/wp\/v2\/product"}],"about":[{"href":"https:\/\/roveyayinevi.com.tr\/index.php\/wp-json\/wp\/v2\/types\/product"}],"wp:attachment":[{"href":"https:\/\/roveyayinevi.com.tr\/index.php\/wp-json\/wp\/v2\/media?parent=750111"}],"wp:term":[{"taxonomy":"product_brand","embeddable":true,"href":"https:\/\/roveyayinevi.com.tr\/index.php\/wp-json\/wp\/v2\/product_brand?post=750111"},{"taxonomy":"product_cat","embeddable":true,"href":"https:\/\/roveyayinevi.com.tr\/index.php\/wp-json\/wp\/v2\/product_cat?post=750111"},{"taxonomy":"product_tag","embeddable":true,"href":"https:\/\/roveyayinevi.com.tr\/index.php\/wp-json\/wp\/v2\/product_tag?post=750111"}],"curies":[{"name":"wp","href":"https:\/\/api.w.org\/{rel}","templated":true}]}}