{"id":750108,"date":"2025-08-28T04:12:20","date_gmt":"2025-08-28T01:12:20","guid":{"rendered":"https:\/\/roveyayinevi.com.tr\/index.php\/urun\/fen-ogretim-programlari\/"},"modified":"2026-04-16T03:03:33","modified_gmt":"2026-04-16T00:03:33","slug":"fen-ogretim-programlari","status":"publish","type":"product","link":"https:\/\/roveyayinevi.com.tr\/index.php\/urun\/fen-ogretim-programlari\/","title":{"rendered":"Fen \u00d6\u011fretim Programlar\u0131"},"content":{"rendered":"<p>Program geli\u015ftirme dinamik bir s\u00fcre\u00e7tir. Toplumun de\u011fi\u015fen gereksinimlerini kar\u015f\u0131lamak amac\u0131yla \u00f6\u011fretim programlar\u0131 s\u00fcrekli geli\u015fim ve de\u011fi\u015fim g\u00f6stermektedir. \u00d6\u011fretmen yeti\u015ftiren kurumlar\u0131n e\u011fitim programlar\u0131 da benzer bi\u00e7imde de\u011fi\u015fime u\u011framaktad\u0131r. 2019 y\u0131l\u0131 itibariyle e\u011fitim fak\u00fcltelerinde uygulanmaya ba\u015flanan ders programlar\u0131nda Fen \u00d6\u011fretim Programlar\u0131 dersi yer almaktad\u0131r. Bu kitab\u0131n yaz\u0131m\u0131nda bu dersin i\u00e7eri\u011fine hizmet etme gerek\u00e7esi ile yola \u00e7\u0131k\u0131lm\u0131\u015ft\u0131r.Kitap 3-8. s\u0131n\u0131flarda \u00f6\u011fretmenlik yapacak \u00f6\u011fretmen adaylar\u0131na ve \u00f6\u011fretmenlerine fen bilimleri programlar\u0131 konusunda \u0131\u015f\u0131k tutmay\u0131 ama\u00e7lamaktad\u0131r. Kitap; e\u011fitim ve program geli\u015ftirme ile ilgili temel kavram ve s\u00fcre\u00e7ler, fen bilimleri programlar\u0131n\u0131n tarihsel s\u00fcre\u00e7 i\u00e7indeki geli\u015fimleri, programda yer verilen beceri, yetkinlikler, de\u011ferlerin \u00f6\u011fretimi, fen \u00f6\u011fretiminde \u00f6\u011frenme-\u00f6\u011fretme s\u00fcre\u00e7leri, \u00f6rnek etkinlikler, uluslararas\u0131 s\u0131navlar ve fen \u00f6\u011fretimi, \u00f6\u011fretmen yeterlilikleri ve \u00f6zel e\u011fitim gereksinimi olan \u00f6\u011frencilere fen \u00f6\u011fretimi gibi ba\u015fl\u0131klardan olu\u015fmaktad\u0131r. \u00d6\u011fretmen yeti\u015ftirme s\u00fcrecinin ba\u015far\u0131ya ula\u015fmas\u0131n\u0131n temelinde planlanan derslerin etkin bir bi\u00e7imde uygulanmas\u0131 ve \u00f6\u011fretmen adaylar\u0131n\u0131n nitelikli bir e\u011fitim almas\u0131 yatmaktad\u0131r. Bu nedenle \u00f6\u011fretmen adaylar\u0131n\u0131n donan\u0131ml\u0131 olarak yeti\u015fmesi de bu ba\u011flamda b\u00fcy\u00fck \u00f6nem ta\u015f\u0131maktad\u0131r. Kitab\u0131m\u0131z\u0131n bu y\u00f6n\u00fcyle fen bilimleri \u00f6\u011fretmenlerinin yeti\u015ftirilmesine katk\u0131 sa\u011flayaca\u011f\u0131n\u0131 umut etmekteyiz. \u00d6\u011fretmen adaylar\u0131n\u0131n niteli\u011fini art\u0131rmak ad\u0131na kitapta sadece teorik bilgilere de\u011fil ayn\u0131 zamanda uygulamalara da ilgili b\u00f6l\u00fcmlerde yer verilmi\u015ftir. B\u00f6l\u00fcm yazarlar\u0131m\u0131z geni\u015f bir alanyaz\u0131n taramas\u0131 ile g\u00fcncel geli\u015fmeleri sizlere sunmay\u0131 ama\u00e7lam\u0131\u015ft\u0131r.<\/p>\n","protected":false},"excerpt":{"rendered":"<p>Program geli\u015ftirme dinamik bir s\u00fcre\u00e7tir. Toplumun de\u011fi\u015fen gereksinimlerini kar\u015f\u0131lamak amac\u0131yla \u00f6\u011fretim programlar\u0131 s\u00fcrekli geli\u015fim ve de\u011fi\u015fim g\u00f6stermektedir. \u00d6\u011fretmen yeti\u015ftiren kurumlar\u0131n e\u011fitim programlar\u0131 da benzer bi\u00e7imde de\u011fi\u015fime<span class=\"excerpt-hellip\"> [\u2026]<\/span><\/p>\n","protected":false},"featured_media":0,"template":"","meta":{"_monsterinsights_skip_tracking":false,"_monsterinsights_sitenote_active":false,"_monsterinsights_sitenote_note":"","_monsterinsights_sitenote_category":0},"product_brand":[],"product_cat":[13005],"product_tag":[],"class_list":{"0":"post-750108","1":"product","2":"type-product","3":"status-publish","5":"product_cat-bilim-muhendislik","6":"pa_cilt-ciltsiz","7":"pa_tur-kitap","8":"pa_yayinevi-ani-yayincilik","9":"pa_yazar-burcu-anilan-didem-inel-ekici-ersin-karademir","11":"first","12":"instock","13":"sale","14":"shipping-taxable","15":"purchasable","16":"product-type-simple"},"_links":{"self":[{"href":"https:\/\/roveyayinevi.com.tr\/index.php\/wp-json\/wp\/v2\/product\/750108","targetHints":{"allow":["GET"]}}],"collection":[{"href":"https:\/\/roveyayinevi.com.tr\/index.php\/wp-json\/wp\/v2\/product"}],"about":[{"href":"https:\/\/roveyayinevi.com.tr\/index.php\/wp-json\/wp\/v2\/types\/product"}],"wp:attachment":[{"href":"https:\/\/roveyayinevi.com.tr\/index.php\/wp-json\/wp\/v2\/media?parent=750108"}],"wp:term":[{"taxonomy":"product_brand","embeddable":true,"href":"https:\/\/roveyayinevi.com.tr\/index.php\/wp-json\/wp\/v2\/product_brand?post=750108"},{"taxonomy":"product_cat","embeddable":true,"href":"https:\/\/roveyayinevi.com.tr\/index.php\/wp-json\/wp\/v2\/product_cat?post=750108"},{"taxonomy":"product_tag","embeddable":true,"href":"https:\/\/roveyayinevi.com.tr\/index.php\/wp-json\/wp\/v2\/product_tag?post=750108"}],"curies":[{"name":"wp","href":"https:\/\/api.w.org\/{rel}","templated":true}]}}