{"id":750107,"date":"2025-08-28T04:12:18","date_gmt":"2025-08-28T01:12:18","guid":{"rendered":"https:\/\/roveyayinevi.com.tr\/index.php\/urun\/donusum-zehirli-kalem-oykuleri\/"},"modified":"2026-04-16T03:03:33","modified_gmt":"2026-04-16T00:03:33","slug":"donusum-zehirli-kalem-oykuleri","status":"publish","type":"product","link":"https:\/\/roveyayinevi.com.tr\/index.php\/urun\/donusum-zehirli-kalem-oykuleri\/","title":{"rendered":"D\u00f6n\u00fc\u015f\u00fcm -Zehirli Kalem \u00d6yk\u00fcleri"},"content":{"rendered":"<p>Dedektif Dergi, polisiye \u00f6yk\u00fc yaz\u0131lmas\u0131n\u0131 te\u015fvik etmek, edebiyat\u0131m\u0131za nitelikli polisiye \u00f6yk\u00fcler kazand\u0131rmak amac\u0131yla, her y\u0131l \u2018Zehirli Kalem Polisiye \u00d6yk\u00fc \u00d6d\u00fcl\u00fc\u2019 ad\u0131 alt\u0131nda bir yar\u0131\u015fma d\u00fczenlemekte ve birinci gelen esere Zehirli Kalem \u00d6d\u00fcl\u00fc vermektedir. Bu kitapta 2022 y\u0131l\u0131nda d\u00fczenlenen 3. Zehirli Kalem Polisiye \u00d6yk\u00fc Yar\u0131\u015fmas\u0131\u2019nda dereceye giren on yedi polisiye \u00f6yk\u00fc yer al\u0131yor. Gelece\u011fin polisiye yazarlar\u0131n\u0131 okumak ve tan\u0131mak i\u00e7in e\u015fsiz bir f\u0131rsat&#8230;<\/p>\n","protected":false},"excerpt":{"rendered":"<p>Dedektif Dergi, polisiye \u00f6yk\u00fc yaz\u0131lmas\u0131n\u0131 te\u015fvik etmek, edebiyat\u0131m\u0131za nitelikli polisiye \u00f6yk\u00fcler kazand\u0131rmak amac\u0131yla, her y\u0131l \u2018Zehirli Kalem Polisiye \u00d6yk\u00fc \u00d6d\u00fcl\u00fc\u2019 ad\u0131 alt\u0131nda bir yar\u0131\u015fma d\u00fczenlemekte ve<span class=\"excerpt-hellip\"> [\u2026]<\/span><\/p>\n","protected":false},"featured_media":0,"template":"","meta":{"_monsterinsights_skip_tracking":false,"_monsterinsights_sitenote_active":false,"_monsterinsights_sitenote_note":"","_monsterinsights_sitenote_category":0},"product_brand":[],"product_cat":[12291,15445],"product_tag":[],"class_list":{"0":"post-750107","1":"product","2":"type-product","3":"status-publish","5":"product_cat-edebiyat","6":"product_cat-polisiye","7":"pa_cilt-ciltsiz","8":"pa_tur-kitap","9":"pa_yayinevi-herdem-kitap","10":"pa_yazar-kolektif","12":"first","13":"instock","14":"sale","15":"shipping-taxable","16":"purchasable","17":"product-type-simple"},"_links":{"self":[{"href":"https:\/\/roveyayinevi.com.tr\/index.php\/wp-json\/wp\/v2\/product\/750107","targetHints":{"allow":["GET"]}}],"collection":[{"href":"https:\/\/roveyayinevi.com.tr\/index.php\/wp-json\/wp\/v2\/product"}],"about":[{"href":"https:\/\/roveyayinevi.com.tr\/index.php\/wp-json\/wp\/v2\/types\/product"}],"wp:attachment":[{"href":"https:\/\/roveyayinevi.com.tr\/index.php\/wp-json\/wp\/v2\/media?parent=750107"}],"wp:term":[{"taxonomy":"product_brand","embeddable":true,"href":"https:\/\/roveyayinevi.com.tr\/index.php\/wp-json\/wp\/v2\/product_brand?post=750107"},{"taxonomy":"product_cat","embeddable":true,"href":"https:\/\/roveyayinevi.com.tr\/index.php\/wp-json\/wp\/v2\/product_cat?post=750107"},{"taxonomy":"product_tag","embeddable":true,"href":"https:\/\/roveyayinevi.com.tr\/index.php\/wp-json\/wp\/v2\/product_tag?post=750107"}],"curies":[{"name":"wp","href":"https:\/\/api.w.org\/{rel}","templated":true}]}}